{"id":61729,"date":"2022-01-08T09:59:17","date_gmt":"2022-01-08T09:59:17","guid":{"rendered":"https:\/\/www.mirsa.es\/canaletto-ligne-roset\/"},"modified":"2022-01-08T10:05:03","modified_gmt":"2022-01-08T10:05:03","slug":"canaletto-ligne-roset","status":"publish","type":"page","link":"https:\/\/www.mirsa.es\/ca\/canaletto-ligne-roset\/","title":{"rendered":"Canaletto Ligne Roset"},"content":{"rendered":"<div class=\"wpb-content-wrapper\"><p>[vc_row][vc_column][vc_column_text]<\/p>\n<h5><img decoding=\"async\" class=\"wp-image-1077 size-large aligncenter\" title=\"Canaletto Ligne Roset\" src=\"\/wp-content\/uploads\/2022\/01\/aparador_canaletto_ligne_roset.jpg\" alt=\"Canaletto Ligne Roset\" width=\"100%\" height=\"400\"\/><\/h5>\n<p style=\"font-size: 16px; text-align: left;\"><strong>Canaletto de la reconeguda firma francesa Ligne Roset \u00e9s un elegant i exclusiu aparador amb sistema modular patentat pel prestigi\u00f3s dissenyador itali\u00e0 Mauro Lipparini.<\/strong><\/p>\n<p style=\"font-size: 16px; text-align: left;\">La col\u00b7lecci\u00f3 est\u00e0 disponible amb m\u00f2duls oberts i tancats, i presenta una elegant i equilibrada estructura en fusta massissa de noguera. Les seves l\u00ednies pures i subtils, confereixen a la col\u00b7lecci\u00f3 lleugeresa i harmonia.<\/p>\n<p style=\"font-size: 16px; text-align: left;\">Es tracta d&#8217;una pe\u00e7a que ofereix m\u00faltiples opcions de configuraci\u00f3 i personalitzaci\u00f3, tant en els m\u00f2duls tancats, en les portes batents com en els calaixos.<\/p>\n<p style=\"font-size: 16px; text-align: left;\">Mauro Lipparini aconsegueix amb aquesta col\u00b7lecci\u00f3 una combinaci\u00f3 perfecta entre funcionalitat i disseny, presentant un exclusiu aparador que ofereix solucions funcionals pel dia a dia, mantenint el rigor est\u00e8tic i contemporani que sempre ha caracteritzat a totes les seves col\u00b7leccions.<\/p>\n<p style=\"font-size: 16px; text-align: left;\">A MIRSA interiorisme &#038; mobiliari som distribu\u00efdors oficials Ligne Roset. Per a m\u00e9s informaci\u00f3, visiti el nostre Showroom o contacti amb nosaltres.<\/p>\n<p>[\/vc_column_text][vc_row_inner][vc_column_inner]<style type=\"text\/css\">#bklyn_btn_69d17fa00eca2 .bklyn-btn { color:#ffffff !important; background-color:black !important; }<\/style><div id=\"bklyn_btn_69d17fa00eca2\" class=\"bklyn-btn-holder  bklyn-btn-center bklyn-btn-tablet-center bklyn-btn-mobile-center\"><a title=\"Contacto\"   href=\"\/contacto\" target=\"_self\" class=\"bklyn-btn  bklyn-btn-icon-left bklyn-btn-normal\" ><i class=\"fa fa-envelope\"><\/i><span class=\"ut-btn-text\">M\u00e9s informaci\u00f3<\/span><\/a><\/div>[\/vc_column_inner][\/vc_row_inner][\/vc_column][\/vc_row][vc_section][vc_row][vc_column width=&#8221;1\/2&#8243;]<div  class=\"wpb_content_element   clearfix\"><style type=\"text\/css\">#ut_am_69d17fa00fa84 { opacity: 1; }#ut_am_wrap_69d17fa00fa85 { text-align: left; }@media (min-width: 768px) and (max-width: 1024px) { #ut_am_wrap_69d17fa00fa85 { text-align: left !important; } }@media (max-width: 767px) { #ut_am_wrap_69d17fa00fa85 { text-align: center !important; } }<\/style><div id=\"ut_am_wrap_69d17fa00fa85\" class=\"ut-image-gallery-image \"><div id=\"ut_reveal_69d17fa00fa86\"  data-appear-top-offset=\"auto\" class=\"ut-animated-image-item ut-image-gallery-item ut-animation-done \"><a class=\"ut-deactivated-link\" href=\"#\"><div class=\"ut-animated-image-zoom\">\r\n        <div class=\"ut-element-glitch-wrap\">\r\n\r\n            \r\n        <style type=\"text\/css\">\r\n\r\n                        \r\n        @media (min-width: 1025px) {\r\n\r\n        #ut-element-glitch-69d17fa00faa4965493151-61711 .ut-glitch-single-element {\r\n                                            \r\n                }\r\n        }\r\n\r\n        @media (min-width: 768px) and (max-width: 1024px) {\r\n\r\n        #ut-element-glitch-69d17fa00faa4965493151-61711 .ut-glitch-single-element {\r\n                                                \r\n                    }\r\n        }\r\n\r\n        @media (max-width: 767px) {\r\n\r\n        #ut-element-glitch-69d17fa00faa4965493151-61711 .ut-glitch-single-element {\r\n                                                \r\n                    }\r\n        }\r\n\r\n        \r\n        <\/style>\r\n\r\n        \r\n            <div id=\"ut-element-glitch-69d17fa00faa4965493151-61711\" class=\" ut-element-glitch ut-glitch-none ut-element-glitch-permanent\">\r\n                <div class=\"ut-glitch-single-element ut-lozad skip-lazy\" data-background-image=\"https:\/\/www.mirsa.es\/wp-content\/uploads\/2022\/01\/aparador_canaletto_ligne_roset_01.jpg\"><\/div>\r\n                <div class=\"ut-glitch-single-element ut-lozad skip-lazy\" data-background-image=\"https:\/\/www.mirsa.es\/wp-content\/uploads\/2022\/01\/aparador_canaletto_ligne_roset_01.jpg\"><\/div>\r\n                <div class=\"ut-glitch-single-element ut-lozad skip-lazy\" data-background-image=\"https:\/\/www.mirsa.es\/wp-content\/uploads\/2022\/01\/aparador_canaletto_ligne_roset_01.jpg\"><\/div>\r\n                <div class=\"ut-glitch-single-element ut-lozad skip-lazy\" data-background-image=\"https:\/\/www.mirsa.es\/wp-content\/uploads\/2022\/01\/aparador_canaletto_ligne_roset_01.jpg\"><\/div>\r\n                <div class=\"ut-glitch-single-element ut-lozad skip-lazy\" data-background-image=\"https:\/\/www.mirsa.es\/wp-content\/uploads\/2022\/01\/aparador_canaletto_ligne_roset_01.jpg\"><\/div>\r\n            <\/div>\r\n\r\n        <\/div>\r\n\r\n        <img loading=\"lazy\" decoding=\"async\" class=\"ut-lazy skip-lazy ut-animated-image \"  id=\"ut_am_69d17fa00fa84\" src=\"data:image\/svg+xml;charset=utf-8,%3Csvg xmlns%3D'http%3A%2F%2Fwww.w3.org%2F2000%2Fsvg' viewBox%3D'0 0 600 600'%2F%3E\" data-src=\"https:\/\/www.mirsa.es\/wp-content\/uploads\/2022\/01\/aparador_canaletto_ligne_roset_01.jpg\" width=\"600\" height=\"600\" alt=\"\"\/><\/div><\/a><\/div><\/div><\/div>[\/vc_column][vc_column width=&#8221;1\/2&#8243;]<div  class=\"wpb_content_element   clearfix\"><style type=\"text\/css\">#ut_am_69d17fa010287 { opacity: 1; }#ut_am_wrap_69d17fa010288 { text-align: left; }@media (min-width: 768px) and (max-width: 1024px) { #ut_am_wrap_69d17fa010288 { text-align: left !important; } }@media (max-width: 767px) { #ut_am_wrap_69d17fa010288 { text-align: center !important; } }<\/style><div id=\"ut_am_wrap_69d17fa010288\" class=\"ut-image-gallery-image \"><div id=\"ut_reveal_69d17fa010289\"  data-appear-top-offset=\"auto\" class=\"ut-animated-image-item ut-image-gallery-item ut-animation-done \"><a class=\"ut-deactivated-link\" href=\"#\"><div class=\"ut-animated-image-zoom\">\r\n        <div class=\"ut-element-glitch-wrap\">\r\n\r\n            \r\n        <style type=\"text\/css\">\r\n\r\n                        \r\n        @media (min-width: 1025px) {\r\n\r\n        #ut-element-glitch-69d17fa0102a0008555596-61725 .ut-glitch-single-element {\r\n                                            \r\n                }\r\n        }\r\n\r\n        @media (min-width: 768px) and (max-width: 1024px) {\r\n\r\n        #ut-element-glitch-69d17fa0102a0008555596-61725 .ut-glitch-single-element {\r\n                                                \r\n                    }\r\n        }\r\n\r\n        @media (max-width: 767px) {\r\n\r\n        #ut-element-glitch-69d17fa0102a0008555596-61725 .ut-glitch-single-element {\r\n                                                \r\n                    }\r\n        }\r\n\r\n        \r\n        <\/style>\r\n\r\n        \r\n            <div id=\"ut-element-glitch-69d17fa0102a0008555596-61725\" class=\" ut-element-glitch ut-glitch-none ut-element-glitch-permanent\">\r\n                <div class=\"ut-glitch-single-element ut-lozad skip-lazy\" data-background-image=\"https:\/\/www.mirsa.es\/wp-content\/uploads\/2022\/01\/aparador_canaletto_ligne_roset_002.jpg\"><\/div>\r\n                <div class=\"ut-glitch-single-element ut-lozad skip-lazy\" data-background-image=\"https:\/\/www.mirsa.es\/wp-content\/uploads\/2022\/01\/aparador_canaletto_ligne_roset_002.jpg\"><\/div>\r\n                <div class=\"ut-glitch-single-element ut-lozad skip-lazy\" data-background-image=\"https:\/\/www.mirsa.es\/wp-content\/uploads\/2022\/01\/aparador_canaletto_ligne_roset_002.jpg\"><\/div>\r\n                <div class=\"ut-glitch-single-element ut-lozad skip-lazy\" data-background-image=\"https:\/\/www.mirsa.es\/wp-content\/uploads\/2022\/01\/aparador_canaletto_ligne_roset_002.jpg\"><\/div>\r\n                <div class=\"ut-glitch-single-element ut-lozad skip-lazy\" data-background-image=\"https:\/\/www.mirsa.es\/wp-content\/uploads\/2022\/01\/aparador_canaletto_ligne_roset_002.jpg\"><\/div>\r\n            <\/div>\r\n\r\n        <\/div>\r\n\r\n        <img loading=\"lazy\" decoding=\"async\" class=\"ut-lazy skip-lazy ut-animated-image \"  id=\"ut_am_69d17fa010287\" src=\"data:image\/svg+xml;charset=utf-8,%3Csvg xmlns%3D'http%3A%2F%2Fwww.w3.org%2F2000%2Fsvg' viewBox%3D'0 0 600 600'%2F%3E\" data-src=\"https:\/\/www.mirsa.es\/wp-content\/uploads\/2022\/01\/aparador_canaletto_ligne_roset_002.jpg\" width=\"600\" height=\"600\" alt=\"\"\/><\/div><\/a><\/div><\/div><\/div>[\/vc_column][\/vc_row][\/vc_section]<\/p>\n<\/div>","protected":false},"excerpt":{"rendered":"<p>[vc_row][vc_column][vc_column_text] Canaletto de la reconeguda firma francesa Ligne Roset \u00e9s un elegant i exclusiu aparador amb sistema modular patentat pel prestigi\u00f3s dissenyador itali\u00e0 Mauro Lipparini. La col\u00b7lecci\u00f3 est\u00e0 disponible amb m\u00f2duls oberts i tancats, i presenta una elegant i equilibrada estructura en fusta massissa de noguera. Les seves l\u00ednies pures i subtils, confereixen a la [&hellip;]<\/p>\n","protected":false},"author":1,"featured_media":0,"parent":0,"menu_order":0,"comment_status":"closed","ping_status":"closed","template":"","meta":{"footnotes":""},"class_list":["post-61729","page","type-page","status-publish","hentry"],"aioseo_notices":[],"_links":{"self":[{"href":"https:\/\/www.mirsa.es\/ca\/wp-json\/wp\/v2\/pages\/61729","targetHints":{"allow":["GET"]}}],"collection":[{"href":"https:\/\/www.mirsa.es\/ca\/wp-json\/wp\/v2\/pages"}],"about":[{"href":"https:\/\/www.mirsa.es\/ca\/wp-json\/wp\/v2\/types\/page"}],"author":[{"embeddable":true,"href":"https:\/\/www.mirsa.es\/ca\/wp-json\/wp\/v2\/users\/1"}],"replies":[{"embeddable":true,"href":"https:\/\/www.mirsa.es\/ca\/wp-json\/wp\/v2\/comments?post=61729"}],"version-history":[{"count":0,"href":"https:\/\/www.mirsa.es\/ca\/wp-json\/wp\/v2\/pages\/61729\/revisions"}],"wp:attachment":[{"href":"https:\/\/www.mirsa.es\/ca\/wp-json\/wp\/v2\/media?parent=61729"}],"curies":[{"name":"wp","href":"https:\/\/api.w.org\/{rel}","templated":true}]}}