{"id":61566,"date":"2021-12-31T15:39:32","date_gmt":"2021-12-31T15:39:32","guid":{"rendered":"https:\/\/www.mirsa.es\/?page_id=61566"},"modified":"2021-12-31T15:50:46","modified_gmt":"2021-12-31T15:50:46","slug":"jolie-ligne-roset","status":"publish","type":"page","link":"https:\/\/www.mirsa.es\/ca\/jolie-ligne-roset\/","title":{"rendered":"Jolie Ligne Roset"},"content":{"rendered":"<div class=\"wpb-content-wrapper\"><p>[vc_row][vc_column][vc_column_text]<\/p>\n<h5><img decoding=\"async\" class=\"wp-image-1077 size-large aligncenter\" title=\"Jolie Ligne Roset\" src=\"\/wp-content\/uploads\/2021\/12\/silla_jolie_ligne_roset.jpg\" alt=\"Jolie Ligne Roset\" width=\"100%\" height=\"400\"\/><\/h5>\n<p style=\"font-size: 16px; text-align: left;\"><strong>Jolie de la reconeguda firma francesa Ligne Roset \u00e9s una exclusiva i elegant cadira d&#8217;estil contemporani patentada pels prestigiosos dissenyadors italians Claudio Dondoli &#038; Marco Pocci.<\/strong><\/p>\n<p style=\"font-size: 16px; text-align: left;\">Es tracta d&#8217;una cadira de l\u00ednies pures i equilibrades, que presenta una estructura en hacer lacat Epoxy brillant i que, gr\u00e0cies a la seva al\u00e7ada regulable, garanteix el m\u00e0xim confort.<\/p>\n<p style=\"font-size: 16px; text-align: left;\">L&#8217;al\u00e7ada m\u00e0xima del seient \u00e9s de 80cm, mentre que l&#8217;al\u00e7ada total del conjunt \u00e9s de 104,5cm. Com la majoria de les col\u00b7leccions Ligne Roset, Jolie est\u00e0 disponible en una \u00e0mplia gamma d&#8217;acabats.<\/p>\n<p style=\"font-size: 16px; text-align: left;\">A MIRSA interiorisme &#038; mobiliari disposem d&#8217;una extensa col\u00b7lecci\u00f3 de productes Ligne Roset. Per a m\u00e9s informaci\u00f3, visiti el nostre Showroom o contacti amb nosaltres.<\/p>\n<p>[\/vc_column_text][vc_row_inner][vc_column_inner]<style type=\"text\/css\">#bklyn_btn_69f291abc29f2 .bklyn-btn { color:#ffffff !important; background-color:black !important; }<\/style><div id=\"bklyn_btn_69f291abc29f2\" class=\"bklyn-btn-holder  bklyn-btn-center bklyn-btn-tablet-center bklyn-btn-mobile-center\"><a title=\"Contacto\"   href=\"\/contacto\" target=\"_self\" class=\"bklyn-btn  bklyn-btn-icon-left bklyn-btn-normal\" ><i class=\"fa fa-envelope\"><\/i><span class=\"ut-btn-text\">M\u00e9s informaci\u00f3<\/span><\/a><\/div>[\/vc_column_inner][\/vc_row_inner][\/vc_column][\/vc_row]<\/p>\n<\/div>","protected":false},"excerpt":{"rendered":"<p>[vc_row][vc_column][vc_column_text] Jolie de la reconeguda firma francesa Ligne Roset \u00e9s una exclusiva i elegant cadira d&#8217;estil contemporani patentada pels prestigiosos dissenyadors italians Claudio Dondoli &#038; Marco Pocci. Es tracta d&#8217;una cadira de l\u00ednies pures i equilibrades, que presenta una estructura en hacer lacat Epoxy brillant i que, gr\u00e0cies a la seva al\u00e7ada regulable, garanteix el [&hellip;]<\/p>\n","protected":false},"author":1,"featured_media":0,"parent":0,"menu_order":0,"comment_status":"closed","ping_status":"closed","template":"","meta":{"footnotes":""},"class_list":["post-61566","page","type-page","status-publish","hentry"],"aioseo_notices":[],"_links":{"self":[{"href":"https:\/\/www.mirsa.es\/ca\/wp-json\/wp\/v2\/pages\/61566","targetHints":{"allow":["GET"]}}],"collection":[{"href":"https:\/\/www.mirsa.es\/ca\/wp-json\/wp\/v2\/pages"}],"about":[{"href":"https:\/\/www.mirsa.es\/ca\/wp-json\/wp\/v2\/types\/page"}],"author":[{"embeddable":true,"href":"https:\/\/www.mirsa.es\/ca\/wp-json\/wp\/v2\/users\/1"}],"replies":[{"embeddable":true,"href":"https:\/\/www.mirsa.es\/ca\/wp-json\/wp\/v2\/comments?post=61566"}],"version-history":[{"count":0,"href":"https:\/\/www.mirsa.es\/ca\/wp-json\/wp\/v2\/pages\/61566\/revisions"}],"wp:attachment":[{"href":"https:\/\/www.mirsa.es\/ca\/wp-json\/wp\/v2\/media?parent=61566"}],"curies":[{"name":"wp","href":"https:\/\/api.w.org\/{rel}","templated":true}]}}