{"id":61542,"date":"2021-12-31T10:19:11","date_gmt":"2021-12-31T10:19:11","guid":{"rendered":"https:\/\/www.mirsa.es\/silla-curule-ligne-roset\/"},"modified":"2021-12-31T10:28:26","modified_gmt":"2021-12-31T10:28:26","slug":"silla-curule-ligne-roset","status":"publish","type":"page","link":"https:\/\/www.mirsa.es\/ca\/silla-curule-ligne-roset\/","title":{"rendered":"Cadira Curule Ligne Roset"},"content":{"rendered":"<div class=\"wpb-content-wrapper\"><p>[vc_row][vc_column][vc_column_text]<\/p>\n<h5><img decoding=\"async\" class=\"wp-image-1077 size-large aligncenter\" title=\"Cadira Curule Ligne Roset\" src=\"\/wp-content\/uploads\/2021\/12\/silla_curule_ligne_roset.jpg\" alt=\"Cadira Curule Ligne Roset\" width=\"100%\" height=\"400\"\/><\/h5>\n<p style=\"font-size: 16px; text-align: left;\"><strong>Curule de la reconeguda firma francesa Ligne Roset \u00e9s una reedici\u00f3 de la m\u00edtica cadira creada a principi dels anys 80 pel prestigi\u00f3s dissenyador Pierre Paulin, i que va ser exhibida al museu de les Arts Decoratives de Par\u00eds.<\/strong><\/p>\n<p style=\"font-size: 16px; text-align: left;\">La col\u00b7lecci\u00f3 es caracteritza per la seva estructura en fusta massissa de faig retallada dels seients i els bra\u00e7os, acoblada mitjan\u00e7ant tubs d&#8217;acer. El respatller es presenta en pell tova de vaqueta.<\/p>\n<p style=\"font-size: 16px; text-align: left;\">Es tracta d&#8217;una pe\u00e7a c\u00f2moda i confortable, que est\u00e0 disponible en una \u00e0mplia gamma d&#8217;acabats. La seva estructura plegable la converteix en una cadira vers\u00e0til i polivalent, que optimitza l&#8217;espai i ofereix infinites possibilitats.<\/p>\n<p style=\"font-size: 16px; text-align: left;\">A MIRSA interiorisme &#038; mobiliari disposem d&#8217;una extensa gamma de productes Ligne Roset. Per a m\u00e9s informaci\u00f3n, visiti el nostre Showroom o contacti amb nosaltres.<\/p>\n<p>[\/vc_column_text][vc_row_inner][vc_column_inner]<style type=\"text\/css\">#bklyn_btn_69e8ff8968c4a .bklyn-btn { color:#ffffff !important; background-color:black !important; }<\/style><div id=\"bklyn_btn_69e8ff8968c4a\" class=\"bklyn-btn-holder  bklyn-btn-center bklyn-btn-tablet-center bklyn-btn-mobile-center\"><a title=\"Contacto\"   href=\"\/contacto\" target=\"_self\" class=\"bklyn-btn  bklyn-btn-icon-left bklyn-btn-normal\" ><i class=\"fa fa-envelope\"><\/i><span class=\"ut-btn-text\">M\u00e9s informaci\u00f3<\/span><\/a><\/div>[\/vc_column_inner][\/vc_row_inner][\/vc_column][\/vc_row][vc_section][vc_row][vc_column width=&#8221;1\/2&#8243;]<div  class=\"wpb_content_element   clearfix\"><style type=\"text\/css\">#ut_am_69e8ff8969025 { opacity: 1; }#ut_am_wrap_69e8ff8969026 { text-align: left; }@media (min-width: 768px) and (max-width: 1024px) { #ut_am_wrap_69e8ff8969026 { text-align: left !important; } }@media (max-width: 767px) { #ut_am_wrap_69e8ff8969026 { text-align: center !important; } }<\/style><div id=\"ut_am_wrap_69e8ff8969026\" class=\"ut-image-gallery-image \"><div id=\"ut_reveal_69e8ff8969027\"  data-appear-top-offset=\"auto\" class=\"ut-animated-image-item ut-image-gallery-item ut-animation-done \"><a class=\"ut-deactivated-link\" href=\"#\"><div class=\"ut-animated-image-zoom\">\r\n        <div class=\"ut-element-glitch-wrap\">\r\n\r\n            \r\n        <style type=\"text\/css\">\r\n\r\n                        \r\n        @media (min-width: 1025px) {\r\n\r\n        #ut-element-glitch-69e8ff8969047849533204-61534 .ut-glitch-single-element {\r\n                                            \r\n                }\r\n        }\r\n\r\n        @media (min-width: 768px) and (max-width: 1024px) {\r\n\r\n        #ut-element-glitch-69e8ff8969047849533204-61534 .ut-glitch-single-element {\r\n                                                \r\n                    }\r\n        }\r\n\r\n        @media (max-width: 767px) {\r\n\r\n        #ut-element-glitch-69e8ff8969047849533204-61534 .ut-glitch-single-element {\r\n                                                \r\n                    }\r\n        }\r\n\r\n        \r\n        <\/style>\r\n\r\n        \r\n            <div id=\"ut-element-glitch-69e8ff8969047849533204-61534\" class=\" ut-element-glitch ut-glitch-none ut-element-glitch-permanent\">\r\n                <div class=\"ut-glitch-single-element ut-lozad skip-lazy\" data-background-image=\"https:\/\/www.mirsa.es\/wp-content\/uploads\/2021\/12\/silla_curule_ligne_roset_01.jpg\"><\/div>\r\n                <div class=\"ut-glitch-single-element ut-lozad skip-lazy\" data-background-image=\"https:\/\/www.mirsa.es\/wp-content\/uploads\/2021\/12\/silla_curule_ligne_roset_01.jpg\"><\/div>\r\n                <div class=\"ut-glitch-single-element ut-lozad skip-lazy\" data-background-image=\"https:\/\/www.mirsa.es\/wp-content\/uploads\/2021\/12\/silla_curule_ligne_roset_01.jpg\"><\/div>\r\n                <div class=\"ut-glitch-single-element ut-lozad skip-lazy\" data-background-image=\"https:\/\/www.mirsa.es\/wp-content\/uploads\/2021\/12\/silla_curule_ligne_roset_01.jpg\"><\/div>\r\n                <div class=\"ut-glitch-single-element ut-lozad skip-lazy\" data-background-image=\"https:\/\/www.mirsa.es\/wp-content\/uploads\/2021\/12\/silla_curule_ligne_roset_01.jpg\"><\/div>\r\n            <\/div>\r\n\r\n        <\/div>\r\n\r\n        <img loading=\"lazy\" decoding=\"async\" class=\"ut-lazy skip-lazy ut-animated-image \"  id=\"ut_am_69e8ff8969025\" src=\"data:image\/svg+xml;charset=utf-8,%3Csvg xmlns%3D'http%3A%2F%2Fwww.w3.org%2F2000%2Fsvg' viewBox%3D'0 0 600 324'%2F%3E\" data-src=\"https:\/\/www.mirsa.es\/wp-content\/uploads\/2021\/12\/silla_curule_ligne_roset_01.jpg\" width=\"600\" height=\"324\" alt=\"\"\/><\/div><\/a><\/div><\/div><\/div>[\/vc_column][vc_column width=&#8221;1\/2&#8243;]<div  class=\"wpb_content_element   clearfix\"><style type=\"text\/css\">#ut_am_69e8ff89693a3 { opacity: 1; }#ut_am_wrap_69e8ff89693a4 { text-align: left; }@media (min-width: 768px) and (max-width: 1024px) { #ut_am_wrap_69e8ff89693a4 { text-align: left !important; } }@media (max-width: 767px) { #ut_am_wrap_69e8ff89693a4 { text-align: center !important; } }<\/style><div id=\"ut_am_wrap_69e8ff89693a4\" class=\"ut-image-gallery-image \"><div id=\"ut_reveal_69e8ff89693a5\"  data-appear-top-offset=\"auto\" class=\"ut-animated-image-item ut-image-gallery-item ut-animation-done \"><a class=\"ut-deactivated-link\" href=\"#\"><div class=\"ut-animated-image-zoom\">\r\n        <div class=\"ut-element-glitch-wrap\">\r\n\r\n            \r\n        <style type=\"text\/css\">\r\n\r\n                        \r\n        @media (min-width: 1025px) {\r\n\r\n        #ut-element-glitch-69e8ff89693b9383571305-61537 .ut-glitch-single-element {\r\n                                            \r\n                }\r\n        }\r\n\r\n        @media (min-width: 768px) and (max-width: 1024px) {\r\n\r\n        #ut-element-glitch-69e8ff89693b9383571305-61537 .ut-glitch-single-element {\r\n                                                \r\n                    }\r\n        }\r\n\r\n        @media (max-width: 767px) {\r\n\r\n        #ut-element-glitch-69e8ff89693b9383571305-61537 .ut-glitch-single-element {\r\n                                                \r\n                    }\r\n        }\r\n\r\n        \r\n        <\/style>\r\n\r\n        \r\n            <div id=\"ut-element-glitch-69e8ff89693b9383571305-61537\" class=\" ut-element-glitch ut-glitch-none ut-element-glitch-permanent\">\r\n                <div class=\"ut-glitch-single-element ut-lozad skip-lazy\" data-background-image=\"https:\/\/www.mirsa.es\/wp-content\/uploads\/2021\/12\/silla_curule_ligne_roset_02.jpg\"><\/div>\r\n                <div class=\"ut-glitch-single-element ut-lozad skip-lazy\" data-background-image=\"https:\/\/www.mirsa.es\/wp-content\/uploads\/2021\/12\/silla_curule_ligne_roset_02.jpg\"><\/div>\r\n                <div class=\"ut-glitch-single-element ut-lozad skip-lazy\" data-background-image=\"https:\/\/www.mirsa.es\/wp-content\/uploads\/2021\/12\/silla_curule_ligne_roset_02.jpg\"><\/div>\r\n                <div class=\"ut-glitch-single-element ut-lozad skip-lazy\" data-background-image=\"https:\/\/www.mirsa.es\/wp-content\/uploads\/2021\/12\/silla_curule_ligne_roset_02.jpg\"><\/div>\r\n                <div class=\"ut-glitch-single-element ut-lozad skip-lazy\" data-background-image=\"https:\/\/www.mirsa.es\/wp-content\/uploads\/2021\/12\/silla_curule_ligne_roset_02.jpg\"><\/div>\r\n            <\/div>\r\n\r\n        <\/div>\r\n\r\n        <img loading=\"lazy\" decoding=\"async\" class=\"ut-lazy skip-lazy ut-animated-image \"  id=\"ut_am_69e8ff89693a3\" src=\"data:image\/svg+xml;charset=utf-8,%3Csvg xmlns%3D'http%3A%2F%2Fwww.w3.org%2F2000%2Fsvg' viewBox%3D'0 0 600 324'%2F%3E\" data-src=\"https:\/\/www.mirsa.es\/wp-content\/uploads\/2021\/12\/silla_curule_ligne_roset_02.jpg\" width=\"600\" height=\"324\" alt=\"\"\/><\/div><\/a><\/div><\/div><\/div>[\/vc_column][\/vc_row][\/vc_section]<\/p>\n<\/div>","protected":false},"excerpt":{"rendered":"<p>[vc_row][vc_column][vc_column_text] Curule de la reconeguda firma francesa Ligne Roset \u00e9s una reedici\u00f3 de la m\u00edtica cadira creada a principi dels anys 80 pel prestigi\u00f3s dissenyador Pierre Paulin, i que va ser exhibida al museu de les Arts Decoratives de Par\u00eds. La col\u00b7lecci\u00f3 es caracteritza per la seva estructura en fusta massissa de faig retallada dels [&hellip;]<\/p>\n","protected":false},"author":1,"featured_media":0,"parent":0,"menu_order":0,"comment_status":"closed","ping_status":"closed","template":"","meta":{"footnotes":""},"class_list":["post-61542","page","type-page","status-publish","hentry"],"aioseo_notices":[],"_links":{"self":[{"href":"https:\/\/www.mirsa.es\/ca\/wp-json\/wp\/v2\/pages\/61542","targetHints":{"allow":["GET"]}}],"collection":[{"href":"https:\/\/www.mirsa.es\/ca\/wp-json\/wp\/v2\/pages"}],"about":[{"href":"https:\/\/www.mirsa.es\/ca\/wp-json\/wp\/v2\/types\/page"}],"author":[{"embeddable":true,"href":"https:\/\/www.mirsa.es\/ca\/wp-json\/wp\/v2\/users\/1"}],"replies":[{"embeddable":true,"href":"https:\/\/www.mirsa.es\/ca\/wp-json\/wp\/v2\/comments?post=61542"}],"version-history":[{"count":0,"href":"https:\/\/www.mirsa.es\/ca\/wp-json\/wp\/v2\/pages\/61542\/revisions"}],"wp:attachment":[{"href":"https:\/\/www.mirsa.es\/ca\/wp-json\/wp\/v2\/media?parent=61542"}],"curies":[{"name":"wp","href":"https:\/\/api.w.org\/{rel}","templated":true}]}}