{"id":61468,"date":"2021-12-29T12:04:24","date_gmt":"2021-12-29T12:04:24","guid":{"rendered":"https:\/\/www.mirsa.es\/butaca-bond-arketipo\/"},"modified":"2021-12-29T12:24:14","modified_gmt":"2021-12-29T12:24:14","slug":"butaca-bond-arketipo","status":"publish","type":"page","link":"https:\/\/www.mirsa.es\/ca\/butaca-bond-arketipo\/","title":{"rendered":"Butaca Bond Arketipo"},"content":{"rendered":"<div class=\"wpb-content-wrapper\"><p>[vc_row][vc_column][vc_column_text]<\/p>\n<h5><img decoding=\"async\" class=\"wp-image-1077 size-large aligncenter\" title=\"Butaca Bond Arketipo\" src=\"\/wp-content\/uploads\/2021\/12\/butaca_bond_arketipo.jpg\" alt=\"Butaca Bond Arketipo\" width=\"100%\" height=\"400\"\/><\/h5>\n<p style=\"font-size: 16px; text-align: left;\"><strong>La butaca Bond de la prestigiosa firma italiana Arketipo es caracteriza per l\u2019extrema eleg\u00e0ncia de la seva costura, i per les subtils l\u00ednies curvilinies que formen l\u2019estructura.<br \/><\/strong><\/p>\n<p style=\"font-size: 16px; text-align: left;\">La butaca Bond de la prestigiosa firma italiana Arketipo es caracteriza per l\u2019extrema eleg\u00e0ncia de la seva costura, i per les subtils l\u00ednies curvilinies que formen l\u2019estructura.<\/p>\n<p style=\"font-size: 16px; text-align: left;\">Els volums suaus i lleugerament arrodonits de la pe\u00e7a creen un clima confortable i acollidor, garantint la m\u00e1xima comoditat i potenciant activitats com la lectura o escoltar m\u00fasica.<\/p>\n<p style=\"font-size: 16px; text-align: left;\">L\u2019estructura de la butaca Bond est\u00e1 fabricada en metall, mentre que els entapissats es presenten en poliuret\u00e0 modelat en fred.<\/p>\n<p style=\"font-size: 16px; text-align: left;\">La col\u00b7lecci\u00f3 est\u00e1 disponible en un ampli ventall d\u2019opcions, permetent aix\u00ed m\u00faltiples opcions de configuraci\u00f3 i personalitzaci\u00f3, i adapt\u00e1nt-se amb facilitat a qualsevol mena d\u2019esapi.<\/p>\n<p style=\"font-size: 16px; text-align: left;\">A MIRSA interiorisme &#038; mobiliari som distribu\u00efodrs oficials Arketipo. Per a m\u00e9s informaci\u00f3, visiti el nostre Showroom o contacti amb nosaltres.<\/p>\n<p>[\/vc_column_text][vc_row_inner][vc_column_inner]<style type=\"text\/css\">#bklyn_btn_69d1e6840cc28 .bklyn-btn { color:#ffffff !important; background-color:black !important; }<\/style><div id=\"bklyn_btn_69d1e6840cc28\" class=\"bklyn-btn-holder  bklyn-btn-center bklyn-btn-tablet-center bklyn-btn-mobile-center\"><a title=\"Contacto\"   href=\"\/contacto\" target=\"_self\" class=\"bklyn-btn  bklyn-btn-icon-left bklyn-btn-normal\" ><i class=\"fa fa-envelope\"><\/i><span class=\"ut-btn-text\">M\u00e9s informaci\u00f3<\/span><\/a><\/div>[\/vc_column_inner][\/vc_row_inner][vc_row_inner][vc_column_inner width=&#8221;1\/2&#8243;]<div  class=\"wpb_content_element   clearfix\"><style type=\"text\/css\">#ut_am_69d1e6840d0a8 { opacity: 1; }#ut_am_wrap_69d1e6840d0a9 { text-align: left; }@media (min-width: 768px) and (max-width: 1024px) { #ut_am_wrap_69d1e6840d0a9 { text-align: left !important; } }@media (max-width: 767px) { #ut_am_wrap_69d1e6840d0a9 { text-align: center !important; } }<\/style><div id=\"ut_am_wrap_69d1e6840d0a9\" class=\"ut-image-gallery-image \"><div id=\"ut_reveal_69d1e6840d0aa\"  data-appear-top-offset=\"auto\" class=\"ut-animated-image-item ut-image-gallery-item ut-animation-done \"><a class=\"ut-deactivated-link\" href=\"#\"><div class=\"ut-animated-image-zoom\">\r\n        <div class=\"ut-element-glitch-wrap\">\r\n\r\n            \r\n        <style type=\"text\/css\">\r\n\r\n                        \r\n        @media (min-width: 1025px) {\r\n\r\n        #ut-element-glitch-69d1e6840d0ca973117263-61460 .ut-glitch-single-element {\r\n                                            \r\n                }\r\n        }\r\n\r\n        @media (min-width: 768px) and (max-width: 1024px) {\r\n\r\n        #ut-element-glitch-69d1e6840d0ca973117263-61460 .ut-glitch-single-element {\r\n                                                \r\n                    }\r\n        }\r\n\r\n        @media (max-width: 767px) {\r\n\r\n        #ut-element-glitch-69d1e6840d0ca973117263-61460 .ut-glitch-single-element {\r\n                                                \r\n                    }\r\n        }\r\n\r\n        \r\n        <\/style>\r\n\r\n        \r\n            <div id=\"ut-element-glitch-69d1e6840d0ca973117263-61460\" class=\" ut-element-glitch ut-glitch-none ut-element-glitch-permanent\">\r\n                <div class=\"ut-glitch-single-element ut-lozad skip-lazy\" data-background-image=\"https:\/\/www.mirsa.es\/wp-content\/uploads\/2021\/12\/butaca_bond_arketipo_01.jpg\"><\/div>\r\n                <div class=\"ut-glitch-single-element ut-lozad skip-lazy\" data-background-image=\"https:\/\/www.mirsa.es\/wp-content\/uploads\/2021\/12\/butaca_bond_arketipo_01.jpg\"><\/div>\r\n                <div class=\"ut-glitch-single-element ut-lozad skip-lazy\" data-background-image=\"https:\/\/www.mirsa.es\/wp-content\/uploads\/2021\/12\/butaca_bond_arketipo_01.jpg\"><\/div>\r\n                <div class=\"ut-glitch-single-element ut-lozad skip-lazy\" data-background-image=\"https:\/\/www.mirsa.es\/wp-content\/uploads\/2021\/12\/butaca_bond_arketipo_01.jpg\"><\/div>\r\n                <div class=\"ut-glitch-single-element ut-lozad skip-lazy\" data-background-image=\"https:\/\/www.mirsa.es\/wp-content\/uploads\/2021\/12\/butaca_bond_arketipo_01.jpg\"><\/div>\r\n            <\/div>\r\n\r\n        <\/div>\r\n\r\n        <img loading=\"lazy\" decoding=\"async\" class=\"ut-lazy skip-lazy ut-animated-image \"  id=\"ut_am_69d1e6840d0a8\" src=\"data:image\/svg+xml;charset=utf-8,%3Csvg xmlns%3D'http%3A%2F%2Fwww.w3.org%2F2000%2Fsvg' viewBox%3D'0 0 600 324'%2F%3E\" data-src=\"https:\/\/www.mirsa.es\/wp-content\/uploads\/2021\/12\/butaca_bond_arketipo_01.jpg\" width=\"600\" height=\"324\" alt=\"\"\/><\/div><\/a><\/div><\/div><\/div>[\/vc_column_inner][vc_column_inner width=&#8221;1\/2&#8243;]<div  class=\"wpb_content_element   clearfix\"><style type=\"text\/css\">#ut_am_69d1e6840d470 { opacity: 1; }#ut_am_wrap_69d1e6840d471 { text-align: left; }@media (min-width: 768px) and (max-width: 1024px) { #ut_am_wrap_69d1e6840d471 { text-align: left !important; } }@media (max-width: 767px) { #ut_am_wrap_69d1e6840d471 { text-align: center !important; } }<\/style><div id=\"ut_am_wrap_69d1e6840d471\" class=\"ut-image-gallery-image \"><div id=\"ut_reveal_69d1e6840d472\"  data-appear-top-offset=\"auto\" class=\"ut-animated-image-item ut-image-gallery-item ut-animation-done \"><a class=\"ut-deactivated-link\" href=\"#\"><div class=\"ut-animated-image-zoom\">\r\n        <div class=\"ut-element-glitch-wrap\">\r\n\r\n            \r\n        <style type=\"text\/css\">\r\n\r\n                        \r\n        @media (min-width: 1025px) {\r\n\r\n        #ut-element-glitch-69d1e6840d489640642798-61463 .ut-glitch-single-element {\r\n                                            \r\n                }\r\n        }\r\n\r\n        @media (min-width: 768px) and (max-width: 1024px) {\r\n\r\n        #ut-element-glitch-69d1e6840d489640642798-61463 .ut-glitch-single-element {\r\n                                                \r\n                    }\r\n        }\r\n\r\n        @media (max-width: 767px) {\r\n\r\n        #ut-element-glitch-69d1e6840d489640642798-61463 .ut-glitch-single-element {\r\n                                                \r\n                    }\r\n        }\r\n\r\n        \r\n        <\/style>\r\n\r\n        \r\n            <div id=\"ut-element-glitch-69d1e6840d489640642798-61463\" class=\" ut-element-glitch ut-glitch-none ut-element-glitch-permanent\">\r\n                <div class=\"ut-glitch-single-element ut-lozad skip-lazy\" data-background-image=\"https:\/\/www.mirsa.es\/wp-content\/uploads\/2021\/12\/butaca_bond_arketipo_02.jpg\"><\/div>\r\n                <div class=\"ut-glitch-single-element ut-lozad skip-lazy\" data-background-image=\"https:\/\/www.mirsa.es\/wp-content\/uploads\/2021\/12\/butaca_bond_arketipo_02.jpg\"><\/div>\r\n                <div class=\"ut-glitch-single-element ut-lozad skip-lazy\" data-background-image=\"https:\/\/www.mirsa.es\/wp-content\/uploads\/2021\/12\/butaca_bond_arketipo_02.jpg\"><\/div>\r\n                <div class=\"ut-glitch-single-element ut-lozad skip-lazy\" data-background-image=\"https:\/\/www.mirsa.es\/wp-content\/uploads\/2021\/12\/butaca_bond_arketipo_02.jpg\"><\/div>\r\n                <div class=\"ut-glitch-single-element ut-lozad skip-lazy\" data-background-image=\"https:\/\/www.mirsa.es\/wp-content\/uploads\/2021\/12\/butaca_bond_arketipo_02.jpg\"><\/div>\r\n            <\/div>\r\n\r\n        <\/div>\r\n\r\n        <img loading=\"lazy\" decoding=\"async\" class=\"ut-lazy skip-lazy ut-animated-image \"  id=\"ut_am_69d1e6840d470\" src=\"data:image\/svg+xml;charset=utf-8,%3Csvg xmlns%3D'http%3A%2F%2Fwww.w3.org%2F2000%2Fsvg' viewBox%3D'0 0 600 324'%2F%3E\" data-src=\"https:\/\/www.mirsa.es\/wp-content\/uploads\/2021\/12\/butaca_bond_arketipo_02.jpg\" width=\"600\" height=\"324\" alt=\"\"\/><\/div><\/a><\/div><\/div><\/div>[\/vc_column_inner][\/vc_row_inner][\/vc_column][\/vc_row]<\/p>\n<\/div>","protected":false},"excerpt":{"rendered":"<p>[vc_row][vc_column][vc_column_text] La butaca Bond de la prestigiosa firma italiana Arketipo es caracteriza per l\u2019extrema eleg\u00e0ncia de la seva costura, i per les subtils l\u00ednies curvilinies que formen l\u2019estructura. La butaca Bond de la prestigiosa firma italiana Arketipo es caracteriza per l\u2019extrema eleg\u00e0ncia de la seva costura, i per les subtils l\u00ednies curvilinies que formen l\u2019estructura. [&hellip;]<\/p>\n","protected":false},"author":1,"featured_media":0,"parent":0,"menu_order":0,"comment_status":"closed","ping_status":"closed","template":"","meta":{"footnotes":""},"class_list":["post-61468","page","type-page","status-publish","hentry"],"aioseo_notices":[],"_links":{"self":[{"href":"https:\/\/www.mirsa.es\/ca\/wp-json\/wp\/v2\/pages\/61468","targetHints":{"allow":["GET"]}}],"collection":[{"href":"https:\/\/www.mirsa.es\/ca\/wp-json\/wp\/v2\/pages"}],"about":[{"href":"https:\/\/www.mirsa.es\/ca\/wp-json\/wp\/v2\/types\/page"}],"author":[{"embeddable":true,"href":"https:\/\/www.mirsa.es\/ca\/wp-json\/wp\/v2\/users\/1"}],"replies":[{"embeddable":true,"href":"https:\/\/www.mirsa.es\/ca\/wp-json\/wp\/v2\/comments?post=61468"}],"version-history":[{"count":0,"href":"https:\/\/www.mirsa.es\/ca\/wp-json\/wp\/v2\/pages\/61468\/revisions"}],"wp:attachment":[{"href":"https:\/\/www.mirsa.es\/ca\/wp-json\/wp\/v2\/media?parent=61468"}],"curies":[{"name":"wp","href":"https:\/\/api.w.org\/{rel}","templated":true}]}}