{"id":61436,"date":"2021-12-29T08:54:12","date_gmt":"2021-12-29T08:54:12","guid":{"rendered":"https:\/\/www.mirsa.es\/alando-ligne-roset\/"},"modified":"2021-12-29T09:08:19","modified_gmt":"2021-12-29T09:08:19","slug":"alando-ligne-roset","status":"publish","type":"page","link":"https:\/\/www.mirsa.es\/ca\/alando-ligne-roset\/","title":{"rendered":"Alando Ligne Roset"},"content":{"rendered":"<div class=\"wpb-content-wrapper\"><p>[vc_row][vc_column][vc_column_text]<\/p>\n<h5><img decoding=\"async\" class=\"wp-image-1077 size-large aligncenter\" title=\"Alando Ligne Roset\" src=\"\/wp-content\/uploads\/2021\/12\/alando_ligne_roset_01.jpg\" alt=\"Alando Ligne Roset\" width=\"100%\" height=\"400\"\/><\/h5>\n<p style=\"font-size: 16px; text-align: left;\"><strong>Alando de la reconeguda firma francesa Ligne Roset, \u00e9s una exclusiva i funcional col\u00b7lecci\u00f3 de mobiliari contemporani composta per una taula de despatx i un aparador.<\/strong><\/p>\n<p style=\"font-size: 16px; text-align: left;\">Patentada pel prestigi\u00f3s dissenyador franc\u00e8s Eric Jourdan, la col\u00b7lecci\u00f3 que es caracteritza per les seves l\u00ednies subtils que formen una elegant estructura en fusta de noguera fosca. A l&#8217;aparador, incorpora una estructura tubular met\u00e0l\u00b7lica que s&#8217;eleva per damunt del taulell.<\/p>\n<p style=\"font-size: 16px; text-align: left;\">La taula de despatx destaca per les seves l\u00ednies pures i minimalistes, que s&#8217;inspiren en el mobiliari contemporani dels anys 50. Les potes lacades en blau, donen lloc a una simetria perfecta aportant equilibri i harmonia.<\/p>\n<p style=\"font-size: 16px; text-align: left;\">L&#8217;aparador incorpora tres portes batents d&#8217;angles rectes, mentre que el taulell est\u00e0 format per l\u00ednies m\u00e9s arrodonides, transmetent subtilesa i continu\u00eftat als seus volums.<\/p>\n<p style=\"font-size: 16px; text-align: left;\">La col\u00b7lecci\u00f3 est\u00e0 disponible en un ampli ventall d&#8217;opcions de configuraci\u00f3 i personalitzaci\u00f3, adaptant-se amb facilitat a qualsevol mena d&#8217;espai.<\/p>\n<p style=\"font-size: 16px; text-align: left;\">A MIRSA interiorisme &#038; mobiliari som distribu\u00efdors oficials Ligne Roset. Per a m\u00e9s informaci\u00f3, visiti el nostre Showroom o contacti amb nosaltres.<\/p>\n<p>[\/vc_column_text][vc_row_inner][vc_column_inner]<style type=\"text\/css\">#bklyn_btn_69f3f4e959729 .bklyn-btn { color:#ffffff !important; background-color:black !important; }<\/style><div id=\"bklyn_btn_69f3f4e959729\" class=\"bklyn-btn-holder  bklyn-btn-center bklyn-btn-tablet-center bklyn-btn-mobile-center\"><a title=\"Contacto\"   href=\"\/contacto\" target=\"_self\" class=\"bklyn-btn  bklyn-btn-icon-left bklyn-btn-normal\" ><i class=\"fa fa-envelope\"><\/i><span class=\"ut-btn-text\">M\u00e9s informaci\u00f3<\/span><\/a><\/div>[\/vc_column_inner][\/vc_row_inner][\/vc_column][\/vc_row][vc_section][vc_row][vc_column width=&#8221;1\/2&#8243;]<div  class=\"wpb_content_element   clearfix\"><style type=\"text\/css\">#ut_am_69f3f4e9599db { opacity: 1; }#ut_am_wrap_69f3f4e9599dc { text-align: left; }@media (min-width: 768px) and (max-width: 1024px) { #ut_am_wrap_69f3f4e9599dc { text-align: left !important; } }@media (max-width: 767px) { #ut_am_wrap_69f3f4e9599dc { text-align: center !important; } }<\/style><div id=\"ut_am_wrap_69f3f4e9599dc\" class=\"ut-image-gallery-image \"><div id=\"ut_reveal_69f3f4e9599dd\"  data-appear-top-offset=\"auto\" class=\"ut-animated-image-item ut-image-gallery-item ut-animation-done \"><a class=\"ut-deactivated-link\" href=\"#\"><div class=\"ut-animated-image-zoom\">\r\n        <div class=\"ut-element-glitch-wrap\">\r\n\r\n            \r\n        <style type=\"text\/css\">\r\n\r\n                        \r\n        @media (min-width: 1025px) {\r\n\r\n        #ut-element-glitch-69f3f4e9599fc245490622-61429 .ut-glitch-single-element {\r\n                                            \r\n                }\r\n        }\r\n\r\n        @media (min-width: 768px) and (max-width: 1024px) {\r\n\r\n        #ut-element-glitch-69f3f4e9599fc245490622-61429 .ut-glitch-single-element {\r\n                                                \r\n                    }\r\n        }\r\n\r\n        @media (max-width: 767px) {\r\n\r\n        #ut-element-glitch-69f3f4e9599fc245490622-61429 .ut-glitch-single-element {\r\n                                                \r\n                    }\r\n        }\r\n\r\n        \r\n        <\/style>\r\n\r\n        \r\n            <div id=\"ut-element-glitch-69f3f4e9599fc245490622-61429\" class=\" ut-element-glitch ut-glitch-none ut-element-glitch-permanent\">\r\n                <div class=\"ut-glitch-single-element ut-lozad skip-lazy\" data-background-image=\"https:\/\/www.mirsa.es\/wp-content\/uploads\/2021\/12\/alando_ligne_roset_02.jpg\"><\/div>\r\n                <div class=\"ut-glitch-single-element ut-lozad skip-lazy\" data-background-image=\"https:\/\/www.mirsa.es\/wp-content\/uploads\/2021\/12\/alando_ligne_roset_02.jpg\"><\/div>\r\n                <div class=\"ut-glitch-single-element ut-lozad skip-lazy\" data-background-image=\"https:\/\/www.mirsa.es\/wp-content\/uploads\/2021\/12\/alando_ligne_roset_02.jpg\"><\/div>\r\n                <div class=\"ut-glitch-single-element ut-lozad skip-lazy\" data-background-image=\"https:\/\/www.mirsa.es\/wp-content\/uploads\/2021\/12\/alando_ligne_roset_02.jpg\"><\/div>\r\n                <div class=\"ut-glitch-single-element ut-lozad skip-lazy\" data-background-image=\"https:\/\/www.mirsa.es\/wp-content\/uploads\/2021\/12\/alando_ligne_roset_02.jpg\"><\/div>\r\n            <\/div>\r\n\r\n        <\/div>\r\n\r\n        <img loading=\"lazy\" decoding=\"async\" class=\"ut-lazy skip-lazy ut-animated-image \"  id=\"ut_am_69f3f4e9599db\" src=\"data:image\/svg+xml;charset=utf-8,%3Csvg xmlns%3D'http%3A%2F%2Fwww.w3.org%2F2000%2Fsvg' viewBox%3D'0 0 600 600'%2F%3E\" data-src=\"https:\/\/www.mirsa.es\/wp-content\/uploads\/2021\/12\/alando_ligne_roset_02.jpg\" width=\"600\" height=\"600\" alt=\"\"\/><\/div><\/a><\/div><\/div><\/div>[\/vc_column][vc_column width=&#8221;1\/2&#8243;]<div  class=\"wpb_content_element   clearfix\"><style type=\"text\/css\">#ut_am_69f3f4e959c80 { opacity: 1; }#ut_am_wrap_69f3f4e959c81 { text-align: left; }@media (min-width: 768px) and (max-width: 1024px) { #ut_am_wrap_69f3f4e959c81 { text-align: left !important; } }@media (max-width: 767px) { #ut_am_wrap_69f3f4e959c81 { text-align: center !important; } }<\/style><div id=\"ut_am_wrap_69f3f4e959c81\" class=\"ut-image-gallery-image \"><div id=\"ut_reveal_69f3f4e959c82\"  data-appear-top-offset=\"auto\" class=\"ut-animated-image-item ut-image-gallery-item ut-animation-done \"><a class=\"ut-deactivated-link\" href=\"#\"><div class=\"ut-animated-image-zoom\">\r\n        <div class=\"ut-element-glitch-wrap\">\r\n\r\n            \r\n        <style type=\"text\/css\">\r\n\r\n                        \r\n        @media (min-width: 1025px) {\r\n\r\n        #ut-element-glitch-69f3f4e959c96570461088-61432 .ut-glitch-single-element {\r\n                                            \r\n                }\r\n        }\r\n\r\n        @media (min-width: 768px) and (max-width: 1024px) {\r\n\r\n        #ut-element-glitch-69f3f4e959c96570461088-61432 .ut-glitch-single-element {\r\n                                                \r\n                    }\r\n        }\r\n\r\n        @media (max-width: 767px) {\r\n\r\n        #ut-element-glitch-69f3f4e959c96570461088-61432 .ut-glitch-single-element {\r\n                                                \r\n                    }\r\n        }\r\n\r\n        \r\n        <\/style>\r\n\r\n        \r\n            <div id=\"ut-element-glitch-69f3f4e959c96570461088-61432\" class=\" ut-element-glitch ut-glitch-none ut-element-glitch-permanent\">\r\n                <div class=\"ut-glitch-single-element ut-lozad skip-lazy\" data-background-image=\"https:\/\/www.mirsa.es\/wp-content\/uploads\/2021\/12\/alando_ligne_roset_03.jpg\"><\/div>\r\n                <div class=\"ut-glitch-single-element ut-lozad skip-lazy\" data-background-image=\"https:\/\/www.mirsa.es\/wp-content\/uploads\/2021\/12\/alando_ligne_roset_03.jpg\"><\/div>\r\n                <div class=\"ut-glitch-single-element ut-lozad skip-lazy\" data-background-image=\"https:\/\/www.mirsa.es\/wp-content\/uploads\/2021\/12\/alando_ligne_roset_03.jpg\"><\/div>\r\n                <div class=\"ut-glitch-single-element ut-lozad skip-lazy\" data-background-image=\"https:\/\/www.mirsa.es\/wp-content\/uploads\/2021\/12\/alando_ligne_roset_03.jpg\"><\/div>\r\n                <div class=\"ut-glitch-single-element ut-lozad skip-lazy\" data-background-image=\"https:\/\/www.mirsa.es\/wp-content\/uploads\/2021\/12\/alando_ligne_roset_03.jpg\"><\/div>\r\n            <\/div>\r\n\r\n        <\/div>\r\n\r\n        <img loading=\"lazy\" decoding=\"async\" class=\"ut-lazy skip-lazy ut-animated-image \"  id=\"ut_am_69f3f4e959c80\" src=\"data:image\/svg+xml;charset=utf-8,%3Csvg xmlns%3D'http%3A%2F%2Fwww.w3.org%2F2000%2Fsvg' viewBox%3D'0 0 600 600'%2F%3E\" data-src=\"https:\/\/www.mirsa.es\/wp-content\/uploads\/2021\/12\/alando_ligne_roset_03.jpg\" width=\"600\" height=\"600\" alt=\"\"\/><\/div><\/a><\/div><\/div><\/div>[\/vc_column][\/vc_row][\/vc_section]<\/p>\n<\/div>","protected":false},"excerpt":{"rendered":"<p>[vc_row][vc_column][vc_column_text] Alando de la reconeguda firma francesa Ligne Roset, \u00e9s una exclusiva i funcional col\u00b7lecci\u00f3 de mobiliari contemporani composta per una taula de despatx i un aparador. Patentada pel prestigi\u00f3s dissenyador franc\u00e8s Eric Jourdan, la col\u00b7lecci\u00f3 que es caracteritza per les seves l\u00ednies subtils que formen una elegant estructura en fusta de noguera fosca. A [&hellip;]<\/p>\n","protected":false},"author":1,"featured_media":0,"parent":0,"menu_order":0,"comment_status":"closed","ping_status":"closed","template":"","meta":{"footnotes":""},"class_list":["post-61436","page","type-page","status-publish","hentry"],"aioseo_notices":[],"_links":{"self":[{"href":"https:\/\/www.mirsa.es\/ca\/wp-json\/wp\/v2\/pages\/61436","targetHints":{"allow":["GET"]}}],"collection":[{"href":"https:\/\/www.mirsa.es\/ca\/wp-json\/wp\/v2\/pages"}],"about":[{"href":"https:\/\/www.mirsa.es\/ca\/wp-json\/wp\/v2\/types\/page"}],"author":[{"embeddable":true,"href":"https:\/\/www.mirsa.es\/ca\/wp-json\/wp\/v2\/users\/1"}],"replies":[{"embeddable":true,"href":"https:\/\/www.mirsa.es\/ca\/wp-json\/wp\/v2\/comments?post=61436"}],"version-history":[{"count":0,"href":"https:\/\/www.mirsa.es\/ca\/wp-json\/wp\/v2\/pages\/61436\/revisions"}],"wp:attachment":[{"href":"https:\/\/www.mirsa.es\/ca\/wp-json\/wp\/v2\/media?parent=61436"}],"curies":[{"name":"wp","href":"https:\/\/api.w.org\/{rel}","templated":true}]}}