{"id":61341,"date":"2021-12-22T16:52:06","date_gmt":"2021-12-22T16:52:06","guid":{"rendered":"https:\/\/www.mirsa.es\/sofa-telen-ligne-roset\/"},"modified":"2021-12-22T17:47:39","modified_gmt":"2021-12-22T17:47:39","slug":"sofa-telen-ligne-roset","status":"publish","type":"page","link":"https:\/\/www.mirsa.es\/ca\/sofa-telen-ligne-roset\/","title":{"rendered":"Sofa Telen Ligne Roset"},"content":{"rendered":"<div class=\"wpb-content-wrapper\"><p>[vc_row][vc_column][vc_column_text]<\/p>\n<h5><img decoding=\"async\" class=\"wp-image-1077 size-large aligncenter\" title=\"Telen Ligne Roset\" src=\"\/wp-content\/uploads\/2021\/12\/sofa_telen_ligne_roset_01.jpg\" alt=\"Telen Ligne Roset\" width=\"100%\" height=\"400\" \/><\/h5>\n<p style=\"font-size: 16px; text-align: left;\"><strong>El sof\u00e0 telen de la firma francesa Ligne Roset \u00e9s una confortable i elegant pe\u00e7a de disseny contemporani que s&#8217;inspira en els jardins Zen del Jap\u00f3.<\/strong><\/p>\n<p style=\"font-size: 16px; text-align: left;\">Patentat pel reconegut dissenyador Christian Werner, les suaus l\u00ednies arrodonides del sof\u00e0 transmeten delicadesa i feminitat, a la vegada que garanteixen una asseguda c\u00f2moda i confortable.<\/p>\n<p style=\"font-size: 16px; text-align: left;\">Els dos coixins del respatller amb base antilliscant complementen l&#8217;estructura principal, permetent una gran flexibilitat i infinites opcions de personalitzaci\u00f3. Com \u00e9s habitual en totes les col\u00b7leccions Ligne Roset, el sof\u00e0 est\u00e0 disponible en una gran quantitat de colors i acabats.<\/p>\n<p style=\"font-size: 16px; text-align: left;\">Como es habitual en todas las colecciones Ligne Roset, el sof\u00e1 est\u00e1 disponible en una gran cantidad de colores y acabados.<\/p>\n<p style=\"font-size: 16px; text-align: left;\">A MIRSA interiorisme &#038; mobiliari som distribu\u00efdors oficials Ligne Roset. Per a m\u00e9s informaci\u00f3, visiti el nostre Showroom o contacti amb nosaltres.<\/p>\n<p>[\/vc_column_text][vc_row_inner][vc_column_inner]<style type=\"text\/css\">#bklyn_btn_69d1deb3dcbb6 .bklyn-btn { color:#ffffff !important; background-color:black !important; }<\/style><div id=\"bklyn_btn_69d1deb3dcbb6\" class=\"bklyn-btn-holder  bklyn-btn-center bklyn-btn-tablet-center bklyn-btn-mobile-center\"><a title=\"Contacto\"   href=\"\/contacto\" target=\"_self\" class=\"bklyn-btn  bklyn-btn-icon-left bklyn-btn-normal\" ><i class=\"fa fa-envelope\"><\/i><span class=\"ut-btn-text\">M\u00e9s informaci\u00f3<\/span><\/a><\/div>[\/vc_column_inner][\/vc_row_inner][\/vc_column][\/vc_row]<\/p>\n<\/div>","protected":false},"excerpt":{"rendered":"<p>[vc_row][vc_column][vc_column_text] El sof\u00e0 telen de la firma francesa Ligne Roset \u00e9s una confortable i elegant pe\u00e7a de disseny contemporani que s&#8217;inspira en els jardins Zen del Jap\u00f3. Patentat pel reconegut dissenyador Christian Werner, les suaus l\u00ednies arrodonides del sof\u00e0 transmeten delicadesa i feminitat, a la vegada que garanteixen una asseguda c\u00f2moda i confortable. Els dos [&hellip;]<\/p>\n","protected":false},"author":1,"featured_media":0,"parent":0,"menu_order":0,"comment_status":"closed","ping_status":"closed","template":"","meta":{"footnotes":""},"class_list":["post-61341","page","type-page","status-publish","hentry"],"aioseo_notices":[],"_links":{"self":[{"href":"https:\/\/www.mirsa.es\/ca\/wp-json\/wp\/v2\/pages\/61341","targetHints":{"allow":["GET"]}}],"collection":[{"href":"https:\/\/www.mirsa.es\/ca\/wp-json\/wp\/v2\/pages"}],"about":[{"href":"https:\/\/www.mirsa.es\/ca\/wp-json\/wp\/v2\/types\/page"}],"author":[{"embeddable":true,"href":"https:\/\/www.mirsa.es\/ca\/wp-json\/wp\/v2\/users\/1"}],"replies":[{"embeddable":true,"href":"https:\/\/www.mirsa.es\/ca\/wp-json\/wp\/v2\/comments?post=61341"}],"version-history":[{"count":0,"href":"https:\/\/www.mirsa.es\/ca\/wp-json\/wp\/v2\/pages\/61341\/revisions"}],"wp:attachment":[{"href":"https:\/\/www.mirsa.es\/ca\/wp-json\/wp\/v2\/media?parent=61341"}],"curies":[{"name":"wp","href":"https:\/\/api.w.org\/{rel}","templated":true}]}}