{"id":61323,"date":"2021-12-22T09:50:40","date_gmt":"2021-12-22T09:50:40","guid":{"rendered":"https:\/\/www.mirsa.es\/sofa-hemicycle-ligne-roset\/"},"modified":"2021-12-22T11:10:22","modified_gmt":"2021-12-22T11:10:22","slug":"sofa-hemicycle-ligne-roset","status":"publish","type":"page","link":"https:\/\/www.mirsa.es\/ca\/sofa-hemicycle-ligne-roset\/","title":{"rendered":"Sofa Hemicycle Ligne Roset"},"content":{"rendered":"<div class=\"wpb-content-wrapper\"><p>[vc_row][vc_column][vc_column_text]<\/p>\n<p><img decoding=\"async\" class=\"wp-image-1077 size-large aligncenter\" title=\"Hemicycle Ligne Roset\" src=\"\/wp-content\/uploads\/2021\/12\/hemicycle_ligne_roset_01.jpg\" alt=\"Hemicycle Ligne Roset\" width=\"100%\" height=\"400\"\/><\/p>\n<h2 style=\"font-size: 16px; text-align: left;\"><strong>Hemicycle de la reconeguda firma francesa Ligne Roset \u00e9s un refinat i elegant sof\u00e0 d&#8217;estil contemporani dissenyat especialment per moblar edificis oficials francesos i consolidar el disseny nacional com un referent de l&#8217;avantguarda i la innovaci\u00f3.<\/strong><\/h2>\n<p style=\"font-size: 16px; text-align: left;\">Philippe Nigro pren en aquesta ocasi\u00f3 el relleu de Pierre Paulin, que va ser l&#8217;encarregat de moblar l&#8217;Assamblea Nacional en 1971 amb Eliseo i PumpKin.<\/p>\n<p style=\"font-size: 16px; text-align: left;\">Com el seu propi nom indica, es tracta d&#8217;un sof\u00e0 de volums geom\u00e8trics en forma de semicercle, que convida a la reflexi\u00f3 i que contribueix a generar una atmosfera constructiva i de debat.<\/p>\n<p style=\"font-size: 16px; text-align: left;\">El dissenyador concep Hemicycle com una pe\u00e7a de disseny \u00fanica, vers\u00e0til i polivalent, ideal per a instal\u00b7lar-se en la recepci\u00f3 de llocs p\u00fablics, per\u00f2 a la vegada ideal per a crear un espai \u00edntim i confortable en un apartament contemporani.<\/p>\n<p style=\"font-size: 16px; text-align: left;\">La col\u00b7lecci\u00f3 est\u00e0 disponible en un ampli ventall d&#8217;opcions de configuraci\u00f3 i personalitzaci\u00f3, adaptant-se f\u00e0cilment a qualsevol mena d&#8217;espai.<\/p>\n<p style=\"font-size: 16px; text-align: left;\">A MIRSA interiorisme &#038; mobiliari som distribu\u00efdors oficials Ligne Roset. Per a m\u00e9s informaci\u00f3, visiti el nostre Showroom o contacti amb nosaltres.<\/p>\n<p>[\/vc_column_text][vc_row_inner][vc_column_inner]<style type=\"text\/css\">#bklyn_btn_69d1908678273 .bklyn-btn { color:#ffffff !important; background-color:black !important; }<\/style><div id=\"bklyn_btn_69d1908678273\" class=\"bklyn-btn-holder  bklyn-btn-center bklyn-btn-tablet-center bklyn-btn-mobile-center\"><a title=\"Contacto\"   href=\"\/contacto\" target=\"_self\" class=\"bklyn-btn  bklyn-btn-icon-left bklyn-btn-normal\" ><i class=\"fa fa-envelope\"><\/i><span class=\"ut-btn-text\">M\u00e9s informaci\u00f3<\/span><\/a><\/div>[\/vc_column_inner][\/vc_row_inner][vc_row_inner][vc_column_inner width=&#8221;1\/2&#8243;]<div  class=\"wpb_content_element   clearfix\"><style type=\"text\/css\">#ut_am_69d190867923f { opacity: 1; }#ut_am_wrap_69d1908679240 { text-align: center; }@media (min-width: 768px) and (max-width: 1024px) { #ut_am_wrap_69d1908679240 { text-align: center !important; } }@media (max-width: 767px) { #ut_am_wrap_69d1908679240 { text-align: center !important; } }<\/style><div id=\"ut_am_wrap_69d1908679240\" class=\"ut-image-gallery-image \"><div id=\"ut_reveal_69d1908679241\"  data-appear-top-offset=\"auto\" class=\"ut-animated-image-item ut-image-gallery-item ut-animation-done \"><a class=\"ut-deactivated-link\" href=\"#\"><div class=\"ut-animated-image-zoom\">\r\n        <div class=\"ut-element-glitch-wrap\">\r\n\r\n            \r\n        <style type=\"text\/css\">\r\n\r\n                        \r\n        @media (min-width: 1025px) {\r\n\r\n        #ut-element-glitch-69d1908679262302405607-61316 .ut-glitch-single-element {\r\n                                            \r\n                }\r\n        }\r\n\r\n        @media (min-width: 768px) and (max-width: 1024px) {\r\n\r\n        #ut-element-glitch-69d1908679262302405607-61316 .ut-glitch-single-element {\r\n                                                \r\n                    }\r\n        }\r\n\r\n        @media (max-width: 767px) {\r\n\r\n        #ut-element-glitch-69d1908679262302405607-61316 .ut-glitch-single-element {\r\n                                                \r\n                    }\r\n        }\r\n\r\n        \r\n        <\/style>\r\n\r\n        \r\n            <div id=\"ut-element-glitch-69d1908679262302405607-61316\" class=\" ut-element-glitch ut-glitch-none ut-element-glitch-permanent\">\r\n                <div class=\"ut-glitch-single-element ut-lozad skip-lazy\" data-background-image=\"https:\/\/www.mirsa.es\/wp-content\/uploads\/2021\/12\/hemicycle_ligne_roset_02.jpg\"><\/div>\r\n                <div class=\"ut-glitch-single-element ut-lozad skip-lazy\" data-background-image=\"https:\/\/www.mirsa.es\/wp-content\/uploads\/2021\/12\/hemicycle_ligne_roset_02.jpg\"><\/div>\r\n                <div class=\"ut-glitch-single-element ut-lozad skip-lazy\" data-background-image=\"https:\/\/www.mirsa.es\/wp-content\/uploads\/2021\/12\/hemicycle_ligne_roset_02.jpg\"><\/div>\r\n                <div class=\"ut-glitch-single-element ut-lozad skip-lazy\" data-background-image=\"https:\/\/www.mirsa.es\/wp-content\/uploads\/2021\/12\/hemicycle_ligne_roset_02.jpg\"><\/div>\r\n                <div class=\"ut-glitch-single-element ut-lozad skip-lazy\" data-background-image=\"https:\/\/www.mirsa.es\/wp-content\/uploads\/2021\/12\/hemicycle_ligne_roset_02.jpg\"><\/div>\r\n            <\/div>\r\n\r\n        <\/div>\r\n\r\n        <img loading=\"lazy\" decoding=\"async\" class=\"ut-lazy skip-lazy ut-animated-image \"  id=\"ut_am_69d190867923f\" src=\"data:image\/svg+xml;charset=utf-8,%3Csvg xmlns%3D'http%3A%2F%2Fwww.w3.org%2F2000%2Fsvg' viewBox%3D'0 0 600 324'%2F%3E\" data-src=\"https:\/\/www.mirsa.es\/wp-content\/uploads\/2021\/12\/hemicycle_ligne_roset_02.jpg\" width=\"600\" height=\"324\" alt=\"\"\/><\/div><\/a><\/div><\/div><\/div>[\/vc_column_inner][vc_column_inner width=&#8221;1\/2&#8243;]<div  class=\"wpb_content_element   clearfix\"><style type=\"text\/css\">#ut_am_69d1908679aaf { opacity: 1; }#ut_am_wrap_69d1908679ab0 { text-align: center; }@media (min-width: 768px) and (max-width: 1024px) { #ut_am_wrap_69d1908679ab0 { text-align: center !important; } }@media (max-width: 767px) { #ut_am_wrap_69d1908679ab0 { text-align: center !important; } }<\/style><div id=\"ut_am_wrap_69d1908679ab0\" class=\"ut-image-gallery-image \"><div id=\"ut_reveal_69d1908679ab1\"  data-appear-top-offset=\"auto\" class=\"ut-animated-image-item ut-image-gallery-item ut-animation-done \"><a class=\"ut-deactivated-link\" href=\"#\"><div class=\"ut-animated-image-zoom\">\r\n        <div class=\"ut-element-glitch-wrap\">\r\n\r\n            \r\n        <style type=\"text\/css\">\r\n\r\n                        \r\n        @media (min-width: 1025px) {\r\n\r\n        #ut-element-glitch-69d1908679ac8037777680-61319 .ut-glitch-single-element {\r\n                                            \r\n                }\r\n        }\r\n\r\n        @media (min-width: 768px) and (max-width: 1024px) {\r\n\r\n        #ut-element-glitch-69d1908679ac8037777680-61319 .ut-glitch-single-element {\r\n                                                \r\n                    }\r\n        }\r\n\r\n        @media (max-width: 767px) {\r\n\r\n        #ut-element-glitch-69d1908679ac8037777680-61319 .ut-glitch-single-element {\r\n                                                \r\n                    }\r\n        }\r\n\r\n        \r\n        <\/style>\r\n\r\n        \r\n            <div id=\"ut-element-glitch-69d1908679ac8037777680-61319\" class=\" ut-element-glitch ut-glitch-none ut-element-glitch-permanent\">\r\n                <div class=\"ut-glitch-single-element ut-lozad skip-lazy\" data-background-image=\"https:\/\/www.mirsa.es\/wp-content\/uploads\/2021\/12\/hemicycle_ligne_roset_03.jpg\"><\/div>\r\n                <div class=\"ut-glitch-single-element ut-lozad skip-lazy\" data-background-image=\"https:\/\/www.mirsa.es\/wp-content\/uploads\/2021\/12\/hemicycle_ligne_roset_03.jpg\"><\/div>\r\n                <div class=\"ut-glitch-single-element ut-lozad skip-lazy\" data-background-image=\"https:\/\/www.mirsa.es\/wp-content\/uploads\/2021\/12\/hemicycle_ligne_roset_03.jpg\"><\/div>\r\n                <div class=\"ut-glitch-single-element ut-lozad skip-lazy\" data-background-image=\"https:\/\/www.mirsa.es\/wp-content\/uploads\/2021\/12\/hemicycle_ligne_roset_03.jpg\"><\/div>\r\n                <div class=\"ut-glitch-single-element ut-lozad skip-lazy\" data-background-image=\"https:\/\/www.mirsa.es\/wp-content\/uploads\/2021\/12\/hemicycle_ligne_roset_03.jpg\"><\/div>\r\n            <\/div>\r\n\r\n        <\/div>\r\n\r\n        <img loading=\"lazy\" decoding=\"async\" class=\"ut-lazy skip-lazy ut-animated-image \"  id=\"ut_am_69d1908679aaf\" src=\"data:image\/svg+xml;charset=utf-8,%3Csvg xmlns%3D'http%3A%2F%2Fwww.w3.org%2F2000%2Fsvg' viewBox%3D'0 0 600 324'%2F%3E\" data-src=\"https:\/\/www.mirsa.es\/wp-content\/uploads\/2021\/12\/hemicycle_ligne_roset_03.jpg\" width=\"600\" height=\"324\" alt=\"\"\/><\/div><\/a><\/div><\/div><\/div>[\/vc_column_inner][\/vc_row_inner][\/vc_column][\/vc_row]<\/p>\n<\/div>","protected":false},"excerpt":{"rendered":"<p>[vc_row][vc_column][vc_column_text] Hemicycle de la reconeguda firma francesa Ligne Roset \u00e9s un refinat i elegant sof\u00e0 d&#8217;estil contemporani dissenyat especialment per moblar edificis oficials francesos i consolidar el disseny nacional com un referent de l&#8217;avantguarda i la innovaci\u00f3. Philippe Nigro pren en aquesta ocasi\u00f3 el relleu de Pierre Paulin, que va ser l&#8217;encarregat de moblar l&#8217;Assamblea [&hellip;]<\/p>\n","protected":false},"author":1,"featured_media":0,"parent":0,"menu_order":0,"comment_status":"closed","ping_status":"closed","template":"","meta":{"footnotes":""},"class_list":["post-61323","page","type-page","status-publish","hentry"],"aioseo_notices":[],"_links":{"self":[{"href":"https:\/\/www.mirsa.es\/ca\/wp-json\/wp\/v2\/pages\/61323","targetHints":{"allow":["GET"]}}],"collection":[{"href":"https:\/\/www.mirsa.es\/ca\/wp-json\/wp\/v2\/pages"}],"about":[{"href":"https:\/\/www.mirsa.es\/ca\/wp-json\/wp\/v2\/types\/page"}],"author":[{"embeddable":true,"href":"https:\/\/www.mirsa.es\/ca\/wp-json\/wp\/v2\/users\/1"}],"replies":[{"embeddable":true,"href":"https:\/\/www.mirsa.es\/ca\/wp-json\/wp\/v2\/comments?post=61323"}],"version-history":[{"count":0,"href":"https:\/\/www.mirsa.es\/ca\/wp-json\/wp\/v2\/pages\/61323\/revisions"}],"wp:attachment":[{"href":"https:\/\/www.mirsa.es\/ca\/wp-json\/wp\/v2\/media?parent=61323"}],"curies":[{"name":"wp","href":"https:\/\/api.w.org\/{rel}","templated":true}]}}