{"id":61204,"date":"2021-12-17T16:38:04","date_gmt":"2021-12-17T16:38:04","guid":{"rendered":"https:\/\/www.mirsa.es\/mesita-leaf-porada\/"},"modified":"2021-12-17T17:07:27","modified_gmt":"2021-12-17T17:07:27","slug":"mesita-leaf-porada","status":"publish","type":"page","link":"https:\/\/www.mirsa.es\/ca\/mesita-leaf-porada\/","title":{"rendered":"Tauleta Leaf Porada"},"content":{"rendered":"<div class=\"wpb-content-wrapper\"><p>[vc_row][vc_column][vc_column_text]<\/p>\n<p><img decoding=\"async\" class=\"wp-image-1077 size-large aligncenter\" title=\"Tauleta Leaf Porada\" src=\"\/wp-content\/uploads\/2021\/12\/mesita_leaf_porada.jpg\" alt=\"Tauleta Leaf Porada\" width=\"100%\" height=\"400\"\/><\/p>\n<p style=\"font-size: 16px; text-align: left;\"><strong>Leaf de la reconeguda firma italiana de mobiliari Porada es una col\u00b7lecci\u00f3 que es composa d\u2019un conjunt d\u2019elegants i distingides tauletes de centre en base de marbe.<\/strong><\/p>\n<p style=\"font-size: 16px; text-align: left;\">Es tracta d\u2019una col\u00b7lecci\u00f3 vers\u00e1til i polivalent, que ofereix una gran capacitat de composici\u00f3n gr\u00e0cies a les m\u00faltiples peces que la conformen i que juga amb les diferents mides i acabats per aconseguir l\u2019equilibri perfecte.<\/p>\n<p style=\"font-size: 16px; text-align: left;\">Les taules es caracteritzen per la seva espectacular base de marbre, que aporta seguretat i consistencia a l\u2019estructura, mentre que el taulell es presenta en fusta massissa de noguera canaletta, disponible en eb\u00e0 d\u2019Amara.<\/p>\n<p style=\"font-size: 16px; text-align: left;\">La hist\u00f3rica firma Porada es una de les marques m\u00e9s prestigioses de mobiliari contemporani a nivel internacional, gr\u00e0cies a la seva combinaci\u00f3n perfecte entre disseny i tradici\u00f3n.<\/p>\n<p style=\"font-size: 16px; text-align: left;\">Dissenyadors de prestigi mundial com Gino Carollo, Margie Walraven, Maurizio Marconato o els germans Gabriele &#038; Oscar Buratti han col\u00b7laborat realitzant Projectes per a la marca.<\/p>\n<p style=\"font-size: 16px; text-align: left;\">A MIRSA interiorisme &#038; mobiliari som distribu\u00efdors oficials Porada. Per a m\u00e9s informaci\u00f3, visiti el nostre Showroom o contacti amb nosaltres.<\/p>\n<p>[\/vc_column_text][vc_row_inner][vc_column_inner]<style type=\"text\/css\">#bklyn_btn_69d13e436bac5 .bklyn-btn { color:#ffffff !important; background-color:black !important; }<\/style><div id=\"bklyn_btn_69d13e436bac5\" class=\"bklyn-btn-holder  bklyn-btn-center bklyn-btn-tablet-center bklyn-btn-mobile-center\"><a title=\"Contacto\"   href=\"\/contacto\" target=\"_self\" class=\"bklyn-btn  bklyn-btn-icon-left bklyn-btn-normal\" ><i class=\"fa fa-envelope\"><\/i><span class=\"ut-btn-text\">M\u00e9s informaci\u00f3<\/span><\/a><\/div>[\/vc_column_inner][\/vc_row_inner][vc_row_inner][vc_column_inner width=&#8221;1\/2&#8243;]<div  class=\"wpb_content_element   clearfix\"><style type=\"text\/css\">#ut_am_69d13e436cbcc { opacity: 1; }#ut_am_wrap_69d13e436cbcd { text-align: center; }@media (min-width: 768px) and (max-width: 1024px) { #ut_am_wrap_69d13e436cbcd { text-align: center !important; } }@media (max-width: 767px) { #ut_am_wrap_69d13e436cbcd { text-align: center !important; } }<\/style><div id=\"ut_am_wrap_69d13e436cbcd\" class=\"ut-image-gallery-image \"><div id=\"ut_reveal_69d13e436cbce\"  data-appear-top-offset=\"auto\" class=\"ut-animated-image-item ut-image-gallery-item ut-animation-done \"><a class=\"ut-deactivated-link\" href=\"#\"><div class=\"ut-animated-image-zoom\">\r\n        <div class=\"ut-element-glitch-wrap\">\r\n\r\n            \r\n        <style type=\"text\/css\">\r\n\r\n                        \r\n        @media (min-width: 1025px) {\r\n\r\n        #ut-element-glitch-69d13e436cbf0669131088-61196 .ut-glitch-single-element {\r\n                                            \r\n                }\r\n        }\r\n\r\n        @media (min-width: 768px) and (max-width: 1024px) {\r\n\r\n        #ut-element-glitch-69d13e436cbf0669131088-61196 .ut-glitch-single-element {\r\n                                                \r\n                    }\r\n        }\r\n\r\n        @media (max-width: 767px) {\r\n\r\n        #ut-element-glitch-69d13e436cbf0669131088-61196 .ut-glitch-single-element {\r\n                                                \r\n                    }\r\n        }\r\n\r\n        \r\n        <\/style>\r\n\r\n        \r\n            <div id=\"ut-element-glitch-69d13e436cbf0669131088-61196\" class=\" ut-element-glitch ut-glitch-none ut-element-glitch-permanent\">\r\n                <div class=\"ut-glitch-single-element ut-lozad skip-lazy\" data-background-image=\"https:\/\/www.mirsa.es\/wp-content\/uploads\/2021\/12\/mesita_leaf_porada_02.jpg\"><\/div>\r\n                <div class=\"ut-glitch-single-element ut-lozad skip-lazy\" data-background-image=\"https:\/\/www.mirsa.es\/wp-content\/uploads\/2021\/12\/mesita_leaf_porada_02.jpg\"><\/div>\r\n                <div class=\"ut-glitch-single-element ut-lozad skip-lazy\" data-background-image=\"https:\/\/www.mirsa.es\/wp-content\/uploads\/2021\/12\/mesita_leaf_porada_02.jpg\"><\/div>\r\n                <div class=\"ut-glitch-single-element ut-lozad skip-lazy\" data-background-image=\"https:\/\/www.mirsa.es\/wp-content\/uploads\/2021\/12\/mesita_leaf_porada_02.jpg\"><\/div>\r\n                <div class=\"ut-glitch-single-element ut-lozad skip-lazy\" data-background-image=\"https:\/\/www.mirsa.es\/wp-content\/uploads\/2021\/12\/mesita_leaf_porada_02.jpg\"><\/div>\r\n            <\/div>\r\n\r\n        <\/div>\r\n\r\n        <img loading=\"lazy\" decoding=\"async\" class=\"ut-lazy skip-lazy ut-animated-image \"  id=\"ut_am_69d13e436cbcc\" src=\"data:image\/svg+xml;charset=utf-8,%3Csvg xmlns%3D'http%3A%2F%2Fwww.w3.org%2F2000%2Fsvg' viewBox%3D'0 0 600 324'%2F%3E\" data-src=\"https:\/\/www.mirsa.es\/wp-content\/uploads\/2021\/12\/mesita_leaf_porada_02.jpg\" width=\"600\" height=\"324\" alt=\"\"\/><\/div><\/a><\/div><\/div><\/div>[\/vc_column_inner][vc_column_inner width=&#8221;1\/2&#8243;]<div  class=\"wpb_content_element   clearfix\"><style type=\"text\/css\">#ut_am_69d13e436d2d4 { opacity: 1; }#ut_am_wrap_69d13e436d2d5 { text-align: center; }@media (min-width: 768px) and (max-width: 1024px) { #ut_am_wrap_69d13e436d2d5 { text-align: center !important; } }@media (max-width: 767px) { #ut_am_wrap_69d13e436d2d5 { text-align: center !important; } }<\/style><div id=\"ut_am_wrap_69d13e436d2d5\" class=\"ut-image-gallery-image \"><div id=\"ut_reveal_69d13e436d2d6\"  data-appear-top-offset=\"auto\" class=\"ut-animated-image-item ut-image-gallery-item ut-animation-done \"><a class=\"ut-deactivated-link\" href=\"#\"><div class=\"ut-animated-image-zoom\">\r\n        <div class=\"ut-element-glitch-wrap\">\r\n\r\n            \r\n        <style type=\"text\/css\">\r\n\r\n                        \r\n        @media (min-width: 1025px) {\r\n\r\n        #ut-element-glitch-69d13e436d2ec136204190-61200 .ut-glitch-single-element {\r\n                                            \r\n                }\r\n        }\r\n\r\n        @media (min-width: 768px) and (max-width: 1024px) {\r\n\r\n        #ut-element-glitch-69d13e436d2ec136204190-61200 .ut-glitch-single-element {\r\n                                                \r\n                    }\r\n        }\r\n\r\n        @media (max-width: 767px) {\r\n\r\n        #ut-element-glitch-69d13e436d2ec136204190-61200 .ut-glitch-single-element {\r\n                                                \r\n                    }\r\n        }\r\n\r\n        \r\n        <\/style>\r\n\r\n        \r\n            <div id=\"ut-element-glitch-69d13e436d2ec136204190-61200\" class=\" ut-element-glitch ut-glitch-none ut-element-glitch-permanent\">\r\n                <div class=\"ut-glitch-single-element ut-lozad skip-lazy\" data-background-image=\"https:\/\/www.mirsa.es\/wp-content\/uploads\/2021\/12\/mesita_leaf_porada_03.jpg\"><\/div>\r\n                <div class=\"ut-glitch-single-element ut-lozad skip-lazy\" data-background-image=\"https:\/\/www.mirsa.es\/wp-content\/uploads\/2021\/12\/mesita_leaf_porada_03.jpg\"><\/div>\r\n                <div class=\"ut-glitch-single-element ut-lozad skip-lazy\" data-background-image=\"https:\/\/www.mirsa.es\/wp-content\/uploads\/2021\/12\/mesita_leaf_porada_03.jpg\"><\/div>\r\n                <div class=\"ut-glitch-single-element ut-lozad skip-lazy\" data-background-image=\"https:\/\/www.mirsa.es\/wp-content\/uploads\/2021\/12\/mesita_leaf_porada_03.jpg\"><\/div>\r\n                <div class=\"ut-glitch-single-element ut-lozad skip-lazy\" data-background-image=\"https:\/\/www.mirsa.es\/wp-content\/uploads\/2021\/12\/mesita_leaf_porada_03.jpg\"><\/div>\r\n            <\/div>\r\n\r\n        <\/div>\r\n\r\n        <img loading=\"lazy\" decoding=\"async\" class=\"ut-lazy skip-lazy ut-animated-image \"  id=\"ut_am_69d13e436d2d4\" src=\"data:image\/svg+xml;charset=utf-8,%3Csvg xmlns%3D'http%3A%2F%2Fwww.w3.org%2F2000%2Fsvg' viewBox%3D'0 0 600 324'%2F%3E\" data-src=\"https:\/\/www.mirsa.es\/wp-content\/uploads\/2021\/12\/mesita_leaf_porada_03.jpg\" width=\"600\" height=\"324\" alt=\"\"\/><\/div><\/a><\/div><\/div><\/div>[\/vc_column_inner][\/vc_row_inner][\/vc_column][\/vc_row]<\/p>\n<\/div>","protected":false},"excerpt":{"rendered":"<p>[vc_row][vc_column][vc_column_text] Leaf de la reconeguda firma italiana de mobiliari Porada es una col\u00b7lecci\u00f3 que es composa d\u2019un conjunt d\u2019elegants i distingides tauletes de centre en base de marbe. Es tracta d\u2019una col\u00b7lecci\u00f3 vers\u00e1til i polivalent, que ofereix una gran capacitat de composici\u00f3n gr\u00e0cies a les m\u00faltiples peces que la conformen i que juga amb les [&hellip;]<\/p>\n","protected":false},"author":1,"featured_media":0,"parent":0,"menu_order":0,"comment_status":"closed","ping_status":"closed","template":"","meta":{"footnotes":""},"class_list":["post-61204","page","type-page","status-publish","hentry"],"aioseo_notices":[],"_links":{"self":[{"href":"https:\/\/www.mirsa.es\/ca\/wp-json\/wp\/v2\/pages\/61204","targetHints":{"allow":["GET"]}}],"collection":[{"href":"https:\/\/www.mirsa.es\/ca\/wp-json\/wp\/v2\/pages"}],"about":[{"href":"https:\/\/www.mirsa.es\/ca\/wp-json\/wp\/v2\/types\/page"}],"author":[{"embeddable":true,"href":"https:\/\/www.mirsa.es\/ca\/wp-json\/wp\/v2\/users\/1"}],"replies":[{"embeddable":true,"href":"https:\/\/www.mirsa.es\/ca\/wp-json\/wp\/v2\/comments?post=61204"}],"version-history":[{"count":0,"href":"https:\/\/www.mirsa.es\/ca\/wp-json\/wp\/v2\/pages\/61204\/revisions"}],"wp:attachment":[{"href":"https:\/\/www.mirsa.es\/ca\/wp-json\/wp\/v2\/media?parent=61204"}],"curies":[{"name":"wp","href":"https:\/\/api.w.org\/{rel}","templated":true}]}}