{"id":60629,"date":"2021-12-09T11:37:54","date_gmt":"2021-12-09T11:37:54","guid":{"rendered":"https:\/\/www.mirsa.es\/?page_id=60629"},"modified":"2021-12-09T11:38:03","modified_gmt":"2021-12-09T11:38:03","slug":"armario-amalfi-pianca","status":"publish","type":"page","link":"https:\/\/www.mirsa.es\/ca\/armario-amalfi-pianca\/","title":{"rendered":"Armario Amalfi Pianca"},"content":{"rendered":"<div class=\"wpb-content-wrapper\"><p>[vc_row][vc_column][vc_column_text]<\/p>\n<p><img decoding=\"async\" class=\"wp-image-1077 size-large aligncenter\" title=\"Armari Amalfi Pianca\" src=\"\/wp-content\/uploads\/2021\/11\/armario_amalfi_pianca.jpg\" alt=\"Armari Amalfi Pianca\" width=\"100%\" height=\"400\"\/><\/p>\n<h2 style=\"font-size: 16px; text-align: left;\"><strong>Amalfi de la reconeguda firma italiana PIANCA \u00e9s un funcional i elegant armari que es caracteritza per incorporar una taula de treball al seu interior.<\/strong><\/h2>\n<p style=\"font-size: 16px; text-align: left;\">La col\u00b7lecci\u00f3 revoluciona per complet el concepte d&#8217;armari, ja que les seves portes centrals amaguen al seu interior un espectacular i compacte escriptori d&#8217;estil contemporani.<\/p>\n<p style=\"font-size: 16px; text-align: left;\">L&#8217;escriptori amb els seus calaixos, aix\u00ed com els estants i els m\u00f2duls oberts creen un espai de treball inspirador i acollidor, que potencia la creativitat i optimitza al m\u00e0xim l&#8217;espai.<\/p>\n<p style=\"font-size: 16px; text-align: left;\">El sistema d&#8217;armaris incorpora al seu interior un avan\u00e7at sistema de retroil\u00b7luminaci\u00f3, que aporta eleg\u00e0ncia i sofisticaci\u00f3 i que aporta solucions innovadores i eficients per al dia a dia.<\/p>\n<p style=\"font-size: 16px; text-align: left;\">Els tiradors de la porta es caracteritzen per la seva longitud d&#8217;al\u00e7ada completa, que realcen i potencien el disseny geom\u00e8tric de les portes.<\/p>\n<p style=\"font-size: 16px; text-align: left;\">La col\u00b7lecci\u00f3 est\u00e1 disponible en una gran quantitat de mides i acabats i permet, a m\u00e9s incorporar una frontissa especial d&#8217;obertura en 180\u00ba, inspirant-se en disseny d&#8217;\u00e8poques passades.<\/p>\n<p style=\"font-size: 16px; text-align: left;\">A MIRSA interiorisme &#038; mobiliari som distribu\u00efdors oficials Pianca. Per a m\u00e9s informaci\u00f3, visiti el nostre Showroom o contacti amb nosaltres.<\/p>\n<p>[\/vc_column_text][vc_row_inner][vc_column_inner]<style type=\"text\/css\">#bklyn_btn_69d1d24dd30cb .bklyn-btn { color:#ffffff !important; background-color:black !important; }<\/style><div id=\"bklyn_btn_69d1d24dd30cb\" class=\"bklyn-btn-holder  bklyn-btn-center bklyn-btn-tablet-center bklyn-btn-mobile-center\"><a title=\"Contacto\"   href=\"\/contacto\" target=\"_self\" class=\"bklyn-btn  bklyn-btn-icon-left bklyn-btn-normal\" ><i class=\"fa fa-envelope\"><\/i><span class=\"ut-btn-text\">M\u00e9s informaci\u00f3<\/span><\/a><\/div>[\/vc_column_inner][\/vc_row_inner][\/vc_column][\/vc_row]<\/p>\n<\/div>","protected":false},"excerpt":{"rendered":"<p>[vc_row][vc_column][vc_column_text] Amalfi de la reconeguda firma italiana PIANCA \u00e9s un funcional i elegant armari que es caracteritza per incorporar una taula de treball al seu interior. La col\u00b7lecci\u00f3 revoluciona per complet el concepte d&#8217;armari, ja que les seves portes centrals amaguen al seu interior un espectacular i compacte escriptori d&#8217;estil contemporani. L&#8217;escriptori amb els seus [&hellip;]<\/p>\n","protected":false},"author":1,"featured_media":0,"parent":0,"menu_order":0,"comment_status":"closed","ping_status":"closed","template":"","meta":{"footnotes":""},"class_list":["post-60629","page","type-page","status-publish","hentry"],"aioseo_notices":[],"_links":{"self":[{"href":"https:\/\/www.mirsa.es\/ca\/wp-json\/wp\/v2\/pages\/60629","targetHints":{"allow":["GET"]}}],"collection":[{"href":"https:\/\/www.mirsa.es\/ca\/wp-json\/wp\/v2\/pages"}],"about":[{"href":"https:\/\/www.mirsa.es\/ca\/wp-json\/wp\/v2\/types\/page"}],"author":[{"embeddable":true,"href":"https:\/\/www.mirsa.es\/ca\/wp-json\/wp\/v2\/users\/1"}],"replies":[{"embeddable":true,"href":"https:\/\/www.mirsa.es\/ca\/wp-json\/wp\/v2\/comments?post=60629"}],"version-history":[{"count":0,"href":"https:\/\/www.mirsa.es\/ca\/wp-json\/wp\/v2\/pages\/60629\/revisions"}],"wp:attachment":[{"href":"https:\/\/www.mirsa.es\/ca\/wp-json\/wp\/v2\/media?parent=60629"}],"curies":[{"name":"wp","href":"https:\/\/api.w.org\/{rel}","templated":true}]}}