{"id":60574,"date":"2021-11-05T09:43:09","date_gmt":"2021-11-05T09:43:09","guid":{"rendered":"https:\/\/www.mirsa.es\/upi-sofa-moradillo\/"},"modified":"2021-11-05T09:59:09","modified_gmt":"2021-11-05T09:59:09","slug":"upi-sofa-moradillo","status":"publish","type":"page","link":"https:\/\/www.mirsa.es\/ca\/upi-sofa-moradillo\/","title":{"rendered":"Sofa Upi Moradillo"},"content":{"rendered":"<div class=\"wpb-content-wrapper\"><p>[vc_row][vc_column][vc_column_text]<\/p>\n<p><img decoding=\"async\" class=\"wp-image-1077 size-large aligncenter\" title=\"Sofa Upi Moradillo\" src=\"\/wp-content\/uploads\/2021\/11\/sofa_upi_moradillo_01.jpg\" alt=\"Sofa Upi Moradillo\" width=\"100%\" height=\"400\"\/><\/p>\n<h2 style=\"font-size: 16px; text-align: left;\"><strong>El sof\u00e1 Upi de la firma Moradillo ha estat dissenyat amb les tecnologies de fabricaci\u00f3 m\u00e9s avan\u00e7ades per a garantir la m\u00e0xima comoditat.<\/strong><\/h2>\n<p style=\"font-size: 16px; text-align: left;\">Es tracta d&#8217;un sof\u00e0 d&#8217;estil minimalista, que es caracteritza per les seves l\u00ednies pures i elegants. Gr\u00e0cies a la seva asseguda extraprofunda dels seients, Upi es converteix en l&#8217;opci\u00f3 ideal per al sal\u00f3 de qui busqui un sof\u00e0 confortable i amb un disseny atractiu.<\/p>\n<p style=\"font-size: 16px; text-align: left;\">L&#8217;estructura interior dels seients es presenta recoberta de plomes de gran qualitat, per a oferir una asseguda m\u00e9s suau i acollidora. A m\u00e9s, els seients incorporen tamb\u00e9 un innovador sistema de suspensi\u00f3 per adaptar-se amb facilitat al pes i a l&#8217;al\u00e7ada de cada persona i garantir el m\u00e0xim confort.<\/p>\n<p style=\"font-size: 16px; text-align: left;\">La col\u00b7lecci\u00f3 incorpora un extens bra\u00e7 de 9 cm d&#8217;amplada que amplia l&#8217;espai d&#8217;asseguda del sof\u00e0. Gr\u00e0cies a la seva estructura modular, Upi permet m\u00faltiples opcions de configuraci\u00f3.<\/p>\n<p style=\"font-size: 16px; text-align: left;\">El sof\u00e0 est\u00e0 disponible en una gran quantitat de teixits i acabats, oferint solucions personalitzades i adaptant-se a qualsevol espai de la llar.<\/p>\n<p style=\"font-size: 16px; text-align: left;\">A MIRSA interiorisme &#038; mobiliari som distribu\u00efdors oficials Moradillo. Per a m\u00e9s informaci\u00f3, visiti el nostre Showroom o contacti amb nosaltres.<\/p>\n<p>[\/vc_column_text][vc_row_inner][vc_column_inner]<style type=\"text\/css\">#bklyn_btn_69d371ada14de .bklyn-btn { color:#ffffff !important; background-color:black !important; }<\/style><div id=\"bklyn_btn_69d371ada14de\" class=\"bklyn-btn-holder  bklyn-btn-center bklyn-btn-tablet-center bklyn-btn-mobile-center\"><a title=\"Contacto\"   href=\"\/contacto\" target=\"_self\" class=\"bklyn-btn  bklyn-btn-icon-left bklyn-btn-normal\" ><i class=\"fa fa-envelope\"><\/i><span class=\"ut-btn-text\">M\u00e9s informaci\u00f3<\/span><\/a><\/div>[\/vc_column_inner][\/vc_row_inner][\/vc_column][\/vc_row]<\/p>\n<\/div>","protected":false},"excerpt":{"rendered":"<p>[vc_row][vc_column][vc_column_text] El sof\u00e1 Upi de la firma Moradillo ha estat dissenyat amb les tecnologies de fabricaci\u00f3 m\u00e9s avan\u00e7ades per a garantir la m\u00e0xima comoditat. Es tracta d&#8217;un sof\u00e0 d&#8217;estil minimalista, que es caracteritza per les seves l\u00ednies pures i elegants. Gr\u00e0cies a la seva asseguda extraprofunda dels seients, Upi es converteix en l&#8217;opci\u00f3 ideal per [&hellip;]<\/p>\n","protected":false},"author":1,"featured_media":0,"parent":0,"menu_order":0,"comment_status":"closed","ping_status":"closed","template":"","meta":{"footnotes":""},"class_list":["post-60574","page","type-page","status-publish","hentry"],"aioseo_notices":[],"_links":{"self":[{"href":"https:\/\/www.mirsa.es\/ca\/wp-json\/wp\/v2\/pages\/60574","targetHints":{"allow":["GET"]}}],"collection":[{"href":"https:\/\/www.mirsa.es\/ca\/wp-json\/wp\/v2\/pages"}],"about":[{"href":"https:\/\/www.mirsa.es\/ca\/wp-json\/wp\/v2\/types\/page"}],"author":[{"embeddable":true,"href":"https:\/\/www.mirsa.es\/ca\/wp-json\/wp\/v2\/users\/1"}],"replies":[{"embeddable":true,"href":"https:\/\/www.mirsa.es\/ca\/wp-json\/wp\/v2\/comments?post=60574"}],"version-history":[{"count":0,"href":"https:\/\/www.mirsa.es\/ca\/wp-json\/wp\/v2\/pages\/60574\/revisions"}],"wp:attachment":[{"href":"https:\/\/www.mirsa.es\/ca\/wp-json\/wp\/v2\/media?parent=60574"}],"curies":[{"name":"wp","href":"https:\/\/api.w.org\/{rel}","templated":true}]}}