{"id":60455,"date":"2021-11-02T11:19:16","date_gmt":"2021-11-02T11:19:16","guid":{"rendered":"https:\/\/www.mirsa.es\/sofa-oki-moradillo\/"},"modified":"2021-11-02T11:27:00","modified_gmt":"2021-11-02T11:27:00","slug":"sofa-oki-moradillo","status":"publish","type":"page","link":"https:\/\/www.mirsa.es\/ca\/sofa-oki-moradillo\/","title":{"rendered":"Sofa Oki Moradillo"},"content":{"rendered":"<div class=\"wpb-content-wrapper\"><p>[vc_row][vc_column][vc_column_text]<\/p>\n<p><img decoding=\"async\" class=\"wp-image-1077 size-large aligncenter\" title=\"Sofa Oki Moradillo\" src=\"\/wp-content\/uploads\/2021\/11\/sofa_oki_moradillo.jpg\" alt=\"Sofa Oki Moradillo\" width=\"100%\" height=\"400\"\/><\/p>\n<h2 style=\"font-size: 16px; text-align: left;\"><strong>Oki de la reconeguda firma Moradillo \u00e9s un exclusiu i refinat sof\u00e0 d&#8217;estil minimalista dissenyat amb les tecnologies m\u00e9s avan\u00e7ades per a garantir el m\u00e0xim confort.<\/strong><\/h2>\n<p style=\"font-size: 16px; text-align: left;\">Es tracta d&#8217;una col\u00b7lecci\u00f3 elegant i confortable, que es caracteritza pels volums purs i lleugers de la seva estructura.<\/p>\n<p style=\"font-size: 16px; text-align: left;\">El sof\u00e0 Oki es un sof\u00e0 confortable i acollidor, que incorpora un innovador sistema el\u00e8ctric relax a m\u00e9s d&#8217;una seguda de gran profunditat i un cap\u00e7al regulable. La col\u00b7lecci\u00f3 est\u00e0 disponible tamb\u00e9 en dues amplades diferents de bra\u00e7 (12cm o 22 cm).<\/p>\n<p style=\"font-size: 16px; text-align: left;\">Les m\u00faltiples opcions de configuraci\u00f3 i personalitzaci\u00f3 en els que est\u00e0 disponible Oki, el converteixen en un sof\u00e0 vers\u00e0til i polivalent, que s&#8217;adapta amb facilitat a qualsevol mena d&#8217;espai.<\/p>\n<p style=\"font-size: 16px; text-align: left;\">A MIRSA interiorisme &#038; mobiliari disposem d&#8217;una \u00e0mplia gamma de productes Moradillo. Per a m\u00e9s informaci\u00f3, visiti el nostre Showroom o contacti amb nosaltres.<\/p>\n<p>[\/vc_column_text][vc_row_inner][vc_column_inner]<style type=\"text\/css\">#bklyn_btn_69d371d81bc97 .bklyn-btn { color:#ffffff !important; background-color:black !important; }<\/style><div id=\"bklyn_btn_69d371d81bc97\" class=\"bklyn-btn-holder  bklyn-btn-center bklyn-btn-tablet-center bklyn-btn-mobile-center\"><a title=\"Contacto\"   href=\"\/contacto\" target=\"_self\" class=\"bklyn-btn  bklyn-btn-icon-left bklyn-btn-normal\" ><i class=\"fa fa-envelope\"><\/i><span class=\"ut-btn-text\">M\u00e9s informaci\u00f3<\/span><\/a><\/div>[\/vc_column_inner][\/vc_row_inner][\/vc_column][\/vc_row]<\/p>\n<\/div>","protected":false},"excerpt":{"rendered":"<p>[vc_row][vc_column][vc_column_text] Oki de la reconeguda firma Moradillo \u00e9s un exclusiu i refinat sof\u00e0 d&#8217;estil minimalista dissenyat amb les tecnologies m\u00e9s avan\u00e7ades per a garantir el m\u00e0xim confort. Es tracta d&#8217;una col\u00b7lecci\u00f3 elegant i confortable, que es caracteritza pels volums purs i lleugers de la seva estructura. El sof\u00e0 Oki es un sof\u00e0 confortable i acollidor, [&hellip;]<\/p>\n","protected":false},"author":1,"featured_media":0,"parent":0,"menu_order":0,"comment_status":"closed","ping_status":"closed","template":"","meta":{"footnotes":""},"class_list":["post-60455","page","type-page","status-publish","hentry"],"aioseo_notices":[],"_links":{"self":[{"href":"https:\/\/www.mirsa.es\/ca\/wp-json\/wp\/v2\/pages\/60455","targetHints":{"allow":["GET"]}}],"collection":[{"href":"https:\/\/www.mirsa.es\/ca\/wp-json\/wp\/v2\/pages"}],"about":[{"href":"https:\/\/www.mirsa.es\/ca\/wp-json\/wp\/v2\/types\/page"}],"author":[{"embeddable":true,"href":"https:\/\/www.mirsa.es\/ca\/wp-json\/wp\/v2\/users\/1"}],"replies":[{"embeddable":true,"href":"https:\/\/www.mirsa.es\/ca\/wp-json\/wp\/v2\/comments?post=60455"}],"version-history":[{"count":0,"href":"https:\/\/www.mirsa.es\/ca\/wp-json\/wp\/v2\/pages\/60455\/revisions"}],"wp:attachment":[{"href":"https:\/\/www.mirsa.es\/ca\/wp-json\/wp\/v2\/media?parent=60455"}],"curies":[{"name":"wp","href":"https:\/\/api.w.org\/{rel}","templated":true}]}}