{"id":60395,"date":"2021-10-29T16:38:49","date_gmt":"2021-10-29T16:38:49","guid":{"rendered":"https:\/\/www.mirsa.es\/?page_id=60395"},"modified":"2021-10-29T16:38:57","modified_gmt":"2021-10-29T16:38:57","slug":"sofa-lex-moradillo","status":"publish","type":"page","link":"https:\/\/www.mirsa.es\/ca\/sofa-lex-moradillo\/","title":{"rendered":"Sofa Lex Moradillo"},"content":{"rendered":"<div class=\"wpb-content-wrapper\"><p>[vc_row][vc_column][vc_column_text]<\/p>\n<p><img decoding=\"async\" class=\"wp-image-1077 size-large aligncenter\" title=\"Sofa Lex Moradillo\" src=\"\/wp-content\/uploads\/2021\/10\/sofa_lex_moradillo.jpg\" alt=\"Sofa Lex Moradillo\" width=\"100%\" height=\"400\"\/><\/p>\n<h2 style=\"font-size: 16px; text-align: left;\"><strong>Lex de la reconeguda firma Moradillo, \u00e9s un elegant i exclusiu sof\u00e0 d\u2019estil contemporani que es caracteriza pels seus innovadors sistemas relax, dissenyats per a garantir el m\u00e0xim confort.<\/strong><\/h2>\n<p style=\"font-size: 16px; text-align: left;\">L\u2019excel\u00b7lent qualitat dels materials utilitzats en la seva fabricaci\u00f3, juntament amb els detalls de costura que es presenta als respatllers i els seients, fan de Lex un sof\u00e0 elegant i confortable, ideal per al sal\u00f3 o sales d\u2019estar.<\/p>\n<p style=\"font-size: 16px; text-align: left;\">A la \u00faltima d\u00e9cada, Moradillo s\u2019ha convertit en una de les firmes de sof\u00e0s i entapissats m\u00e9s prestigioses a nivel nacional, gr\u00e0cies als seus excel\u00b7lents productes i a la gran varietat de productes que ofereix.<\/p>\n<p style=\"font-size: 16px; text-align: left;\">Es tracta d\u2019una col\u00b7lecci\u00f3 vers\u00e1til i polivalent, que gr\u00e0cies a les seves m\u00faltiples opcions de configuraci\u00f3n i personalitzaci\u00f3, s\u2019adapta amb facilitat a qualsevol mena d\u2019espai.<\/p>\n<p style=\"font-size: 16px; text-align: left;\">A MIRSA interiorisme &#038; mobiliari som distribu\u00efdors oficials Moradillo. Per a m\u00e9s informaci\u00f3, visiti el nostre Showroom o contacti amb nosaltres.<\/p>\n<p>[\/vc_column_text][vc_row_inner][vc_column_inner]<style type=\"text\/css\">#bklyn_btn_69d1d623d758e .bklyn-btn { color:#ffffff !important; background-color:black !important; }<\/style><div id=\"bklyn_btn_69d1d623d758e\" class=\"bklyn-btn-holder  bklyn-btn-center bklyn-btn-tablet-center bklyn-btn-mobile-center\"><a title=\"Contacto\"   href=\"\/contacto\" target=\"_self\" class=\"bklyn-btn  bklyn-btn-icon-left bklyn-btn-normal\" ><i class=\"fa fa-envelope\"><\/i><span class=\"ut-btn-text\">M\u00e9s informaci\u00f3<\/span><\/a><\/div>[\/vc_column_inner][\/vc_row_inner][vc_row_inner][vc_column_inner width=&#8221;1\/2&#8243;]<div  class=\"wpb_content_element   clearfix\"><style type=\"text\/css\">#ut_am_69d1d623d85dc { opacity: 1; }#ut_am_wrap_69d1d623d85dd { text-align: center; }@media (min-width: 768px) and (max-width: 1024px) { #ut_am_wrap_69d1d623d85dd { text-align: center !important; } }@media (max-width: 767px) { #ut_am_wrap_69d1d623d85dd { text-align: center !important; } }<\/style><div id=\"ut_am_wrap_69d1d623d85dd\" class=\"ut-image-gallery-image \"><div id=\"ut_reveal_69d1d623d85de\"  data-appear-top-offset=\"auto\" class=\"ut-animated-image-item ut-image-gallery-item ut-animation-done \"><a class=\"ut-deactivated-link\" href=\"#\"><div class=\"ut-animated-image-zoom\">\r\n        <div class=\"ut-element-glitch-wrap\">\r\n\r\n            \r\n        <style type=\"text\/css\">\r\n\r\n                        \r\n        @media (min-width: 1025px) {\r\n\r\n        #ut-element-glitch-69d1d623d85fd152455061-60388 .ut-glitch-single-element {\r\n                                            \r\n                }\r\n        }\r\n\r\n        @media (min-width: 768px) and (max-width: 1024px) {\r\n\r\n        #ut-element-glitch-69d1d623d85fd152455061-60388 .ut-glitch-single-element {\r\n                                                \r\n                    }\r\n        }\r\n\r\n        @media (max-width: 767px) {\r\n\r\n        #ut-element-glitch-69d1d623d85fd152455061-60388 .ut-glitch-single-element {\r\n                                                \r\n                    }\r\n        }\r\n\r\n        \r\n        <\/style>\r\n\r\n        \r\n            <div id=\"ut-element-glitch-69d1d623d85fd152455061-60388\" class=\" ut-element-glitch ut-glitch-none ut-element-glitch-permanent\">\r\n                <div class=\"ut-glitch-single-element ut-lozad skip-lazy\" data-background-image=\"https:\/\/www.mirsa.es\/wp-content\/uploads\/2021\/10\/sofa_lex_moradillo_01.jpg\"><\/div>\r\n                <div class=\"ut-glitch-single-element ut-lozad skip-lazy\" data-background-image=\"https:\/\/www.mirsa.es\/wp-content\/uploads\/2021\/10\/sofa_lex_moradillo_01.jpg\"><\/div>\r\n                <div class=\"ut-glitch-single-element ut-lozad skip-lazy\" data-background-image=\"https:\/\/www.mirsa.es\/wp-content\/uploads\/2021\/10\/sofa_lex_moradillo_01.jpg\"><\/div>\r\n                <div class=\"ut-glitch-single-element ut-lozad skip-lazy\" data-background-image=\"https:\/\/www.mirsa.es\/wp-content\/uploads\/2021\/10\/sofa_lex_moradillo_01.jpg\"><\/div>\r\n                <div class=\"ut-glitch-single-element ut-lozad skip-lazy\" data-background-image=\"https:\/\/www.mirsa.es\/wp-content\/uploads\/2021\/10\/sofa_lex_moradillo_01.jpg\"><\/div>\r\n            <\/div>\r\n\r\n        <\/div>\r\n\r\n        <img loading=\"lazy\" decoding=\"async\" class=\"ut-lazy skip-lazy ut-animated-image \"  id=\"ut_am_69d1d623d85dc\" src=\"data:image\/svg+xml;charset=utf-8,%3Csvg xmlns%3D'http%3A%2F%2Fwww.w3.org%2F2000%2Fsvg' viewBox%3D'0 0 600 324'%2F%3E\" data-src=\"https:\/\/www.mirsa.es\/wp-content\/uploads\/2021\/10\/sofa_lex_moradillo_01.jpg\" width=\"600\" height=\"324\" alt=\"\"\/><\/div><\/a><\/div><\/div><\/div>[\/vc_column_inner][vc_column_inner width=&#8221;1\/2&#8243;]<div  class=\"wpb_content_element   clearfix\"><style type=\"text\/css\">#ut_am_69d1d623d8da4 { opacity: 1; }#ut_am_wrap_69d1d623d8da5 { text-align: center; }@media (min-width: 768px) and (max-width: 1024px) { #ut_am_wrap_69d1d623d8da5 { text-align: center !important; } }@media (max-width: 767px) { #ut_am_wrap_69d1d623d8da5 { text-align: center !important; } }<\/style><div id=\"ut_am_wrap_69d1d623d8da5\" class=\"ut-image-gallery-image \"><div id=\"ut_reveal_69d1d623d8da6\"  data-appear-top-offset=\"auto\" class=\"ut-animated-image-item ut-image-gallery-item ut-animation-done \"><a class=\"ut-deactivated-link\" href=\"#\"><div class=\"ut-animated-image-zoom\">\r\n        <div class=\"ut-element-glitch-wrap\">\r\n\r\n            \r\n        <style type=\"text\/css\">\r\n\r\n                        \r\n        @media (min-width: 1025px) {\r\n\r\n        #ut-element-glitch-69d1d623d8dbf986875467-60391 .ut-glitch-single-element {\r\n                                            \r\n                }\r\n        }\r\n\r\n        @media (min-width: 768px) and (max-width: 1024px) {\r\n\r\n        #ut-element-glitch-69d1d623d8dbf986875467-60391 .ut-glitch-single-element {\r\n                                                \r\n                    }\r\n        }\r\n\r\n        @media (max-width: 767px) {\r\n\r\n        #ut-element-glitch-69d1d623d8dbf986875467-60391 .ut-glitch-single-element {\r\n                                                \r\n                    }\r\n        }\r\n\r\n        \r\n        <\/style>\r\n\r\n        \r\n            <div id=\"ut-element-glitch-69d1d623d8dbf986875467-60391\" class=\" ut-element-glitch ut-glitch-none ut-element-glitch-permanent\">\r\n                <div class=\"ut-glitch-single-element ut-lozad skip-lazy\" data-background-image=\"https:\/\/www.mirsa.es\/wp-content\/uploads\/2021\/10\/sofa_lex_moradillo_02.jpg\"><\/div>\r\n                <div class=\"ut-glitch-single-element ut-lozad skip-lazy\" data-background-image=\"https:\/\/www.mirsa.es\/wp-content\/uploads\/2021\/10\/sofa_lex_moradillo_02.jpg\"><\/div>\r\n                <div class=\"ut-glitch-single-element ut-lozad skip-lazy\" data-background-image=\"https:\/\/www.mirsa.es\/wp-content\/uploads\/2021\/10\/sofa_lex_moradillo_02.jpg\"><\/div>\r\n                <div class=\"ut-glitch-single-element ut-lozad skip-lazy\" data-background-image=\"https:\/\/www.mirsa.es\/wp-content\/uploads\/2021\/10\/sofa_lex_moradillo_02.jpg\"><\/div>\r\n                <div class=\"ut-glitch-single-element ut-lozad skip-lazy\" data-background-image=\"https:\/\/www.mirsa.es\/wp-content\/uploads\/2021\/10\/sofa_lex_moradillo_02.jpg\"><\/div>\r\n            <\/div>\r\n\r\n        <\/div>\r\n\r\n        <img loading=\"lazy\" decoding=\"async\" class=\"ut-lazy skip-lazy ut-animated-image \"  id=\"ut_am_69d1d623d8da4\" src=\"data:image\/svg+xml;charset=utf-8,%3Csvg xmlns%3D'http%3A%2F%2Fwww.w3.org%2F2000%2Fsvg' viewBox%3D'0 0 600 324'%2F%3E\" data-src=\"https:\/\/www.mirsa.es\/wp-content\/uploads\/2021\/10\/sofa_lex_moradillo_02.jpg\" width=\"600\" height=\"324\" alt=\"\"\/><\/div><\/a><\/div><\/div><\/div>[\/vc_column_inner][\/vc_row_inner][\/vc_column][\/vc_row]<\/p>\n<\/div>","protected":false},"excerpt":{"rendered":"<p>[vc_row][vc_column][vc_column_text] Lex de la reconeguda firma Moradillo, \u00e9s un elegant i exclusiu sof\u00e0 d\u2019estil contemporani que es caracteriza pels seus innovadors sistemas relax, dissenyats per a garantir el m\u00e0xim confort. L\u2019excel\u00b7lent qualitat dels materials utilitzats en la seva fabricaci\u00f3, juntament amb els detalls de costura que es presenta als respatllers i els seients, fan de [&hellip;]<\/p>\n","protected":false},"author":1,"featured_media":0,"parent":0,"menu_order":0,"comment_status":"closed","ping_status":"closed","template":"","meta":{"footnotes":""},"class_list":["post-60395","page","type-page","status-publish","hentry"],"aioseo_notices":[],"_links":{"self":[{"href":"https:\/\/www.mirsa.es\/ca\/wp-json\/wp\/v2\/pages\/60395","targetHints":{"allow":["GET"]}}],"collection":[{"href":"https:\/\/www.mirsa.es\/ca\/wp-json\/wp\/v2\/pages"}],"about":[{"href":"https:\/\/www.mirsa.es\/ca\/wp-json\/wp\/v2\/types\/page"}],"author":[{"embeddable":true,"href":"https:\/\/www.mirsa.es\/ca\/wp-json\/wp\/v2\/users\/1"}],"replies":[{"embeddable":true,"href":"https:\/\/www.mirsa.es\/ca\/wp-json\/wp\/v2\/comments?post=60395"}],"version-history":[{"count":0,"href":"https:\/\/www.mirsa.es\/ca\/wp-json\/wp\/v2\/pages\/60395\/revisions"}],"wp:attachment":[{"href":"https:\/\/www.mirsa.es\/ca\/wp-json\/wp\/v2\/media?parent=60395"}],"curies":[{"name":"wp","href":"https:\/\/api.w.org\/{rel}","templated":true}]}}