{"id":60349,"date":"2021-10-27T15:06:37","date_gmt":"2021-10-27T15:06:37","guid":{"rendered":"https:\/\/www.mirsa.es\/?page_id=60349"},"modified":"2022-12-07T17:06:24","modified_gmt":"2022-12-07T17:06:24","slug":"sofa-kol-moradillo","status":"publish","type":"page","link":"https:\/\/www.mirsa.es\/ca\/sofa-kol-moradillo\/","title":{"rendered":"Sofa Kol Moradillo"},"content":{"rendered":"<div class=\"wpb-content-wrapper\"><p>[vc_row][vc_column][vc_column_text]<\/p>\n<p><img decoding=\"async\" class=\"wp-image-1077 size-large aligncenter\" title=\"Sofa Kol Moradillo\" src=\"\/wp-content\/uploads\/2022\/12\/sofa_kol_moradillo_2022.jpg\" alt=\"Sofa Kol Moradillo\" width=\"100%\" height=\"400\"\/><\/p>\n<h2 style=\"font-size: 16px; text-align: left;\"><strong>Kol de la prestigiosa firma Moradillo \u00e9s un funcional i exclusiu sof\u00e0 d&#8217;estil contemporani, que troba l&#8217;equilibri perfecte entre disseny i comoditat.<\/strong><\/h2>\n<p style=\"font-size: 16px; text-align: left;\">Fabricat amb l&#8217;objectiu d&#8217;aportar el m\u00e0xim confort, Kol incorpora un sofisticat sistema el\u00e8ctric de relax, que permet regular la inclinaci\u00f3 dels cap\u00e7als, els respatllers i les bases del sof\u00e0.<\/p>\n<p style=\"font-size: 16px; text-align: left;\">Gr\u00e0cies a la seva estructura modular, el sof\u00e0 s&#8217;adapta amb facilitat a qualsevol mena d&#8217;espai, permitent aprofitar al m\u00e0xim l&#8217;espai del nostre sal\u00f3.<\/p>\n<p style=\"font-size: 16px; text-align: left;\">Com la majoria de col\u00b7leccions Moradillo, el sof\u00e0 est\u00e0 disponible en una gran quantitat de teixits i acabats, oferint aix\u00ed m\u00faltiples opcions de configuraci\u00f3 i personalitzaci\u00f3.<\/p>\n<p style=\"font-size: 16px; text-align: left;\">A MIRSA interiorisme &#038; mobiliari som distribu\u00efdors oficials Moradillo. Per a m\u00e9s informaci\u00f3, visiti el nostre Showroom o contacti amb nosaltres.<\/p>\n<p>[\/vc_column_text][vc_row_inner][vc_column_inner]<style type=\"text\/css\">#bklyn_btn_69d14b2f4d8ff .bklyn-btn { color:#ffffff !important; background-color:black !important; }<\/style><div id=\"bklyn_btn_69d14b2f4d8ff\" class=\"bklyn-btn-holder  bklyn-btn-center bklyn-btn-tablet-center bklyn-btn-mobile-center\"><a title=\"Contacto\"   href=\"\/contacto\" target=\"_self\" class=\"bklyn-btn  bklyn-btn-icon-left bklyn-btn-normal\" ><i class=\"fa fa-envelope\"><\/i><span class=\"ut-btn-text\">M\u00e9s informaci\u00f3<\/span><\/a><\/div>[\/vc_column_inner][\/vc_row_inner][\/vc_column][\/vc_row]<\/p>\n<\/div>","protected":false},"excerpt":{"rendered":"<p>[vc_row][vc_column][vc_column_text] Kol de la prestigiosa firma Moradillo \u00e9s un funcional i exclusiu sof\u00e0 d&#8217;estil contemporani, que troba l&#8217;equilibri perfecte entre disseny i comoditat. Fabricat amb l&#8217;objectiu d&#8217;aportar el m\u00e0xim confort, Kol incorpora un sofisticat sistema el\u00e8ctric de relax, que permet regular la inclinaci\u00f3 dels cap\u00e7als, els respatllers i les bases del sof\u00e0. Gr\u00e0cies a la [&hellip;]<\/p>\n","protected":false},"author":1,"featured_media":0,"parent":0,"menu_order":0,"comment_status":"closed","ping_status":"closed","template":"","meta":{"footnotes":""},"class_list":["post-60349","page","type-page","status-publish","hentry"],"aioseo_notices":[],"_links":{"self":[{"href":"https:\/\/www.mirsa.es\/ca\/wp-json\/wp\/v2\/pages\/60349","targetHints":{"allow":["GET"]}}],"collection":[{"href":"https:\/\/www.mirsa.es\/ca\/wp-json\/wp\/v2\/pages"}],"about":[{"href":"https:\/\/www.mirsa.es\/ca\/wp-json\/wp\/v2\/types\/page"}],"author":[{"embeddable":true,"href":"https:\/\/www.mirsa.es\/ca\/wp-json\/wp\/v2\/users\/1"}],"replies":[{"embeddable":true,"href":"https:\/\/www.mirsa.es\/ca\/wp-json\/wp\/v2\/comments?post=60349"}],"version-history":[{"count":0,"href":"https:\/\/www.mirsa.es\/ca\/wp-json\/wp\/v2\/pages\/60349\/revisions"}],"wp:attachment":[{"href":"https:\/\/www.mirsa.es\/ca\/wp-json\/wp\/v2\/media?parent=60349"}],"curies":[{"name":"wp","href":"https:\/\/api.w.org\/{rel}","templated":true}]}}