{"id":60218,"date":"2021-10-21T16:18:55","date_gmt":"2021-10-21T16:18:55","guid":{"rendered":"https:\/\/www.mirsa.es\/sofa-jaja-moradillo\/"},"modified":"2021-10-22T09:50:18","modified_gmt":"2021-10-22T09:50:18","slug":"sofa-jaja-moradillo","status":"publish","type":"page","link":"https:\/\/www.mirsa.es\/ca\/sofa-jaja-moradillo\/","title":{"rendered":"Sofa Jaja Moradillo"},"content":{"rendered":"<div class=\"wpb-content-wrapper\"><p>[vc_row][vc_column][vc_column_text]<\/p>\n<p><img decoding=\"async\" class=\"wp-image-1077 size-large aligncenter\" title=\"Sofa Jaja Moradillo\" src=\"\/wp-content\/uploads\/2021\/10\/sofa_jaja_moradillo.jpg\" alt=\"Sofa Jaja Moradillo\" width=\"100%\" height=\"400\"\/><\/p>\n<h2 style=\"font-size: 16px; text-align: left;\"><strong>El sof\u00e0 jaja de la firma Moradillo reuneix totes les caracter\u00edstiques per a garantir el m\u00e0xim confort: asseguda tova i profunda, polival\u00e8ncia, amplitud&#8230; I tot aix\u00f2 sense renunciar a la bellesa est\u00e8tica i tot aix\u00f2 sense renunciar a la bellesa est\u00e8tica que caracteritza a tots els models de la marca.<\/strong><\/h2>\n<p style=\"font-size: 16px; text-align: left;\">Es tracta d&#8217;una col\u00b7lecci\u00f3 de l\u00ednies suaus i acollidores, que combinen a la perfecci\u00f3 l&#8217;ess\u00e8ncia tradicional dels sof\u00e0s amb els elements m\u00e9s innovadors, per a transmetre la seva eleg\u00e0ncia i estil en qualsevol estan\u00e7a de la llar.<\/p>\n<p style=\"font-size: 16px; text-align: left;\">Com la majoria de les col\u00b7leccions Moradillo, el sof\u00e1 Jaja est\u00e0 disponible en un ampli ventall de colors i teixits, adaptant-se aix\u00ed a qualsevol mena d&#8217;espai i necessitat. A m\u00e9s, gr\u00e0cies a la seva estructura modular, permet m\u00faltiples opcions de configuraci\u00f3 i personalitzaci\u00f3.<\/p>\n<p style=\"font-size: 16px; text-align: left;\">A MIRSA interiorisme &#038; mobiliari som distribu\u00efdors oficials Moradillo. Per a m\u00e9s informaci\u00f3, visiti el nostre Showroom o contacti amb nosaltres.<\/p>\n<p>[\/vc_column_text][vc_row_inner][vc_column_inner]<style type=\"text\/css\">#bklyn_btn_69d2486e61b85 .bklyn-btn { color:#ffffff !important; background-color:black !important; }<\/style><div id=\"bklyn_btn_69d2486e61b85\" class=\"bklyn-btn-holder  bklyn-btn-center bklyn-btn-tablet-center bklyn-btn-mobile-center\"><a title=\"Contacto\"   href=\"\/contacto\" target=\"_self\" class=\"bklyn-btn  bklyn-btn-icon-left bklyn-btn-normal\" ><i class=\"fa fa-envelope\"><\/i><span class=\"ut-btn-text\">M\u00e9s informaci\u00f3<\/span><\/a><\/div>[\/vc_column_inner][\/vc_row_inner][vc_row_inner][vc_column_inner width=&#8221;1\/2&#8243;]<div  class=\"wpb_content_element   clearfix\"><style type=\"text\/css\">#ut_am_69d2486e62c15 { opacity: 1; }#ut_am_wrap_69d2486e62c16 { text-align: left; }@media (min-width: 768px) and (max-width: 1024px) { #ut_am_wrap_69d2486e62c16 { text-align: left !important; } }@media (max-width: 767px) { #ut_am_wrap_69d2486e62c16 { text-align: center !important; } }<\/style><div id=\"ut_am_wrap_69d2486e62c16\" class=\"ut-image-gallery-image \"><div id=\"ut_reveal_69d2486e62c17\"  data-appear-top-offset=\"auto\" class=\"ut-animated-image-item ut-image-gallery-item ut-animation-done \"><a class=\"ut-deactivated-link\" href=\"#\"><div class=\"ut-animated-image-zoom\">\r\n        <div class=\"ut-element-glitch-wrap\">\r\n\r\n            \r\n        <style type=\"text\/css\">\r\n\r\n                        \r\n        @media (min-width: 1025px) {\r\n\r\n        #ut-element-glitch-69d2486e62c37983040918-60208 .ut-glitch-single-element {\r\n                                            \r\n                }\r\n        }\r\n\r\n        @media (min-width: 768px) and (max-width: 1024px) {\r\n\r\n        #ut-element-glitch-69d2486e62c37983040918-60208 .ut-glitch-single-element {\r\n                                                \r\n                    }\r\n        }\r\n\r\n        @media (max-width: 767px) {\r\n\r\n        #ut-element-glitch-69d2486e62c37983040918-60208 .ut-glitch-single-element {\r\n                                                \r\n                    }\r\n        }\r\n\r\n        \r\n        <\/style>\r\n\r\n        \r\n            <div id=\"ut-element-glitch-69d2486e62c37983040918-60208\" class=\" ut-element-glitch ut-glitch-none ut-element-glitch-permanent\">\r\n                <div class=\"ut-glitch-single-element ut-lozad skip-lazy\" data-background-image=\"https:\/\/www.mirsa.es\/wp-content\/uploads\/2021\/10\/sofa_jaja_moradillo_01-325x217.jpg\"><\/div>\r\n                <div class=\"ut-glitch-single-element ut-lozad skip-lazy\" data-background-image=\"https:\/\/www.mirsa.es\/wp-content\/uploads\/2021\/10\/sofa_jaja_moradillo_01-325x217.jpg\"><\/div>\r\n                <div class=\"ut-glitch-single-element ut-lozad skip-lazy\" data-background-image=\"https:\/\/www.mirsa.es\/wp-content\/uploads\/2021\/10\/sofa_jaja_moradillo_01-325x217.jpg\"><\/div>\r\n                <div class=\"ut-glitch-single-element ut-lozad skip-lazy\" data-background-image=\"https:\/\/www.mirsa.es\/wp-content\/uploads\/2021\/10\/sofa_jaja_moradillo_01-325x217.jpg\"><\/div>\r\n                <div class=\"ut-glitch-single-element ut-lozad skip-lazy\" data-background-image=\"https:\/\/www.mirsa.es\/wp-content\/uploads\/2021\/10\/sofa_jaja_moradillo_01-325x217.jpg\"><\/div>\r\n            <\/div>\r\n\r\n        <\/div>\r\n\r\n        <img loading=\"lazy\" decoding=\"async\" class=\"ut-lazy skip-lazy ut-animated-image \"  id=\"ut_am_69d2486e62c15\" src=\"data:image\/svg+xml;charset=utf-8,%3Csvg xmlns%3D'http%3A%2F%2Fwww.w3.org%2F2000%2Fsvg' viewBox%3D'0 0 325 217'%2F%3E\" data-src=\"https:\/\/www.mirsa.es\/wp-content\/uploads\/2021\/10\/sofa_jaja_moradillo_01-325x217.jpg\" width=\"325\" height=\"217\" alt=\"\"\/><\/div><\/a><\/div><\/div><\/div>[\/vc_column_inner][vc_column_inner width=&#8221;1\/2&#8243;]<div  class=\"wpb_content_element   clearfix\"><style type=\"text\/css\">#ut_am_69d2486e6330f { opacity: 1; }#ut_am_wrap_69d2486e63310 { text-align: left; }@media (min-width: 768px) and (max-width: 1024px) { #ut_am_wrap_69d2486e63310 { text-align: left !important; } }@media (max-width: 767px) { #ut_am_wrap_69d2486e63310 { text-align: center !important; } }<\/style><div id=\"ut_am_wrap_69d2486e63310\" class=\"ut-image-gallery-image \"><div id=\"ut_reveal_69d2486e63311\"  data-appear-top-offset=\"auto\" class=\"ut-animated-image-item ut-image-gallery-item ut-animation-done \"><a class=\"ut-deactivated-link\" href=\"#\"><div class=\"ut-animated-image-zoom\">\r\n        <div class=\"ut-element-glitch-wrap\">\r\n\r\n            \r\n        <style type=\"text\/css\">\r\n\r\n                        \r\n        @media (min-width: 1025px) {\r\n\r\n        #ut-element-glitch-69d2486e63328838327783-60211 .ut-glitch-single-element {\r\n                                            \r\n                }\r\n        }\r\n\r\n        @media (min-width: 768px) and (max-width: 1024px) {\r\n\r\n        #ut-element-glitch-69d2486e63328838327783-60211 .ut-glitch-single-element {\r\n                                                \r\n                    }\r\n        }\r\n\r\n        @media (max-width: 767px) {\r\n\r\n        #ut-element-glitch-69d2486e63328838327783-60211 .ut-glitch-single-element {\r\n                                                \r\n                    }\r\n        }\r\n\r\n        \r\n        <\/style>\r\n\r\n        \r\n            <div id=\"ut-element-glitch-69d2486e63328838327783-60211\" class=\" ut-element-glitch ut-glitch-none ut-element-glitch-permanent\">\r\n                <div class=\"ut-glitch-single-element ut-lozad skip-lazy\" data-background-image=\"https:\/\/www.mirsa.es\/wp-content\/uploads\/2021\/10\/sofa_jaja_moradillo_02-325x217.jpg\"><\/div>\r\n                <div class=\"ut-glitch-single-element ut-lozad skip-lazy\" data-background-image=\"https:\/\/www.mirsa.es\/wp-content\/uploads\/2021\/10\/sofa_jaja_moradillo_02-325x217.jpg\"><\/div>\r\n                <div class=\"ut-glitch-single-element ut-lozad skip-lazy\" data-background-image=\"https:\/\/www.mirsa.es\/wp-content\/uploads\/2021\/10\/sofa_jaja_moradillo_02-325x217.jpg\"><\/div>\r\n                <div class=\"ut-glitch-single-element ut-lozad skip-lazy\" data-background-image=\"https:\/\/www.mirsa.es\/wp-content\/uploads\/2021\/10\/sofa_jaja_moradillo_02-325x217.jpg\"><\/div>\r\n                <div class=\"ut-glitch-single-element ut-lozad skip-lazy\" data-background-image=\"https:\/\/www.mirsa.es\/wp-content\/uploads\/2021\/10\/sofa_jaja_moradillo_02-325x217.jpg\"><\/div>\r\n            <\/div>\r\n\r\n        <\/div>\r\n\r\n        <img loading=\"lazy\" decoding=\"async\" class=\"ut-lazy skip-lazy ut-animated-image \"  id=\"ut_am_69d2486e6330f\" src=\"data:image\/svg+xml;charset=utf-8,%3Csvg xmlns%3D'http%3A%2F%2Fwww.w3.org%2F2000%2Fsvg' viewBox%3D'0 0 325 217'%2F%3E\" data-src=\"https:\/\/www.mirsa.es\/wp-content\/uploads\/2021\/10\/sofa_jaja_moradillo_02-325x217.jpg\" width=\"325\" height=\"217\" alt=\"\"\/><\/div><\/a><\/div><\/div><\/div>[\/vc_column_inner][\/vc_row_inner][\/vc_column][\/vc_row]<\/p>\n<\/div>","protected":false},"excerpt":{"rendered":"<p>[vc_row][vc_column][vc_column_text] El sof\u00e0 jaja de la firma Moradillo reuneix totes les caracter\u00edstiques per a garantir el m\u00e0xim confort: asseguda tova i profunda, polival\u00e8ncia, amplitud&#8230; I tot aix\u00f2 sense renunciar a la bellesa est\u00e8tica i tot aix\u00f2 sense renunciar a la bellesa est\u00e8tica que caracteritza a tots els models de la marca. Es tracta d&#8217;una col\u00b7lecci\u00f3 [&hellip;]<\/p>\n","protected":false},"author":1,"featured_media":0,"parent":0,"menu_order":0,"comment_status":"closed","ping_status":"closed","template":"","meta":{"footnotes":""},"class_list":["post-60218","page","type-page","status-publish","hentry"],"aioseo_notices":[],"_links":{"self":[{"href":"https:\/\/www.mirsa.es\/ca\/wp-json\/wp\/v2\/pages\/60218","targetHints":{"allow":["GET"]}}],"collection":[{"href":"https:\/\/www.mirsa.es\/ca\/wp-json\/wp\/v2\/pages"}],"about":[{"href":"https:\/\/www.mirsa.es\/ca\/wp-json\/wp\/v2\/types\/page"}],"author":[{"embeddable":true,"href":"https:\/\/www.mirsa.es\/ca\/wp-json\/wp\/v2\/users\/1"}],"replies":[{"embeddable":true,"href":"https:\/\/www.mirsa.es\/ca\/wp-json\/wp\/v2\/comments?post=60218"}],"version-history":[{"count":0,"href":"https:\/\/www.mirsa.es\/ca\/wp-json\/wp\/v2\/pages\/60218\/revisions"}],"wp:attachment":[{"href":"https:\/\/www.mirsa.es\/ca\/wp-json\/wp\/v2\/media?parent=60218"}],"curies":[{"name":"wp","href":"https:\/\/api.w.org\/{rel}","templated":true}]}}