{"id":60198,"date":"2021-10-21T10:26:07","date_gmt":"2021-10-21T10:26:07","guid":{"rendered":"https:\/\/www.mirsa.es\/?page_id=60198"},"modified":"2021-10-21T10:44:40","modified_gmt":"2021-10-21T10:44:40","slug":"sofa-izu-moradillo","status":"publish","type":"page","link":"https:\/\/www.mirsa.es\/ca\/sofa-izu-moradillo\/","title":{"rendered":"Sofa Izu Moradillo"},"content":{"rendered":"<div class=\"wpb-content-wrapper\"><p>[vc_row][vc_column][vc_column_text]<\/p>\n<p><img decoding=\"async\" class=\"wp-image-1077 size-large aligncenter\" title=\"Sofa Izu Moradillo\" src=\"\/wp-content\/uploads\/2021\/10\/sofa_izu_moradillo.jpg\" alt=\"Sofa Izu Moradillo\" width=\"100%\" height=\"400\"\/><\/p>\n<h2 style=\"font-size: 16px; text-align: left;\"><strong>Izu de l&#8217;exclusiva firma Moradillo \u00e9s un elegant i confortable sof\u00e0 d&#8217;estil contemporani que es caracteritza per la seva estructura de l\u00ednies suaus i acollidores.<\/strong><\/h2>\n<p style=\"font-size: 16px; text-align: left;\">Es tracta d&#8217;un sof\u00e0 de seients profunds i tous, dissenyats amb especial atenci\u00f3 per afavorir el descans i la relaxaci\u00f3. Una combinaci\u00f3 perfecta entre disseny i comoditat, on la bellesa est\u00e8tica i el confort es complementen a la perfecci\u00f3 per a concebre una pe\u00e7a \u00fanica.<\/p>\n<p style=\"font-size: 16px; text-align: left;\">Una colecci\u00f3n vers\u00e1til, s\u00f3lida y refinada, que gracias a su estructura modular, permite m\u00faltiples opciones de configuraci\u00f3n y personalizaci\u00f3n. Gracias a su amplio abanico de tejidos y acabados, el sof\u00e1 Izu se adapta con facilidad a cualquier tipo de espacios.<\/p>\n<p style=\"font-size: 16px; text-align: left;\">En MIRSA interiorismo &#038; mobiliario somos distribuidores oficiales Moradillo. Para m\u00e1s informaci\u00f3n, visite nuestro Showroom o contacte con nosotros.<\/p>\n<p>[\/vc_column_text][vc_row_inner][vc_column_inner]<style type=\"text\/css\">#bklyn_btn_69d1e53d24705 .bklyn-btn { color:#ffffff !important; background-color:black !important; }<\/style><div id=\"bklyn_btn_69d1e53d24705\" class=\"bklyn-btn-holder  bklyn-btn-center bklyn-btn-tablet-center bklyn-btn-mobile-center\"><a title=\"Contacto\"   href=\"\/contacto\" target=\"_self\" class=\"bklyn-btn  bklyn-btn-icon-left bklyn-btn-normal\" ><i class=\"fa fa-envelope\"><\/i><span class=\"ut-btn-text\">M\u00e1s informaci\u00f3n<\/span><\/a><\/div>[\/vc_column_inner][\/vc_row_inner][\/vc_column][\/vc_row]<\/p>\n<\/div>","protected":false},"excerpt":{"rendered":"<p>[vc_row][vc_column][vc_column_text] Izu de l&#8217;exclusiva firma Moradillo \u00e9s un elegant i confortable sof\u00e0 d&#8217;estil contemporani que es caracteritza per la seva estructura de l\u00ednies suaus i acollidores. Es tracta d&#8217;un sof\u00e0 de seients profunds i tous, dissenyats amb especial atenci\u00f3 per afavorir el descans i la relaxaci\u00f3. Una combinaci\u00f3 perfecta entre disseny i comoditat, on la [&hellip;]<\/p>\n","protected":false},"author":1,"featured_media":0,"parent":0,"menu_order":0,"comment_status":"closed","ping_status":"closed","template":"","meta":{"footnotes":""},"class_list":["post-60198","page","type-page","status-publish","hentry"],"aioseo_notices":[],"_links":{"self":[{"href":"https:\/\/www.mirsa.es\/ca\/wp-json\/wp\/v2\/pages\/60198","targetHints":{"allow":["GET"]}}],"collection":[{"href":"https:\/\/www.mirsa.es\/ca\/wp-json\/wp\/v2\/pages"}],"about":[{"href":"https:\/\/www.mirsa.es\/ca\/wp-json\/wp\/v2\/types\/page"}],"author":[{"embeddable":true,"href":"https:\/\/www.mirsa.es\/ca\/wp-json\/wp\/v2\/users\/1"}],"replies":[{"embeddable":true,"href":"https:\/\/www.mirsa.es\/ca\/wp-json\/wp\/v2\/comments?post=60198"}],"version-history":[{"count":0,"href":"https:\/\/www.mirsa.es\/ca\/wp-json\/wp\/v2\/pages\/60198\/revisions"}],"wp:attachment":[{"href":"https:\/\/www.mirsa.es\/ca\/wp-json\/wp\/v2\/media?parent=60198"}],"curies":[{"name":"wp","href":"https:\/\/api.w.org\/{rel}","templated":true}]}}