{"id":60129,"date":"2021-10-16T11:16:58","date_gmt":"2021-10-16T11:16:58","guid":{"rendered":"https:\/\/www.mirsa.es\/sofa-edam-moradillo\/"},"modified":"2021-10-16T11:23:11","modified_gmt":"2021-10-16T11:23:11","slug":"sofa-edam-moradillo","status":"publish","type":"page","link":"https:\/\/www.mirsa.es\/ca\/sofa-edam-moradillo\/","title":{"rendered":"Sofa Edam Moradillo"},"content":{"rendered":"<div class=\"wpb-content-wrapper\"><p>[vc_row][vc_column][vc_column_text]<\/p>\n<p><img decoding=\"async\" class=\"wp-image-1077 size-large aligncenter\" title=\"Sofa Edam Moradillo\" src=\"\/wp-content\/uploads\/2021\/10\/sofa_edam_moradillo.jpg\" alt=\"Sofa Edam Moradillo\" width=\"100%\" height=\"400\"\/><\/p>\n<h2 style=\"font-size: 16px; text-align: left;\"><strong>Edam de la prestigiosa firma Moradillo \u00e9s un exclusiu i funcional sof\u00e0 d&#8217;estil contemporani que es caracteritza pel seu innovador sistema relax, que garanteix la m\u00e0xima comoditat.<\/strong><\/h2>\n<p style=\"font-size: 16px; text-align: left;\">Es tracta d&#8217;un sof\u00e0 vers\u00e0til i polivalent, que ofereix m\u00faltiples opcions de configuraci\u00f3 i personalitzaci\u00f3, gr\u00e0cies a la seva estructura modular i al seu ampli ventall de teixits, materials i acabats.<\/p>\n<p style=\"font-size: 16px; text-align: left;\">La col\u00b7lecci\u00f3 incorpora un innovador mecanisme relax, que permet regular la inclinaci\u00f3 dels cap\u00e7als i la profunditat dels seients, garantint aix\u00ed el m\u00e0xim confort.<\/p>\n<p style=\"font-size: 16px; text-align: left;\">El sof\u00e0 Edam aconsegueix l&#8217;equilibri perfecte entre eleg\u00e0ncia i confort, i marca la difer\u00e8ncia amb l&#8217;especial atenci\u00f3 que dedica als detalls de cada part de la seva estructura.<\/p>\n<p style=\"font-size: 16px; text-align: left;\">A MIRSA interiorisme &#038; mobiliari som distribu\u00efdors oficials Moradillo. Per a m\u00e9s informaci\u00f3, visiti el nostre Showroom o contacti amb nosaltres.<\/p>\n<p>[\/vc_column_text][vc_row_inner][vc_column_inner]<style type=\"text\/css\">#bklyn_btn_69d209c2e1e77 .bklyn-btn { color:#ffffff !important; background-color:black !important; }<\/style><div id=\"bklyn_btn_69d209c2e1e77\" class=\"bklyn-btn-holder  bklyn-btn-center bklyn-btn-tablet-center bklyn-btn-mobile-center\"><a title=\"Contacto\"   href=\"\/contacto\" target=\"_self\" class=\"bklyn-btn  bklyn-btn-icon-left bklyn-btn-normal\" ><i class=\"fa fa-envelope\"><\/i><span class=\"ut-btn-text\">M\u00e9s informaci\u00f3<\/span><\/a><\/div>[\/vc_column_inner][\/vc_row_inner][\/vc_column][\/vc_row]<\/p>\n<\/div>","protected":false},"excerpt":{"rendered":"<p>[vc_row][vc_column][vc_column_text] Edam de la prestigiosa firma Moradillo \u00e9s un exclusiu i funcional sof\u00e0 d&#8217;estil contemporani que es caracteritza pel seu innovador sistema relax, que garanteix la m\u00e0xima comoditat. Es tracta d&#8217;un sof\u00e0 vers\u00e0til i polivalent, que ofereix m\u00faltiples opcions de configuraci\u00f3 i personalitzaci\u00f3, gr\u00e0cies a la seva estructura modular i al seu ampli ventall de [&hellip;]<\/p>\n","protected":false},"author":1,"featured_media":0,"parent":0,"menu_order":0,"comment_status":"closed","ping_status":"closed","template":"","meta":{"footnotes":""},"class_list":["post-60129","page","type-page","status-publish","hentry"],"aioseo_notices":[],"_links":{"self":[{"href":"https:\/\/www.mirsa.es\/ca\/wp-json\/wp\/v2\/pages\/60129","targetHints":{"allow":["GET"]}}],"collection":[{"href":"https:\/\/www.mirsa.es\/ca\/wp-json\/wp\/v2\/pages"}],"about":[{"href":"https:\/\/www.mirsa.es\/ca\/wp-json\/wp\/v2\/types\/page"}],"author":[{"embeddable":true,"href":"https:\/\/www.mirsa.es\/ca\/wp-json\/wp\/v2\/users\/1"}],"replies":[{"embeddable":true,"href":"https:\/\/www.mirsa.es\/ca\/wp-json\/wp\/v2\/comments?post=60129"}],"version-history":[{"count":0,"href":"https:\/\/www.mirsa.es\/ca\/wp-json\/wp\/v2\/pages\/60129\/revisions"}],"wp:attachment":[{"href":"https:\/\/www.mirsa.es\/ca\/wp-json\/wp\/v2\/media?parent=60129"}],"curies":[{"name":"wp","href":"https:\/\/api.w.org\/{rel}","templated":true}]}}