{"id":60071,"date":"2021-10-13T14:32:27","date_gmt":"2021-10-13T14:32:27","guid":{"rendered":"https:\/\/www.mirsa.es\/?page_id=60071"},"modified":"2021-10-13T14:42:16","modified_gmt":"2021-10-13T14:42:16","slug":"sofa-black-moradillo","status":"publish","type":"page","link":"https:\/\/www.mirsa.es\/ca\/sofa-black-moradillo\/","title":{"rendered":"Sofa Black Moradillo"},"content":{"rendered":"<div class=\"wpb-content-wrapper\"><p>[vc_row][vc_column][vc_column_text]<\/p>\n<p><img decoding=\"async\" class=\"wp-image-1077 size-large aligncenter\" title=\"Sofa Black Moradillo\" src=\"\/wp-content\/uploads\/2021\/10\/sofa_black_moradillo.jpg\" alt=\"Sofa Black Moradillo\" width=\"100%\" height=\"400\"\/><\/p>\n<h2 style=\"font-size: 16px; text-align: left;\"><strong>El sof\u00e0 Black de Moradillo \u00e9s un espectacular seient d&#8217;estil contemporani que es caracteritza per la seva funcional estructura modular, que permet m\u00faltiples opcions de configuraci\u00f3.<\/strong><\/h2>\n<p style=\"font-size: 16px; text-align: left;\">Es tracta d&#8217;una col\u00b7lecci\u00f3 elegant i exclusiva, que garanteix la m\u00e0xima comoditat sense renunciar a un disseny elegant i exclusiu.<\/p>\n<p style=\"font-size: 16px; text-align: left;\">Els seients del sof\u00e0 destaquen pel seu gran Fons i per la seva estructura tova, que garanteix la m\u00e0xima comoditat i afavoreixen el descans. Els entapissats estan disponibles en una gran quantitat de colors i acabats.<\/p>\n<p style=\"font-size: 16px; text-align: left;\">D&#8217;altra banda, la col\u00b7lecci\u00f3 disposa de seients desenfundables i bra\u00e7os desmuntables, allargant la vida \u00fatil del producte i proporcionant una gran flexibilitat quant a opcions de personalitzaci\u00f3.<\/p>\n<p style=\"font-size: 16px; text-align: left;\">A MIRSA interiorisme &#038; mobiliari som distribu\u00efdors oficials Moradillo. Per a m\u00e9s informaci\u00f3, visiti el nostre Showroom o contacti amb nosaltres.<\/p>\n<p>[\/vc_column_text][vc_row_inner][vc_column_inner]<style type=\"text\/css\">#bklyn_btn_69d20316dfde1 .bklyn-btn { color:#ffffff !important; background-color:black !important; }<\/style><div id=\"bklyn_btn_69d20316dfde1\" class=\"bklyn-btn-holder  bklyn-btn-center bklyn-btn-tablet-center bklyn-btn-mobile-center\"><a title=\"Contacto\"   href=\"\/contacto\" target=\"_self\" class=\"bklyn-btn  bklyn-btn-icon-left bklyn-btn-normal\" ><i class=\"fa fa-envelope\"><\/i><span class=\"ut-btn-text\">M\u00e9s informaci\u00f3<\/span><\/a><\/div>[\/vc_column_inner][\/vc_row_inner][vc_row_inner][vc_column_inner width=&#8221;1\/2&#8243;]<div  class=\"wpb_content_element   clearfix\"><style type=\"text\/css\">#ut_am_69d20316e0c30 { opacity: 1; }#ut_am_wrap_69d20316e0c31 { text-align: left; }@media (min-width: 768px) and (max-width: 1024px) { #ut_am_wrap_69d20316e0c31 { text-align: left !important; } }@media (max-width: 767px) { #ut_am_wrap_69d20316e0c31 { text-align: center !important; } }<\/style><div id=\"ut_am_wrap_69d20316e0c31\" class=\"ut-image-gallery-image \"><div id=\"ut_reveal_69d20316e0c32\"  data-appear-top-offset=\"auto\" class=\"ut-animated-image-item ut-image-gallery-item ut-animation-done \"><a class=\"ut-deactivated-link\" href=\"#\"><div class=\"ut-animated-image-zoom\">\r\n        <div class=\"ut-element-glitch-wrap\">\r\n\r\n            \r\n        <style type=\"text\/css\">\r\n\r\n                        \r\n        @media (min-width: 1025px) {\r\n\r\n        #ut-element-glitch-69d20316e0c52607001438-60065 .ut-glitch-single-element {\r\n                                            \r\n                }\r\n        }\r\n\r\n        @media (min-width: 768px) and (max-width: 1024px) {\r\n\r\n        #ut-element-glitch-69d20316e0c52607001438-60065 .ut-glitch-single-element {\r\n                                                \r\n                    }\r\n        }\r\n\r\n        @media (max-width: 767px) {\r\n\r\n        #ut-element-glitch-69d20316e0c52607001438-60065 .ut-glitch-single-element {\r\n                                                \r\n                    }\r\n        }\r\n\r\n        \r\n        <\/style>\r\n\r\n        \r\n            <div id=\"ut-element-glitch-69d20316e0c52607001438-60065\" class=\" ut-element-glitch ut-glitch-none ut-element-glitch-permanent\">\r\n                <div class=\"ut-glitch-single-element ut-lozad skip-lazy\" data-background-image=\"https:\/\/www.mirsa.es\/wp-content\/uploads\/2021\/10\/sofa_black_moradillo_01.jpg\"><\/div>\r\n                <div class=\"ut-glitch-single-element ut-lozad skip-lazy\" data-background-image=\"https:\/\/www.mirsa.es\/wp-content\/uploads\/2021\/10\/sofa_black_moradillo_01.jpg\"><\/div>\r\n                <div class=\"ut-glitch-single-element ut-lozad skip-lazy\" data-background-image=\"https:\/\/www.mirsa.es\/wp-content\/uploads\/2021\/10\/sofa_black_moradillo_01.jpg\"><\/div>\r\n                <div class=\"ut-glitch-single-element ut-lozad skip-lazy\" data-background-image=\"https:\/\/www.mirsa.es\/wp-content\/uploads\/2021\/10\/sofa_black_moradillo_01.jpg\"><\/div>\r\n                <div class=\"ut-glitch-single-element ut-lozad skip-lazy\" data-background-image=\"https:\/\/www.mirsa.es\/wp-content\/uploads\/2021\/10\/sofa_black_moradillo_01.jpg\"><\/div>\r\n            <\/div>\r\n\r\n        <\/div>\r\n\r\n        <img loading=\"lazy\" decoding=\"async\" class=\"ut-lazy skip-lazy ut-animated-image \"  id=\"ut_am_69d20316e0c30\" src=\"data:image\/svg+xml;charset=utf-8,%3Csvg xmlns%3D'http%3A%2F%2Fwww.w3.org%2F2000%2Fsvg' viewBox%3D'0 0 600 324'%2F%3E\" data-src=\"https:\/\/www.mirsa.es\/wp-content\/uploads\/2021\/10\/sofa_black_moradillo_01.jpg\" width=\"600\" height=\"324\" alt=\"\"\/><\/div><\/a><\/div><\/div><\/div>[\/vc_column_inner][vc_column_inner width=&#8221;1\/2&#8243;]<div  class=\"wpb_content_element   clearfix\"><style type=\"text\/css\">#ut_am_69d20316e1191 { opacity: 1; }#ut_am_wrap_69d20316e1192 { text-align: left; }@media (min-width: 768px) and (max-width: 1024px) { #ut_am_wrap_69d20316e1192 { text-align: left !important; } }@media (max-width: 767px) { #ut_am_wrap_69d20316e1192 { text-align: center !important; } }<\/style><div id=\"ut_am_wrap_69d20316e1192\" class=\"ut-image-gallery-image \"><div id=\"ut_reveal_69d20316e1193\"  data-appear-top-offset=\"auto\" class=\"ut-animated-image-item ut-image-gallery-item ut-animation-done \"><a class=\"ut-deactivated-link\" href=\"#\"><div class=\"ut-animated-image-zoom\">\r\n        <div class=\"ut-element-glitch-wrap\">\r\n\r\n            \r\n        <style type=\"text\/css\">\r\n\r\n                        \r\n        @media (min-width: 1025px) {\r\n\r\n        #ut-element-glitch-69d20316e11ba139252487-60068 .ut-glitch-single-element {\r\n                                            \r\n                }\r\n        }\r\n\r\n        @media (min-width: 768px) and (max-width: 1024px) {\r\n\r\n        #ut-element-glitch-69d20316e11ba139252487-60068 .ut-glitch-single-element {\r\n                                                \r\n                    }\r\n        }\r\n\r\n        @media (max-width: 767px) {\r\n\r\n        #ut-element-glitch-69d20316e11ba139252487-60068 .ut-glitch-single-element {\r\n                                                \r\n                    }\r\n        }\r\n\r\n        \r\n        <\/style>\r\n\r\n        \r\n            <div id=\"ut-element-glitch-69d20316e11ba139252487-60068\" class=\" ut-element-glitch ut-glitch-none ut-element-glitch-permanent\">\r\n                <div class=\"ut-glitch-single-element ut-lozad skip-lazy\" data-background-image=\"https:\/\/www.mirsa.es\/wp-content\/uploads\/2021\/10\/sofa_black_moradillo_02.jpg\"><\/div>\r\n                <div class=\"ut-glitch-single-element ut-lozad skip-lazy\" data-background-image=\"https:\/\/www.mirsa.es\/wp-content\/uploads\/2021\/10\/sofa_black_moradillo_02.jpg\"><\/div>\r\n                <div class=\"ut-glitch-single-element ut-lozad skip-lazy\" data-background-image=\"https:\/\/www.mirsa.es\/wp-content\/uploads\/2021\/10\/sofa_black_moradillo_02.jpg\"><\/div>\r\n                <div class=\"ut-glitch-single-element ut-lozad skip-lazy\" data-background-image=\"https:\/\/www.mirsa.es\/wp-content\/uploads\/2021\/10\/sofa_black_moradillo_02.jpg\"><\/div>\r\n                <div class=\"ut-glitch-single-element ut-lozad skip-lazy\" data-background-image=\"https:\/\/www.mirsa.es\/wp-content\/uploads\/2021\/10\/sofa_black_moradillo_02.jpg\"><\/div>\r\n            <\/div>\r\n\r\n        <\/div>\r\n\r\n        <img loading=\"lazy\" decoding=\"async\" class=\"ut-lazy skip-lazy ut-animated-image \"  id=\"ut_am_69d20316e1191\" src=\"data:image\/svg+xml;charset=utf-8,%3Csvg xmlns%3D'http%3A%2F%2Fwww.w3.org%2F2000%2Fsvg' viewBox%3D'0 0 600 324'%2F%3E\" data-src=\"https:\/\/www.mirsa.es\/wp-content\/uploads\/2021\/10\/sofa_black_moradillo_02.jpg\" width=\"600\" height=\"324\" alt=\"\"\/><\/div><\/a><\/div><\/div><\/div>[\/vc_column_inner][\/vc_row_inner][\/vc_column][\/vc_row]<\/p>\n<\/div>","protected":false},"excerpt":{"rendered":"<p>[vc_row][vc_column][vc_column_text] El sof\u00e0 Black de Moradillo \u00e9s un espectacular seient d&#8217;estil contemporani que es caracteritza per la seva funcional estructura modular, que permet m\u00faltiples opcions de configuraci\u00f3. Es tracta d&#8217;una col\u00b7lecci\u00f3 elegant i exclusiva, que garanteix la m\u00e0xima comoditat sense renunciar a un disseny elegant i exclusiu. Els seients del sof\u00e0 destaquen pel seu gran [&hellip;]<\/p>\n","protected":false},"author":1,"featured_media":0,"parent":0,"menu_order":0,"comment_status":"closed","ping_status":"closed","template":"","meta":{"footnotes":""},"class_list":["post-60071","page","type-page","status-publish","hentry"],"aioseo_notices":[],"_links":{"self":[{"href":"https:\/\/www.mirsa.es\/ca\/wp-json\/wp\/v2\/pages\/60071","targetHints":{"allow":["GET"]}}],"collection":[{"href":"https:\/\/www.mirsa.es\/ca\/wp-json\/wp\/v2\/pages"}],"about":[{"href":"https:\/\/www.mirsa.es\/ca\/wp-json\/wp\/v2\/types\/page"}],"author":[{"embeddable":true,"href":"https:\/\/www.mirsa.es\/ca\/wp-json\/wp\/v2\/users\/1"}],"replies":[{"embeddable":true,"href":"https:\/\/www.mirsa.es\/ca\/wp-json\/wp\/v2\/comments?post=60071"}],"version-history":[{"count":0,"href":"https:\/\/www.mirsa.es\/ca\/wp-json\/wp\/v2\/pages\/60071\/revisions"}],"wp:attachment":[{"href":"https:\/\/www.mirsa.es\/ca\/wp-json\/wp\/v2\/media?parent=60071"}],"curies":[{"name":"wp","href":"https:\/\/api.w.org\/{rel}","templated":true}]}}