{"id":60020,"date":"2021-10-09T09:59:04","date_gmt":"2021-10-09T09:59:04","guid":{"rendered":"https:\/\/www.mirsa.es\/sofa-aral-moradillo\/"},"modified":"2021-10-09T10:48:29","modified_gmt":"2021-10-09T10:48:29","slug":"sofa-aral-moradillo","status":"publish","type":"page","link":"https:\/\/www.mirsa.es\/ca\/sofa-aral-moradillo\/","title":{"rendered":"Sofa Aral Moradillo"},"content":{"rendered":"<div class=\"wpb-content-wrapper\"><p>[vc_row][vc_column][vc_column_text]<\/p>\n<p><img decoding=\"async\" class=\"wp-image-1077 size-large aligncenter\" title=\"Sofa Aral Moradillo\" src=\"\/wp-content\/uploads\/2021\/10\/sofa_aral_moradillo.jpg\" alt=\"Sofa Aral Moradillo\" width=\"100%\" height=\"400\"\/><\/p>\n<h2 style=\"font-size: 16px; text-align: left;\"><strong>Aral de la reconeguda firma Moradillo \u00e9s un confortable i funcional sof\u00e0 d&#8217;estil contemporani que es caracteritza per les seves l\u00ednies angulars i els seus volums purs i rectes.<\/strong><\/h2>\n<p style=\"font-size: 16px; text-align: left;\">Es traca d&#8217;un sof\u00e0 vers\u00e0til i polivalent, que ofereix infinitat d&#8217;opcions de configuraci\u00f3 i personalitzaci\u00f3, i que s&#8217;adapta amb facilitat a qualsevol espai gr\u00e0cies a la seva estructura modular.<\/p>\n<p style=\"font-size: 16px; text-align: left;\">La passi\u00f3 pel detall marca la diferencia al sof\u00e0 Aral, que revela uns acabats de la m\u00e0xima qualitat, fabricats amb t\u00e8cniques artesanals que el diferencien d&#8217;altres sof\u00e0s i el converteixen en una pe\u00e7a \u00fanica.<\/p>\n<p style=\"font-size: 16px; text-align: left;\">La col\u00b7lecci\u00f3 incorpora un innovador sistema de respatller de doble posici\u00f3 que permet escollir la posici\u00f3 de la seguda del seient i l&#8217;al\u00e7ada del respatller, amb l&#8217;objectiu de trobar la posici\u00f3 perfecta per al descans i per afavorir al m\u00e0xim la comoditat.<\/p>\n<p style=\"font-size: 16px; text-align: left;\">A MIRSA interiorisme &#038; mobiliari som distribu\u00efdors oficials Moradillo. Per a m\u00e9s informaci\u00f3, visiti el nostre Showroom o contacti amb nosaltres.<\/p>\n<p>[\/vc_column_text][vc_row_inner][vc_column_inner]<style type=\"text\/css\">#bklyn_btn_69d1c15f9c8cb .bklyn-btn { color:#ffffff !important; background-color:black !important; }<\/style><div id=\"bklyn_btn_69d1c15f9c8cb\" class=\"bklyn-btn-holder  bklyn-btn-center bklyn-btn-tablet-center bklyn-btn-mobile-center\"><a title=\"Contacto\"   href=\"\/contacto\" target=\"_self\" class=\"bklyn-btn  bklyn-btn-icon-left bklyn-btn-normal\" ><i class=\"fa fa-envelope\"><\/i><span class=\"ut-btn-text\">M\u00e9s informaci\u00f3<\/span><\/a><\/div>[\/vc_column_inner][\/vc_row_inner][\/vc_column][\/vc_row]<\/p>\n<\/div>","protected":false},"excerpt":{"rendered":"<p>[vc_row][vc_column][vc_column_text] Aral de la reconeguda firma Moradillo \u00e9s un confortable i funcional sof\u00e0 d&#8217;estil contemporani que es caracteritza per les seves l\u00ednies angulars i els seus volums purs i rectes. Es traca d&#8217;un sof\u00e0 vers\u00e0til i polivalent, que ofereix infinitat d&#8217;opcions de configuraci\u00f3 i personalitzaci\u00f3, i que s&#8217;adapta amb facilitat a qualsevol espai gr\u00e0cies a [&hellip;]<\/p>\n","protected":false},"author":1,"featured_media":0,"parent":0,"menu_order":0,"comment_status":"closed","ping_status":"closed","template":"","meta":{"footnotes":""},"class_list":["post-60020","page","type-page","status-publish","hentry"],"aioseo_notices":[],"_links":{"self":[{"href":"https:\/\/www.mirsa.es\/ca\/wp-json\/wp\/v2\/pages\/60020","targetHints":{"allow":["GET"]}}],"collection":[{"href":"https:\/\/www.mirsa.es\/ca\/wp-json\/wp\/v2\/pages"}],"about":[{"href":"https:\/\/www.mirsa.es\/ca\/wp-json\/wp\/v2\/types\/page"}],"author":[{"embeddable":true,"href":"https:\/\/www.mirsa.es\/ca\/wp-json\/wp\/v2\/users\/1"}],"replies":[{"embeddable":true,"href":"https:\/\/www.mirsa.es\/ca\/wp-json\/wp\/v2\/comments?post=60020"}],"version-history":[{"count":0,"href":"https:\/\/www.mirsa.es\/ca\/wp-json\/wp\/v2\/pages\/60020\/revisions"}],"wp:attachment":[{"href":"https:\/\/www.mirsa.es\/ca\/wp-json\/wp\/v2\/media?parent=60020"}],"curies":[{"name":"wp","href":"https:\/\/api.w.org\/{rel}","templated":true}]}}