{"id":59947,"date":"2021-10-07T09:55:29","date_gmt":"2021-10-07T09:55:29","guid":{"rendered":"https:\/\/www.mirsa.es\/cama-erik-maxalto\/"},"modified":"2021-10-07T10:15:25","modified_gmt":"2021-10-07T10:15:25","slug":"cama-erik-maxalto","status":"publish","type":"page","link":"https:\/\/www.mirsa.es\/ca\/cama-erik-maxalto\/","title":{"rendered":"Llit Erik Maxalto"},"content":{"rendered":"<div class=\"wpb-content-wrapper\"><p>[vc_row][vc_column][vc_column_text]<\/p>\n<p><img decoding=\"async\" class=\"wp-image-1077 size-large aligncenter\" title=\"Llit Erik Maxalto\" src=\"\/wp-content\/uploads\/2021\/10\/cama_erik_maxalto.jpg\" alt=\"Llit Erik Maxalto\" width=\"100%\" height=\"400\"\/><\/p>\n<p style=\"font-size: 16px; text-align: left;\"><strong>El llit Erik de la reconeguda firma italiana Maxalto \u00e9s una exclusiva i elegant col\u00b7lecci\u00f3 d&#8217;estil contemporani d&#8217;inspiraci\u00f3 cl\u00e0ssica, patentada pel fam\u00f3s dissenyador Antonio Citterio.<\/strong><\/p>\n<p style=\"font-size: 16px; text-align: left;\">El panel superior del llit es caracteritza per la seva lleugera inclinaci\u00f3, a la vegada que inclou elements decoratius que suavitzen l&#8217;essencialitat de les seves l\u00ednies rectes i pures.<\/p>\n<p style=\"font-size: 16px; text-align: left;\">Erik incorpora un element d&#8217;encaix recorrent, potenciat per un espectacular brodat circular, que li confereix una ess\u00e8ncia noucentista que contrasta amb les l\u00ednies pures i minimalistes de la resta de l&#8217;estructura.<\/p>\n<p style=\"font-size: 16px; text-align: left;\">\u00c9s precisament aquesta mestria en la combinaci\u00f3 i tradici\u00f3 el que fa de Maxalto una firma de disseny \u00fanica, admirada i reconeguda per dissenyadors d&#8217;arreu del m\u00f3n.<\/p>\n<p style=\"font-size: 16px; text-align: left;\">En aquesta ocasi\u00f3, Citterio ens presenta una pe\u00e7a amb una forta personalitat, que gr\u00e0cies a les seves m\u00faltiples opcions de configuraci\u00f3, es converteix amb facilitat en el centre d&#8217;atenci\u00f3 de la zona de nit.<\/p>\n<p style=\"font-size: 16px; text-align: left;\">A MIRSA interiorisme &#038; mobiliari som distribu\u00efdors oficials Maxalto. Per a m\u00e9s informaci\u00f3, visiti el nostre Showroom o contacti amb nosaltres.<\/p>\n<p>[\/vc_column_text][vc_row_inner][vc_column_inner]<style type=\"text\/css\">#bklyn_btn_69d1500e288cb .bklyn-btn { color:#ffffff !important; background-color:black !important; }<\/style><div id=\"bklyn_btn_69d1500e288cb\" class=\"bklyn-btn-holder  bklyn-btn-center bklyn-btn-tablet-center bklyn-btn-mobile-center\"><a title=\"Contacto\"   href=\"\/contacto\" target=\"_self\" class=\"bklyn-btn  bklyn-btn-icon-left bklyn-btn-normal\" ><i class=\"fa fa-envelope\"><\/i><span class=\"ut-btn-text\">M\u00e9s informaci\u00f3<\/span><\/a><\/div>[\/vc_column_inner][\/vc_row_inner][\/vc_column][\/vc_row][vc_section][vc_row][vc_column width=&#8221;1\/2&#8243;]<div  class=\"wpb_content_element   clearfix\"><style type=\"text\/css\">#ut_am_69d1500e2941d { opacity: 1; }#ut_am_wrap_69d1500e2941e { text-align: left; }@media (min-width: 768px) and (max-width: 1024px) { #ut_am_wrap_69d1500e2941e { text-align: left !important; } }@media (max-width: 767px) { #ut_am_wrap_69d1500e2941e { text-align: center !important; } }<\/style><div id=\"ut_am_wrap_69d1500e2941e\" class=\"ut-image-gallery-image \"><div id=\"ut_reveal_69d1500e2941f\"  data-appear-top-offset=\"auto\" class=\"ut-animated-image-item ut-image-gallery-item ut-animation-done \"><a class=\"ut-deactivated-link\" href=\"#\"><div class=\"ut-animated-image-zoom\">\r\n        <div class=\"ut-element-glitch-wrap\">\r\n\r\n            \r\n        <style type=\"text\/css\">\r\n\r\n                        \r\n        @media (min-width: 1025px) {\r\n\r\n        #ut-element-glitch-69d1500e29455962416176-59939 .ut-glitch-single-element {\r\n                                            \r\n                }\r\n        }\r\n\r\n        @media (min-width: 768px) and (max-width: 1024px) {\r\n\r\n        #ut-element-glitch-69d1500e29455962416176-59939 .ut-glitch-single-element {\r\n                                                \r\n                    }\r\n        }\r\n\r\n        @media (max-width: 767px) {\r\n\r\n        #ut-element-glitch-69d1500e29455962416176-59939 .ut-glitch-single-element {\r\n                                                \r\n                    }\r\n        }\r\n\r\n        \r\n        <\/style>\r\n\r\n        \r\n            <div id=\"ut-element-glitch-69d1500e29455962416176-59939\" class=\" ut-element-glitch ut-glitch-none ut-element-glitch-permanent\">\r\n                <div class=\"ut-glitch-single-element ut-lozad skip-lazy\" data-background-image=\"https:\/\/www.mirsa.es\/wp-content\/uploads\/2021\/10\/cama_erik_maxalto_01.jpg\"><\/div>\r\n                <div class=\"ut-glitch-single-element ut-lozad skip-lazy\" data-background-image=\"https:\/\/www.mirsa.es\/wp-content\/uploads\/2021\/10\/cama_erik_maxalto_01.jpg\"><\/div>\r\n                <div class=\"ut-glitch-single-element ut-lozad skip-lazy\" data-background-image=\"https:\/\/www.mirsa.es\/wp-content\/uploads\/2021\/10\/cama_erik_maxalto_01.jpg\"><\/div>\r\n                <div class=\"ut-glitch-single-element ut-lozad skip-lazy\" data-background-image=\"https:\/\/www.mirsa.es\/wp-content\/uploads\/2021\/10\/cama_erik_maxalto_01.jpg\"><\/div>\r\n                <div class=\"ut-glitch-single-element ut-lozad skip-lazy\" data-background-image=\"https:\/\/www.mirsa.es\/wp-content\/uploads\/2021\/10\/cama_erik_maxalto_01.jpg\"><\/div>\r\n            <\/div>\r\n\r\n        <\/div>\r\n\r\n        <img loading=\"lazy\" decoding=\"async\" class=\"ut-lazy skip-lazy ut-animated-image \"  id=\"ut_am_69d1500e2941d\" src=\"data:image\/svg+xml;charset=utf-8,%3Csvg xmlns%3D'http%3A%2F%2Fwww.w3.org%2F2000%2Fsvg' viewBox%3D'0 0 600 324'%2F%3E\" data-src=\"https:\/\/www.mirsa.es\/wp-content\/uploads\/2021\/10\/cama_erik_maxalto_01.jpg\" width=\"600\" height=\"324\" alt=\"\"\/><\/div><\/a><\/div><\/div><\/div>[\/vc_column][vc_column width=&#8221;1\/2&#8243;]<div  class=\"wpb_content_element   clearfix\"><style type=\"text\/css\">#ut_am_69d1500e299c7 { opacity: 1; }#ut_am_wrap_69d1500e299c8 { text-align: left; }@media (min-width: 768px) and (max-width: 1024px) { #ut_am_wrap_69d1500e299c8 { text-align: left !important; } }@media (max-width: 767px) { #ut_am_wrap_69d1500e299c8 { text-align: center !important; } }<\/style><div id=\"ut_am_wrap_69d1500e299c8\" class=\"ut-image-gallery-image \"><div id=\"ut_reveal_69d1500e299c9\"  data-appear-top-offset=\"auto\" class=\"ut-animated-image-item ut-image-gallery-item ut-animation-done \"><a class=\"ut-deactivated-link\" href=\"#\"><div class=\"ut-animated-image-zoom\">\r\n        <div class=\"ut-element-glitch-wrap\">\r\n\r\n            \r\n        <style type=\"text\/css\">\r\n\r\n                        \r\n        @media (min-width: 1025px) {\r\n\r\n        #ut-element-glitch-69d1500e299e1884762869-59942 .ut-glitch-single-element {\r\n                                            \r\n                }\r\n        }\r\n\r\n        @media (min-width: 768px) and (max-width: 1024px) {\r\n\r\n        #ut-element-glitch-69d1500e299e1884762869-59942 .ut-glitch-single-element {\r\n                                                \r\n                    }\r\n        }\r\n\r\n        @media (max-width: 767px) {\r\n\r\n        #ut-element-glitch-69d1500e299e1884762869-59942 .ut-glitch-single-element {\r\n                                                \r\n                    }\r\n        }\r\n\r\n        \r\n        <\/style>\r\n\r\n        \r\n            <div id=\"ut-element-glitch-69d1500e299e1884762869-59942\" class=\" ut-element-glitch ut-glitch-none ut-element-glitch-permanent\">\r\n                <div class=\"ut-glitch-single-element ut-lozad skip-lazy\" data-background-image=\"https:\/\/www.mirsa.es\/wp-content\/uploads\/2021\/10\/cama_erik_maxalto_03.jpg\"><\/div>\r\n                <div class=\"ut-glitch-single-element ut-lozad skip-lazy\" data-background-image=\"https:\/\/www.mirsa.es\/wp-content\/uploads\/2021\/10\/cama_erik_maxalto_03.jpg\"><\/div>\r\n                <div class=\"ut-glitch-single-element ut-lozad skip-lazy\" data-background-image=\"https:\/\/www.mirsa.es\/wp-content\/uploads\/2021\/10\/cama_erik_maxalto_03.jpg\"><\/div>\r\n                <div class=\"ut-glitch-single-element ut-lozad skip-lazy\" data-background-image=\"https:\/\/www.mirsa.es\/wp-content\/uploads\/2021\/10\/cama_erik_maxalto_03.jpg\"><\/div>\r\n                <div class=\"ut-glitch-single-element ut-lozad skip-lazy\" data-background-image=\"https:\/\/www.mirsa.es\/wp-content\/uploads\/2021\/10\/cama_erik_maxalto_03.jpg\"><\/div>\r\n            <\/div>\r\n\r\n        <\/div>\r\n\r\n        <img loading=\"lazy\" decoding=\"async\" class=\"ut-lazy skip-lazy ut-animated-image \"  id=\"ut_am_69d1500e299c7\" src=\"data:image\/svg+xml;charset=utf-8,%3Csvg xmlns%3D'http%3A%2F%2Fwww.w3.org%2F2000%2Fsvg' viewBox%3D'0 0 600 324'%2F%3E\" data-src=\"https:\/\/www.mirsa.es\/wp-content\/uploads\/2021\/10\/cama_erik_maxalto_03.jpg\" width=\"600\" height=\"324\" alt=\"\"\/><\/div><\/a><\/div><\/div><\/div>[\/vc_column][\/vc_row][\/vc_section]<\/p>\n<\/div>","protected":false},"excerpt":{"rendered":"<p>[vc_row][vc_column][vc_column_text] El llit Erik de la reconeguda firma italiana Maxalto \u00e9s una exclusiva i elegant col\u00b7lecci\u00f3 d&#8217;estil contemporani d&#8217;inspiraci\u00f3 cl\u00e0ssica, patentada pel fam\u00f3s dissenyador Antonio Citterio. El panel superior del llit es caracteritza per la seva lleugera inclinaci\u00f3, a la vegada que inclou elements decoratius que suavitzen l&#8217;essencialitat de les seves l\u00ednies rectes i pures. [&hellip;]<\/p>\n","protected":false},"author":1,"featured_media":0,"parent":0,"menu_order":0,"comment_status":"closed","ping_status":"closed","template":"","meta":{"footnotes":""},"class_list":["post-59947","page","type-page","status-publish","hentry"],"aioseo_notices":[],"_links":{"self":[{"href":"https:\/\/www.mirsa.es\/ca\/wp-json\/wp\/v2\/pages\/59947","targetHints":{"allow":["GET"]}}],"collection":[{"href":"https:\/\/www.mirsa.es\/ca\/wp-json\/wp\/v2\/pages"}],"about":[{"href":"https:\/\/www.mirsa.es\/ca\/wp-json\/wp\/v2\/types\/page"}],"author":[{"embeddable":true,"href":"https:\/\/www.mirsa.es\/ca\/wp-json\/wp\/v2\/users\/1"}],"replies":[{"embeddable":true,"href":"https:\/\/www.mirsa.es\/ca\/wp-json\/wp\/v2\/comments?post=59947"}],"version-history":[{"count":0,"href":"https:\/\/www.mirsa.es\/ca\/wp-json\/wp\/v2\/pages\/59947\/revisions"}],"wp:attachment":[{"href":"https:\/\/www.mirsa.es\/ca\/wp-json\/wp\/v2\/media?parent=59947"}],"curies":[{"name":"wp","href":"https:\/\/api.w.org\/{rel}","templated":true}]}}