{"id":59928,"date":"2021-10-06T16:08:09","date_gmt":"2021-10-06T16:08:09","guid":{"rendered":"https:\/\/www.mirsa.es\/mesa-abseo-maxalto\/"},"modified":"2021-10-06T16:21:54","modified_gmt":"2021-10-06T16:21:54","slug":"mesa-abseo-maxalto","status":"publish","type":"page","link":"https:\/\/www.mirsa.es\/ca\/mesa-abseo-maxalto\/","title":{"rendered":"Taula Abseo Maxalto"},"content":{"rendered":"<div class=\"wpb-content-wrapper\"><p>[vc_row][vc_column][vc_column_text]<\/p>\n<h5><img decoding=\"async\" class=\"wp-image-1077 size-large aligncenter\" title=\"Taula Abseo Maxalto\" src=\"\/wp-content\/uploads\/2021\/10\/mesa_abseo_maxalto.jpg\" alt=\"Taula Abseo Maxalto\" width=\"100%\" height=\"400\"\/><\/h5>\n<p style=\"font-size: 16px; text-align: left;\"><strong>La taula Abseo de la reconeguda firma italiana Maxalto es caracteritza per les seves espectaculars potes asim\u00e8triques de l\u00ednies rectes i contundents, que la converteixen en una pe\u00e7a amb una forta personalitat.<\/strong><\/p>\n<p style=\"font-size: 16px; text-align: left;\">Antonio Citterio juga amb l&#8217;asimetria i els gruixos per a presentar una pe\u00e7a \u00fanica, que transmet eleg\u00e0ncia i contund\u00e8ncia, i que s&#8217;adapta amb facilitat a qualsevol depend\u00e8ncia de la llar gr\u00e0cies a les seves m\u00faltiples opcions de configuraci\u00f3.<\/p>\n<p style=\"font-size: 16px; text-align: left;\">Abseo est\u00e0 disponible en versi\u00f3 quadrada i rectangular, en fusta de tineo, wengu\u00e9 o roure. Fabricada amb les t\u00e8cniques de producci\u00f3 m\u00e9s avan\u00e7ades, el plec especial de la taula crea una continu\u00eftat perfecta entre el taulell i les potes.<\/p>\n<p style=\"font-size: 16px; text-align: left;\">Es tracta d&#8217;una pe\u00e7a m\u00e9s en l&#8217;extens cat\u00e0leg de Maxalto, col\u00b7lecci\u00f3 coordinada \u00edntegrament per Antonio Citterio des de 1997, i que s&#8217;ha caracteritzat sempre per combinar a la perfecci\u00f3 artesania i innovaci\u00f3.<\/p>\n<p style=\"font-size: 16px; text-align: left;\">A MIRSA interiorisme &#038; mobiliari som distribu\u00efdors oficials Maxalto. Per a m\u00e9s informaci\u00f3, visiti el nostre Showroom o contacti amb nosaltres.<\/p>\n<p>[\/vc_column_text][vc_row_inner][vc_column_inner]<style type=\"text\/css\">#bklyn_btn_69d1cc4ac0bc3 .bklyn-btn { color:#ffffff !important; background-color:black !important; }<\/style><div id=\"bklyn_btn_69d1cc4ac0bc3\" class=\"bklyn-btn-holder  bklyn-btn-center bklyn-btn-tablet-center bklyn-btn-mobile-center\"><a title=\"Contacto\"   href=\"\/contacto\" target=\"_self\" class=\"bklyn-btn  bklyn-btn-icon-left bklyn-btn-normal\" ><i class=\"fa fa-envelope\"><\/i><span class=\"ut-btn-text\">M\u00e9s informaci\u00f3<\/span><\/a><\/div>[\/vc_column_inner][\/vc_row_inner][\/vc_column][\/vc_row][vc_section][vc_row][vc_column width=&#8221;1\/2&#8243;]<div  class=\"wpb_content_element   clearfix\"><style type=\"text\/css\">#ut_am_69d1cc4ac1afc { opacity: 1; }#ut_am_wrap_69d1cc4ac1afd { text-align: left; }@media (min-width: 768px) and (max-width: 1024px) { #ut_am_wrap_69d1cc4ac1afd { text-align: left !important; } }@media (max-width: 767px) { #ut_am_wrap_69d1cc4ac1afd { text-align: center !important; } }<\/style><div id=\"ut_am_wrap_69d1cc4ac1afd\" class=\"ut-image-gallery-image \"><div id=\"ut_reveal_69d1cc4ac1afe\"  data-appear-top-offset=\"auto\" class=\"ut-animated-image-item ut-image-gallery-item ut-animation-done \"><a class=\"ut-deactivated-link\" href=\"#\"><div class=\"ut-animated-image-zoom\">\r\n        <div class=\"ut-element-glitch-wrap\">\r\n\r\n            \r\n        <style type=\"text\/css\">\r\n\r\n                        \r\n        @media (min-width: 1025px) {\r\n\r\n        #ut-element-glitch-69d1cc4ac1b1e670023563-59920 .ut-glitch-single-element {\r\n                                            \r\n                }\r\n        }\r\n\r\n        @media (min-width: 768px) and (max-width: 1024px) {\r\n\r\n        #ut-element-glitch-69d1cc4ac1b1e670023563-59920 .ut-glitch-single-element {\r\n                                                \r\n                    }\r\n        }\r\n\r\n        @media (max-width: 767px) {\r\n\r\n        #ut-element-glitch-69d1cc4ac1b1e670023563-59920 .ut-glitch-single-element {\r\n                                                \r\n                    }\r\n        }\r\n\r\n        \r\n        <\/style>\r\n\r\n        \r\n            <div id=\"ut-element-glitch-69d1cc4ac1b1e670023563-59920\" class=\" ut-element-glitch ut-glitch-none ut-element-glitch-permanent\">\r\n                <div class=\"ut-glitch-single-element ut-lozad skip-lazy\" data-background-image=\"https:\/\/www.mirsa.es\/wp-content\/uploads\/2021\/10\/mesa_abseo_maxalto_01.jpg\"><\/div>\r\n                <div class=\"ut-glitch-single-element ut-lozad skip-lazy\" data-background-image=\"https:\/\/www.mirsa.es\/wp-content\/uploads\/2021\/10\/mesa_abseo_maxalto_01.jpg\"><\/div>\r\n                <div class=\"ut-glitch-single-element ut-lozad skip-lazy\" data-background-image=\"https:\/\/www.mirsa.es\/wp-content\/uploads\/2021\/10\/mesa_abseo_maxalto_01.jpg\"><\/div>\r\n                <div class=\"ut-glitch-single-element ut-lozad skip-lazy\" data-background-image=\"https:\/\/www.mirsa.es\/wp-content\/uploads\/2021\/10\/mesa_abseo_maxalto_01.jpg\"><\/div>\r\n                <div class=\"ut-glitch-single-element ut-lozad skip-lazy\" data-background-image=\"https:\/\/www.mirsa.es\/wp-content\/uploads\/2021\/10\/mesa_abseo_maxalto_01.jpg\"><\/div>\r\n            <\/div>\r\n\r\n        <\/div>\r\n\r\n        <img loading=\"lazy\" decoding=\"async\" class=\"ut-lazy skip-lazy ut-animated-image \"  id=\"ut_am_69d1cc4ac1afc\" src=\"data:image\/svg+xml;charset=utf-8,%3Csvg xmlns%3D'http%3A%2F%2Fwww.w3.org%2F2000%2Fsvg' viewBox%3D'0 0 584 700'%2F%3E\" data-src=\"https:\/\/www.mirsa.es\/wp-content\/uploads\/2021\/10\/mesa_abseo_maxalto_01.jpg\" width=\"584\" height=\"700\" alt=\"\"\/><\/div><\/a><\/div><\/div><\/div>[\/vc_column][vc_column width=&#8221;1\/2&#8243;]<div  class=\"wpb_content_element   clearfix\"><style type=\"text\/css\">#ut_am_69d1cc4ac21af { opacity: 1; }#ut_am_wrap_69d1cc4ac21b0 { text-align: left; }@media (min-width: 768px) and (max-width: 1024px) { #ut_am_wrap_69d1cc4ac21b0 { text-align: left !important; } }@media (max-width: 767px) { #ut_am_wrap_69d1cc4ac21b0 { text-align: center !important; } }<\/style><div id=\"ut_am_wrap_69d1cc4ac21b0\" class=\"ut-image-gallery-image \"><div id=\"ut_reveal_69d1cc4ac21b1\"  data-appear-top-offset=\"auto\" class=\"ut-animated-image-item ut-image-gallery-item ut-animation-done \"><a class=\"ut-deactivated-link\" href=\"#\"><div class=\"ut-animated-image-zoom\">\r\n        <div class=\"ut-element-glitch-wrap\">\r\n\r\n            \r\n        <style type=\"text\/css\">\r\n\r\n                        \r\n        @media (min-width: 1025px) {\r\n\r\n        #ut-element-glitch-69d1cc4ac21c7895863494-59923 .ut-glitch-single-element {\r\n                                            \r\n                }\r\n        }\r\n\r\n        @media (min-width: 768px) and (max-width: 1024px) {\r\n\r\n        #ut-element-glitch-69d1cc4ac21c7895863494-59923 .ut-glitch-single-element {\r\n                                                \r\n                    }\r\n        }\r\n\r\n        @media (max-width: 767px) {\r\n\r\n        #ut-element-glitch-69d1cc4ac21c7895863494-59923 .ut-glitch-single-element {\r\n                                                \r\n                    }\r\n        }\r\n\r\n        \r\n        <\/style>\r\n\r\n        \r\n            <div id=\"ut-element-glitch-69d1cc4ac21c7895863494-59923\" class=\" ut-element-glitch ut-glitch-none ut-element-glitch-permanent\">\r\n                <div class=\"ut-glitch-single-element ut-lozad skip-lazy\" data-background-image=\"https:\/\/www.mirsa.es\/wp-content\/uploads\/2021\/10\/mesa_abseo_maxalto_02.jpg\"><\/div>\r\n                <div class=\"ut-glitch-single-element ut-lozad skip-lazy\" data-background-image=\"https:\/\/www.mirsa.es\/wp-content\/uploads\/2021\/10\/mesa_abseo_maxalto_02.jpg\"><\/div>\r\n                <div class=\"ut-glitch-single-element ut-lozad skip-lazy\" data-background-image=\"https:\/\/www.mirsa.es\/wp-content\/uploads\/2021\/10\/mesa_abseo_maxalto_02.jpg\"><\/div>\r\n                <div class=\"ut-glitch-single-element ut-lozad skip-lazy\" data-background-image=\"https:\/\/www.mirsa.es\/wp-content\/uploads\/2021\/10\/mesa_abseo_maxalto_02.jpg\"><\/div>\r\n                <div class=\"ut-glitch-single-element ut-lozad skip-lazy\" data-background-image=\"https:\/\/www.mirsa.es\/wp-content\/uploads\/2021\/10\/mesa_abseo_maxalto_02.jpg\"><\/div>\r\n            <\/div>\r\n\r\n        <\/div>\r\n\r\n        <img loading=\"lazy\" decoding=\"async\" class=\"ut-lazy skip-lazy ut-animated-image \"  id=\"ut_am_69d1cc4ac21af\" src=\"data:image\/svg+xml;charset=utf-8,%3Csvg xmlns%3D'http%3A%2F%2Fwww.w3.org%2F2000%2Fsvg' viewBox%3D'0 0 584 700'%2F%3E\" data-src=\"https:\/\/www.mirsa.es\/wp-content\/uploads\/2021\/10\/mesa_abseo_maxalto_02.jpg\" width=\"584\" height=\"700\" alt=\"\"\/><\/div><\/a><\/div><\/div><\/div>[\/vc_column][\/vc_row][\/vc_section]<\/p>\n<\/div>","protected":false},"excerpt":{"rendered":"<p>[vc_row][vc_column][vc_column_text] La taula Abseo de la reconeguda firma italiana Maxalto es caracteritza per les seves espectaculars potes asim\u00e8triques de l\u00ednies rectes i contundents, que la converteixen en una pe\u00e7a amb una forta personalitat. Antonio Citterio juga amb l&#8217;asimetria i els gruixos per a presentar una pe\u00e7a \u00fanica, que transmet eleg\u00e0ncia i contund\u00e8ncia, i que s&#8217;adapta [&hellip;]<\/p>\n","protected":false},"author":1,"featured_media":0,"parent":0,"menu_order":0,"comment_status":"closed","ping_status":"closed","template":"","meta":{"footnotes":""},"class_list":["post-59928","page","type-page","status-publish","hentry"],"aioseo_notices":[],"_links":{"self":[{"href":"https:\/\/www.mirsa.es\/ca\/wp-json\/wp\/v2\/pages\/59928","targetHints":{"allow":["GET"]}}],"collection":[{"href":"https:\/\/www.mirsa.es\/ca\/wp-json\/wp\/v2\/pages"}],"about":[{"href":"https:\/\/www.mirsa.es\/ca\/wp-json\/wp\/v2\/types\/page"}],"author":[{"embeddable":true,"href":"https:\/\/www.mirsa.es\/ca\/wp-json\/wp\/v2\/users\/1"}],"replies":[{"embeddable":true,"href":"https:\/\/www.mirsa.es\/ca\/wp-json\/wp\/v2\/comments?post=59928"}],"version-history":[{"count":0,"href":"https:\/\/www.mirsa.es\/ca\/wp-json\/wp\/v2\/pages\/59928\/revisions"}],"wp:attachment":[{"href":"https:\/\/www.mirsa.es\/ca\/wp-json\/wp\/v2\/media?parent=59928"}],"curies":[{"name":"wp","href":"https:\/\/api.w.org\/{rel}","templated":true}]}}