{"id":59550,"date":"2021-09-24T09:02:42","date_gmt":"2021-09-24T09:02:42","guid":{"rendered":"https:\/\/www.mirsa.es\/?page_id=59550"},"modified":"2021-09-24T09:11:53","modified_gmt":"2021-09-24T09:11:53","slug":"505-up-molteni-c","status":"publish","type":"page","link":"https:\/\/www.mirsa.es\/ca\/505-up-molteni-c\/","title":{"rendered":"505 up Molteni &#038; C"},"content":{"rendered":"<div class=\"wpb-content-wrapper\"><p>[vc_row][vc_column][vc_column_text]<\/p>\n<p><img decoding=\"async\" class=\"wp-image-1077 size-large aligncenter\" title=\"505 up Molteni &#038; C\" src=\"\/wp-content\/uploads\/2021\/09\/505_molteni_up.jpg\" alt=\"505 up Molteni &#038; C\" width=\"100%\" height=\"400\" \/><\/p>\n<h2 style=\"font-size: 16px; text-align: left;\"><strong>El sistema 505 up de la reconeguda firma italiana Molteni &#038; C \u00e9s una espectacular llibrer\u00eda d\u2019estil contemporani patentada pel reconegut dissenyador Milan\u00e9s Nicola Gallizia.<\/strong><\/h2>\n<p style=\"font-size: 16px; text-align: left;\">Aquesta nova col\u00b7lecci\u00f3 destaca per la seva gran versalitat, ja que, gr\u00e0cies al seu innovador sistema modular, Up 505 pot fabricar-se a mida segons les necessitats del client.<\/p>\n<p style=\"font-size: 16px; text-align: left;\">Es tracta d\u2019una actualitzaci\u00f3 de la ic\u00f2nica col\u00b7lecci\u00f3 505, revisada i actualitzada al nous temps per a garantir una experiencia \u00f2ptima.<\/p>\n<p style=\"font-size: 16px; text-align: left;\">\u00c9s aquest fil conductor el que ha guiat la revisi\u00f3 total d\u2019una de les icones de la firma, el sistema 505, que al 2021 s\u2019actualitza convertint-se en 505 up.<\/p>\n<p style=\"font-size: 16px; text-align: left;\">Nicola Gallizia introdueix un elegant i exclusiu contenidor sortint que permet modificar la posici\u00f3n dels estants horitzontals i verticals, amb el que s\u2019aconsegueixen infinites opcions de configuraci\u00f3n.<\/p>\n<p style=\"font-size: 16px; text-align: left;\">Una versi\u00f3 actualitzada de la m\u00edtica 505 que combina a la perfecci\u00f3 la lleugeresa art\u00edstica amb la innovaci\u00f3n tecnol\u00f3gica.<\/p>\n<p style=\"font-size: 16px; text-align: left;\">A MIRSA interiorisme &#038; mobiliari som distribu\u00efdors oficials Molteni &#038; C. Per a m\u00e9s informaci\u00f3, visiti el nostre Showroom o contacti amb nosaltres.<\/p>\n<p>[\/vc_column_text][vc_row_inner][vc_column_inner]<style type=\"text\/css\">#bklyn_btn_69d1ff1050bc4 .bklyn-btn { color:#ffffff !important; background-color:black !important; }<\/style><div id=\"bklyn_btn_69d1ff1050bc4\" class=\"bklyn-btn-holder  bklyn-btn-center bklyn-btn-tablet-center bklyn-btn-mobile-center\"><a title=\"Contacto\"   href=\"\/contacto\" target=\"_self\" class=\"bklyn-btn  bklyn-btn-icon-left bklyn-btn-normal\" ><i class=\"fa fa-envelope\"><\/i><span class=\"ut-btn-text\">M\u00e9s informaci\u00f3<\/span><\/a><\/div>[\/vc_column_inner][\/vc_row_inner][\/vc_column][\/vc_row][vc_section][vc_row][vc_column width=&#8221;1\/2&#8243;]<div  class=\"wpb_content_element   clearfix\"><style type=\"text\/css\">#ut_am_69d1ff1050f7e { opacity: 1; }#ut_am_wrap_69d1ff1050f7f { text-align: center; }@media (min-width: 768px) and (max-width: 1024px) { #ut_am_wrap_69d1ff1050f7f { text-align: center !important; } }@media (max-width: 767px) { #ut_am_wrap_69d1ff1050f7f { text-align: center !important; } }<\/style><div id=\"ut_am_wrap_69d1ff1050f7f\" class=\"ut-image-gallery-image \"><div id=\"ut_reveal_69d1ff1050f80\"  data-appear-top-offset=\"auto\" class=\"ut-animated-image-item ut-image-gallery-item ut-animation-done \"><a class=\"ut-deactivated-link\" href=\"#\"><div class=\"ut-animated-image-zoom\">\r\n        <div class=\"ut-element-glitch-wrap\">\r\n\r\n            \r\n        <style type=\"text\/css\">\r\n\r\n                        \r\n        @media (min-width: 1025px) {\r\n\r\n        #ut-element-glitch-69d1ff1050f9e027033311-59543 .ut-glitch-single-element {\r\n                                            \r\n                }\r\n        }\r\n\r\n        @media (min-width: 768px) and (max-width: 1024px) {\r\n\r\n        #ut-element-glitch-69d1ff1050f9e027033311-59543 .ut-glitch-single-element {\r\n                                                \r\n                    }\r\n        }\r\n\r\n        @media (max-width: 767px) {\r\n\r\n        #ut-element-glitch-69d1ff1050f9e027033311-59543 .ut-glitch-single-element {\r\n                                                \r\n                    }\r\n        }\r\n\r\n        \r\n        <\/style>\r\n\r\n        \r\n            <div id=\"ut-element-glitch-69d1ff1050f9e027033311-59543\" class=\" ut-element-glitch ut-glitch-none ut-element-glitch-permanent\">\r\n                <div class=\"ut-glitch-single-element ut-lozad skip-lazy\" data-background-image=\"https:\/\/www.mirsa.es\/wp-content\/uploads\/2021\/09\/505_molteni_up_02.jpg\"><\/div>\r\n                <div class=\"ut-glitch-single-element ut-lozad skip-lazy\" data-background-image=\"https:\/\/www.mirsa.es\/wp-content\/uploads\/2021\/09\/505_molteni_up_02.jpg\"><\/div>\r\n                <div class=\"ut-glitch-single-element ut-lozad skip-lazy\" data-background-image=\"https:\/\/www.mirsa.es\/wp-content\/uploads\/2021\/09\/505_molteni_up_02.jpg\"><\/div>\r\n                <div class=\"ut-glitch-single-element ut-lozad skip-lazy\" data-background-image=\"https:\/\/www.mirsa.es\/wp-content\/uploads\/2021\/09\/505_molteni_up_02.jpg\"><\/div>\r\n                <div class=\"ut-glitch-single-element ut-lozad skip-lazy\" data-background-image=\"https:\/\/www.mirsa.es\/wp-content\/uploads\/2021\/09\/505_molteni_up_02.jpg\"><\/div>\r\n            <\/div>\r\n\r\n        <\/div>\r\n\r\n        <img loading=\"lazy\" decoding=\"async\" class=\"ut-lazy skip-lazy ut-animated-image \"  id=\"ut_am_69d1ff1050f7e\" src=\"data:image\/svg+xml;charset=utf-8,%3Csvg xmlns%3D'http%3A%2F%2Fwww.w3.org%2F2000%2Fsvg' viewBox%3D'0 0 600 324'%2F%3E\" data-src=\"https:\/\/www.mirsa.es\/wp-content\/uploads\/2021\/09\/505_molteni_up_02.jpg\" width=\"600\" height=\"324\" alt=\"\"\/><\/div><\/a><\/div><\/div><\/div>[\/vc_column][vc_column width=&#8221;1\/2&#8243;]<div  class=\"wpb_content_element   clearfix\"><style type=\"text\/css\">#ut_am_69d1ff10512f4 { opacity: 1; }#ut_am_wrap_69d1ff10512f5 { text-align: left; }@media (min-width: 768px) and (max-width: 1024px) { #ut_am_wrap_69d1ff10512f5 { text-align: left !important; } }@media (max-width: 767px) { #ut_am_wrap_69d1ff10512f5 { text-align: center !important; } }<\/style><div id=\"ut_am_wrap_69d1ff10512f5\" class=\"ut-image-gallery-image \"><div id=\"ut_reveal_69d1ff10512f6\"  data-appear-top-offset=\"auto\" class=\"ut-animated-image-item ut-image-gallery-item ut-animation-done \"><a class=\"ut-deactivated-link\" href=\"#\"><div class=\"ut-animated-image-zoom\">\r\n        <div class=\"ut-element-glitch-wrap\">\r\n\r\n            \r\n        <style type=\"text\/css\">\r\n\r\n                        \r\n        @media (min-width: 1025px) {\r\n\r\n        #ut-element-glitch-69d1ff105130d343115852-59546 .ut-glitch-single-element {\r\n                                            \r\n                }\r\n        }\r\n\r\n        @media (min-width: 768px) and (max-width: 1024px) {\r\n\r\n        #ut-element-glitch-69d1ff105130d343115852-59546 .ut-glitch-single-element {\r\n                                                \r\n                    }\r\n        }\r\n\r\n        @media (max-width: 767px) {\r\n\r\n        #ut-element-glitch-69d1ff105130d343115852-59546 .ut-glitch-single-element {\r\n                                                \r\n                    }\r\n        }\r\n\r\n        \r\n        <\/style>\r\n\r\n        \r\n            <div id=\"ut-element-glitch-69d1ff105130d343115852-59546\" class=\" ut-element-glitch ut-glitch-none ut-element-glitch-permanent\">\r\n                <div class=\"ut-glitch-single-element ut-lozad skip-lazy\" data-background-image=\"https:\/\/www.mirsa.es\/wp-content\/uploads\/2021\/09\/505_molteni_up_03.jpg\"><\/div>\r\n                <div class=\"ut-glitch-single-element ut-lozad skip-lazy\" data-background-image=\"https:\/\/www.mirsa.es\/wp-content\/uploads\/2021\/09\/505_molteni_up_03.jpg\"><\/div>\r\n                <div class=\"ut-glitch-single-element ut-lozad skip-lazy\" data-background-image=\"https:\/\/www.mirsa.es\/wp-content\/uploads\/2021\/09\/505_molteni_up_03.jpg\"><\/div>\r\n                <div class=\"ut-glitch-single-element ut-lozad skip-lazy\" data-background-image=\"https:\/\/www.mirsa.es\/wp-content\/uploads\/2021\/09\/505_molteni_up_03.jpg\"><\/div>\r\n                <div class=\"ut-glitch-single-element ut-lozad skip-lazy\" data-background-image=\"https:\/\/www.mirsa.es\/wp-content\/uploads\/2021\/09\/505_molteni_up_03.jpg\"><\/div>\r\n            <\/div>\r\n\r\n        <\/div>\r\n\r\n        <img loading=\"lazy\" decoding=\"async\" class=\"ut-lazy skip-lazy ut-animated-image \"  id=\"ut_am_69d1ff10512f4\" src=\"data:image\/svg+xml;charset=utf-8,%3Csvg xmlns%3D'http%3A%2F%2Fwww.w3.org%2F2000%2Fsvg' viewBox%3D'0 0 600 324'%2F%3E\" data-src=\"https:\/\/www.mirsa.es\/wp-content\/uploads\/2021\/09\/505_molteni_up_03.jpg\" width=\"600\" height=\"324\" alt=\"\"\/><\/div><\/a><\/div><\/div><\/div>[\/vc_column][\/vc_row][\/vc_section]<\/p>\n<\/div>","protected":false},"excerpt":{"rendered":"<p>[vc_row][vc_column][vc_column_text] El sistema 505 up de la reconeguda firma italiana Molteni &#038; C \u00e9s una espectacular llibrer\u00eda d\u2019estil contemporani patentada pel reconegut dissenyador Milan\u00e9s Nicola Gallizia. Aquesta nova col\u00b7lecci\u00f3 destaca per la seva gran versalitat, ja que, gr\u00e0cies al seu innovador sistema modular, Up 505 pot fabricar-se a mida segons les necessitats del client. Es [&hellip;]<\/p>\n","protected":false},"author":1,"featured_media":0,"parent":0,"menu_order":0,"comment_status":"closed","ping_status":"closed","template":"","meta":{"footnotes":""},"class_list":["post-59550","page","type-page","status-publish","hentry"],"aioseo_notices":[],"_links":{"self":[{"href":"https:\/\/www.mirsa.es\/ca\/wp-json\/wp\/v2\/pages\/59550","targetHints":{"allow":["GET"]}}],"collection":[{"href":"https:\/\/www.mirsa.es\/ca\/wp-json\/wp\/v2\/pages"}],"about":[{"href":"https:\/\/www.mirsa.es\/ca\/wp-json\/wp\/v2\/types\/page"}],"author":[{"embeddable":true,"href":"https:\/\/www.mirsa.es\/ca\/wp-json\/wp\/v2\/users\/1"}],"replies":[{"embeddable":true,"href":"https:\/\/www.mirsa.es\/ca\/wp-json\/wp\/v2\/comments?post=59550"}],"version-history":[{"count":0,"href":"https:\/\/www.mirsa.es\/ca\/wp-json\/wp\/v2\/pages\/59550\/revisions"}],"wp:attachment":[{"href":"https:\/\/www.mirsa.es\/ca\/wp-json\/wp\/v2\/media?parent=59550"}],"curies":[{"name":"wp","href":"https:\/\/api.w.org\/{rel}","templated":true}]}}