{"id":59135,"date":"2021-09-14T16:46:46","date_gmt":"2021-09-14T16:46:46","guid":{"rendered":"https:\/\/www.mirsa.es\/tienda-de-muebles-en-vilafranca\/"},"modified":"2026-01-28T16:23:53","modified_gmt":"2026-01-28T16:23:53","slug":"tienda-de-muebles-en-vilafranca","status":"publish","type":"page","link":"https:\/\/www.mirsa.es\/ca\/tienda-de-muebles-en-vilafranca\/","title":{"rendered":"Botiga de mobles a Vilafranca"},"content":{"rendered":"<div class=\"wpb-content-wrapper\"><p>[vc_section][vc_row][vc_column]<div  class=\"wpb_content_element   clearfix\"><style type=\"text\/css\">#ut_am_69d4bcc0dc79d { opacity: 1; }#ut_am_wrap_69d4bcc0dc79e { text-align: center; }@media (min-width: 768px) and (max-width: 1024px) { #ut_am_wrap_69d4bcc0dc79e { text-align: center !important; } }@media (max-width: 767px) { #ut_am_wrap_69d4bcc0dc79e { text-align: center !important; } }<\/style><div id=\"ut_am_wrap_69d4bcc0dc79e\" class=\"ut-image-gallery-image \"><div id=\"ut_reveal_69d4bcc0dc79f\"  data-appear-top-offset=\"auto\" class=\"ut-animated-image-item ut-image-gallery-item ut-animation-done \"><a class=\"ut-deactivated-link\" href=\"#\"><div class=\"ut-animated-image-zoom\">\r\n        <div class=\"ut-element-glitch-wrap\">\r\n\r\n            \r\n        <style type=\"text\/css\">\r\n\r\n                        \r\n        @media (min-width: 1025px) {\r\n\r\n        #ut-element-glitch-69d4bcc0dc7db434364745-88951 .ut-glitch-single-element {\r\n                                            \r\n                }\r\n        }\r\n\r\n        @media (min-width: 768px) and (max-width: 1024px) {\r\n\r\n        #ut-element-glitch-69d4bcc0dc7db434364745-88951 .ut-glitch-single-element {\r\n                                                \r\n                    }\r\n        }\r\n\r\n        @media (max-width: 767px) {\r\n\r\n        #ut-element-glitch-69d4bcc0dc7db434364745-88951 .ut-glitch-single-element {\r\n                                                \r\n                    }\r\n        }\r\n\r\n        \r\n        <\/style>\r\n\r\n        \r\n            <div id=\"ut-element-glitch-69d4bcc0dc7db434364745-88951\" class=\" ut-element-glitch ut-glitch-none ut-element-glitch-permanent\">\r\n                <div class=\"ut-glitch-single-element ut-lozad skip-lazy\" data-background-image=\"https:\/\/www.mirsa.es\/wp-content\/uploads\/2026\/01\/tienda_muebles_sitges.jpg\"><\/div>\r\n                <div class=\"ut-glitch-single-element ut-lozad skip-lazy\" data-background-image=\"https:\/\/www.mirsa.es\/wp-content\/uploads\/2026\/01\/tienda_muebles_sitges.jpg\"><\/div>\r\n                <div class=\"ut-glitch-single-element ut-lozad skip-lazy\" data-background-image=\"https:\/\/www.mirsa.es\/wp-content\/uploads\/2026\/01\/tienda_muebles_sitges.jpg\"><\/div>\r\n                <div class=\"ut-glitch-single-element ut-lozad skip-lazy\" data-background-image=\"https:\/\/www.mirsa.es\/wp-content\/uploads\/2026\/01\/tienda_muebles_sitges.jpg\"><\/div>\r\n                <div class=\"ut-glitch-single-element ut-lozad skip-lazy\" data-background-image=\"https:\/\/www.mirsa.es\/wp-content\/uploads\/2026\/01\/tienda_muebles_sitges.jpg\"><\/div>\r\n            <\/div>\r\n\r\n        <\/div>\r\n\r\n        <img loading=\"lazy\" decoding=\"async\" class=\"ut-lazy skip-lazy ut-animated-image \"  id=\"ut_am_69d4bcc0dc79d\" src=\"data:image\/svg+xml;charset=utf-8,%3Csvg xmlns%3D'http%3A%2F%2Fwww.w3.org%2F2000%2Fsvg' viewBox%3D'0 0 1047 600'%2F%3E\" data-src=\"https:\/\/www.mirsa.es\/wp-content\/uploads\/2026\/01\/tienda_muebles_sitges.jpg\" width=\"1047\" height=\"600\" alt=\"\"\/><\/div><\/a><\/div><\/div><\/div>[vc_column_text]<\/p>\n<h2 style=\"font-size: 16px; text-align: left;\"><strong>Disposem d&#8217;una \u00e0mplia botiga situada a pocs kil\u00f2metres de Vilafranca del Pened\u00e8s amb m\u00e9s de 3.000m2 d&#8217;exposici\u00f3, on podr\u00e0 trobar les millors firmes internacionals de mobles, cuines i banys.<\/strong><\/h2>\n<p style=\"font-size: 16px; text-align: left;\">La nostra botiga de mobles disposa de tres extenses plantes i est\u00e0 organitzada sota el concepte &#8220;Shop in Shop&#8221;, mostrant a cada espai una selecci\u00f3 de les millors peces de cada firma.<\/p>\n<p style=\"font-size: 16px; text-align: left;\">Des de 1960, la nostra empresa ha estat sempre un referent del mobiliari contemporani i de l&#8217;interiorisme a Vilafranca del Pened\u00e8s i a tota la prov\u00edncia.<\/p>\n<p style=\"font-size: 16px; text-align: left;\">Actualment treballem amb una selecci\u00f3 de les marques m\u00e9s exclusives de mobiliari com B&#038;B Italia, Maxalto, Molteni &#038; C, Ligne Roset, LAGO, Desalto o Porada, entre d&#8217;altres.<\/p>\n<p style=\"font-size: 16px; text-align: left;\">Som especialistes tamb\u00e9 en la realitzaci\u00f3 de Projectes d&#8217;interiorisme personalitzats. Per a m\u00e9s informaci\u00f3, visiti el nostre Showroom o contacti amb nosaltres.<\/p>\n<p>[\/vc_column_text][vc_row_inner][vc_column_inner]<style type=\"text\/css\">#bklyn_btn_69d4bcc0dc888 .bklyn-btn { color:#ffffff !important; border-color:#ffffff !important; border-width:1px !important; background-color:rgba(0, 0, 0, 0.93) !important; }#bklyn_btn_69d4bcc0dc888 a.bklyn-btn { font-weight:600 !important; }#bklyn_btn_69d4bcc0dc888.bklyn-btn-header a.bklyn-btn { font-weight:600 !important; }#bklyn_btn_69d4bcc0dc888.bklyn-btn-header a.bklyn-btn span { font-weight:600 !important; }#bklyn_btn_69d4bcc0dc888 a.bklyn-btn { font-family:inherit !important; }#bklyn_btn_69d4bcc0dc888 a i:before { font-size:12px; }#bklyn_btn_69d4bcc0dc888.bklyn-btn-holder a { margin-top:-px }<\/style><div id=\"bklyn_btn_69d4bcc0dc888\" class=\"bklyn-btn-holder  bklyn-btn-center bklyn-btn-tablet-center bklyn-btn-mobile-center\"><a title=\"C\u00f3mo llegar\"   href=\"https:\/\/g.page\/mirsa-mobles?share\" target=\"_blank\" class=\"bklyn-btn  bklyn-btn-outline bklyn-btn-icon-left bklyn-btn-small\" ><i class=\"fa fa-map-marker\"><\/i><span class=\"ut-btn-text\">C\u00f3mo llegar<\/span><\/a><\/div><style type=\"text\/css\">#bklyn_btn_69d4bcc0dc8e2 .bklyn-btn { color:#ffffff !important; border-color:#ffffff !important; border-width:1px !important; background-color:rgba(0, 0, 0, 0.93) !important; }#bklyn_btn_69d4bcc0dc8e2 a.bklyn-btn { font-weight:600 !important; }#bklyn_btn_69d4bcc0dc8e2.bklyn-btn-header a.bklyn-btn { font-weight:600 !important; }#bklyn_btn_69d4bcc0dc8e2.bklyn-btn-header a.bklyn-btn span { font-weight:600 !important; }#bklyn_btn_69d4bcc0dc8e2 a.bklyn-btn { font-family:inherit !important; }#bklyn_btn_69d4bcc0dc8e2 a i:before { font-size:12px; }#bklyn_btn_69d4bcc0dc8e2.bklyn-btn-holder a { margin-top:-px }<\/style><div id=\"bklyn_btn_69d4bcc0dc8e2\" class=\"bklyn-btn-holder  bklyn-btn-center bklyn-btn-tablet-center bklyn-btn-mobile-center\"><a title=\"Contacto\"   href=\"\/contacte-con-nosotros\/\" target=\"_self\" class=\"bklyn-btn  bklyn-btn-outline bklyn-btn-icon-left bklyn-btn-small\" ><i class=\"fa fa-envelope-o\"><\/i><span class=\"ut-btn-text\">M\u00e1s informaci\u00f3n<\/span><\/a><\/div>[\/vc_column_inner][\/vc_row_inner][\/vc_column][\/vc_row][\/vc_section]<\/p>\n<\/div>","protected":false},"excerpt":{"rendered":"<p>[vc_section][vc_row][vc_column][vc_column_text] Disposem d&#8217;una \u00e0mplia botiga situada a pocs kil\u00f2metres de Vilafranca del Pened\u00e8s amb m\u00e9s de 3.000m2 d&#8217;exposici\u00f3, on podr\u00e0 trobar les millors firmes internacionals de mobles, cuines i banys. La nostra botiga de mobles disposa de tres extenses plantes i est\u00e0 organitzada sota el concepte &#8220;Shop in Shop&#8221;, mostrant a cada espai una selecci\u00f3 [&hellip;]<\/p>\n","protected":false},"author":1,"featured_media":0,"parent":0,"menu_order":0,"comment_status":"closed","ping_status":"closed","template":"","meta":{"footnotes":""},"class_list":["post-59135","page","type-page","status-publish","hentry"],"aioseo_notices":[],"_links":{"self":[{"href":"https:\/\/www.mirsa.es\/ca\/wp-json\/wp\/v2\/pages\/59135","targetHints":{"allow":["GET"]}}],"collection":[{"href":"https:\/\/www.mirsa.es\/ca\/wp-json\/wp\/v2\/pages"}],"about":[{"href":"https:\/\/www.mirsa.es\/ca\/wp-json\/wp\/v2\/types\/page"}],"author":[{"embeddable":true,"href":"https:\/\/www.mirsa.es\/ca\/wp-json\/wp\/v2\/users\/1"}],"replies":[{"embeddable":true,"href":"https:\/\/www.mirsa.es\/ca\/wp-json\/wp\/v2\/comments?post=59135"}],"version-history":[{"count":0,"href":"https:\/\/www.mirsa.es\/ca\/wp-json\/wp\/v2\/pages\/59135\/revisions"}],"wp:attachment":[{"href":"https:\/\/www.mirsa.es\/ca\/wp-json\/wp\/v2\/media?parent=59135"}],"curies":[{"name":"wp","href":"https:\/\/api.w.org\/{rel}","templated":true}]}}