{"id":59006,"date":"2021-09-01T07:53:40","date_gmt":"2021-09-01T07:53:40","guid":{"rendered":"https:\/\/www.mirsa.es\/piccadilly-molteni-c\/"},"modified":"2021-09-01T07:58:53","modified_gmt":"2021-09-01T07:58:53","slug":"piccadilly-molteni-c","status":"publish","type":"page","link":"https:\/\/www.mirsa.es\/ca\/piccadilly-molteni-c\/","title":{"rendered":"Piccadilly Molteni &#038; C"},"content":{"rendered":"<div class=\"wpb-content-wrapper\"><p>[vc_row][vc_column][vc_column_text]<\/p>\n<h5><img decoding=\"async\" class=\"wp-image-1077 size-large aligncenter\" title=\"Piccadilly\" src=\"\/wp-content\/uploads\/2021\/09\/butaca_piccadilly_molteni_c.jpg\" width=\"100%\" height=\"400\" \/><\/h5>\n<p style=\"font-size: 16px; text-align: left;\"><strong>Picadilly de la prestigiosa firma italiana Molteni &#038; C \u00e9s una espectacular butaca d&#8217;estil contemporani patentada pel reconegut dissenyador Rodolfo Dordoni.<\/strong><\/p>\n<p style=\"font-size: 16px; text-align: left;\">La pe\u00e7a es caracteritza per la seva singular estructura, que neix de la uni\u00f3 de diferents superf\u00edcies que s&#8217;entrellacen per a crear formes noves i envolvents.<\/p>\n<p style=\"font-size: 16px; text-align: left;\">Cada element de l&#8217;estructura de Picadilly \u00e9s una demostraci\u00f3 de singularitat i exclusivitat, una mostra d&#8217;artesania i funcionalitat que la converteixen en una butaca \u00fanica.<\/p>\n<p style=\"font-size: 16px; text-align: left;\">La col\u00b7lecci\u00f3 est\u00e0 disponible en una \u00e0mplia gamma de colors i acabats, adaptant-se amb facilitat a qualsevol mena d&#8217;espai.<\/p>\n<p style=\"font-size: 16px; text-align: left;\">A MIRSA interiorisme &#038; mobiliari som distribu\u00efdors oficials Molteni &#038; C. Per a m\u00e9s informaci\u00f3, visiti el nostre Showroom o contacti amb nosaltres.<\/p>\n<p>[\/vc_column_text][vc_row_inner][vc_column_inner]<style type=\"text\/css\">#bklyn_btn_69d1b66de314a .bklyn-btn { color:#ffffff !important; background-color:black !important; }<\/style><div id=\"bklyn_btn_69d1b66de314a\" class=\"bklyn-btn-holder  bklyn-btn-center bklyn-btn-tablet-center bklyn-btn-mobile-center\"><a title=\"Contacto\"   href=\"\/contacto\" target=\"_self\" class=\"bklyn-btn  bklyn-btn-icon-left bklyn-btn-normal\" ><i class=\"fa fa-envelope\"><\/i><span class=\"ut-btn-text\">M\u00e9s informaci\u00f3<\/span><\/a><\/div>[\/vc_column_inner][\/vc_row_inner][\/vc_column][\/vc_row]<\/p>\n<\/div>","protected":false},"excerpt":{"rendered":"<p>[vc_row][vc_column][vc_column_text] Picadilly de la prestigiosa firma italiana Molteni &#038; C \u00e9s una espectacular butaca d&#8217;estil contemporani patentada pel reconegut dissenyador Rodolfo Dordoni. La pe\u00e7a es caracteritza per la seva singular estructura, que neix de la uni\u00f3 de diferents superf\u00edcies que s&#8217;entrellacen per a crear formes noves i envolvents. Cada element de l&#8217;estructura de Picadilly \u00e9s [&hellip;]<\/p>\n","protected":false},"author":1,"featured_media":0,"parent":0,"menu_order":0,"comment_status":"closed","ping_status":"closed","template":"","meta":{"footnotes":""},"class_list":["post-59006","page","type-page","status-publish","hentry"],"aioseo_notices":[],"_links":{"self":[{"href":"https:\/\/www.mirsa.es\/ca\/wp-json\/wp\/v2\/pages\/59006","targetHints":{"allow":["GET"]}}],"collection":[{"href":"https:\/\/www.mirsa.es\/ca\/wp-json\/wp\/v2\/pages"}],"about":[{"href":"https:\/\/www.mirsa.es\/ca\/wp-json\/wp\/v2\/types\/page"}],"author":[{"embeddable":true,"href":"https:\/\/www.mirsa.es\/ca\/wp-json\/wp\/v2\/users\/1"}],"replies":[{"embeddable":true,"href":"https:\/\/www.mirsa.es\/ca\/wp-json\/wp\/v2\/comments?post=59006"}],"version-history":[{"count":0,"href":"https:\/\/www.mirsa.es\/ca\/wp-json\/wp\/v2\/pages\/59006\/revisions"}],"wp:attachment":[{"href":"https:\/\/www.mirsa.es\/ca\/wp-json\/wp\/v2\/media?parent=59006"}],"curies":[{"name":"wp","href":"https:\/\/api.w.org\/{rel}","templated":true}]}}