{"id":58805,"date":"2021-08-07T11:38:13","date_gmt":"2021-08-07T11:38:13","guid":{"rendered":"https:\/\/www.mirsa.es\/?page_id=58805"},"modified":"2024-05-15T16:47:01","modified_gmt":"2024-05-15T16:47:01","slug":"diabla-mobiliario-outdoor","status":"publish","type":"page","link":"https:\/\/www.mirsa.es\/ca\/diabla-mobiliario-outdoor\/","title":{"rendered":"Diabla Mobiliari Outdoor"},"content":{"rendered":"<div class=\"wpb-content-wrapper\"><p>[vc_row css=&#8221;.vc_custom_1583596731269{margin-left: -50px !important;}&#8221;][vc_column][vc_column_text]<a style=\"color:black;\" href=\"javascript:history.go(-1)\" onmouseover=\"self.status=document.referrer;return true\">Atr\u00e1s<\/a>[\/vc_column_text][\/vc_column][\/vc_row][vc_row][vc_column][vc_column_text]<br \/>\n<img decoding=\"async\" class=\"wp-image-1077 size-large aligncenter\" title=\"Diabla Mobiliari Outdoor\" src=\"\/wp-content\/uploads\/2021\/08\/diabla_mobiliario_outdoor.jpg\" alt=\"Diabla Mobiliari Outdoor\" width=\"100%\" height=\"400\" \/><\/p>\n<h2 style=\"font-size: 16px; text-align: left;\"><strong>DIABLA \u00e9s la nova firma outdoor presentada per GandiaBlasco. Una nova marca de productes d\u2019exterior que neix fruit de la relaci\u00f3 de GandiaBlasco amb dissenyadors i arquitectes del sector.<\/strong><\/h2>\n<p style=\"font-size: 16px; text-align: left;\">GandiaBlasco aposta decididament per dissenyadors emmergents i vol donar a cabuda a la gran quantitat de propostes que reb en els diferents congressos, fires i esdeveniments en els que participa durant tot l\u2019any.<\/p>\n<p style=\"font-size: 16px; text-align: left;\">Amb aquest objectiu neix DIABLA, una nova proposta de mobiliari i art\u00edcles de decoraci\u00f3 amb la que treure el m\u00e0xim partit a espais exteriors com terrasses i jardins.<\/p>\n<p style=\"font-size: 16px; text-align: left;\">La filosof\u00eda de DIABLA no passa tan sols per presentar una nova col\u00b7lecci\u00f3 d\u2019exterior, sin\u00f3 que el que persegueix \u00e9s crear l\u2019ambient ideal per a gaudir de l\u2019aire lliure.<\/p>\n<p style=\"font-size: 16px; text-align: left;\">Les col\u00b7leccions d\u2019aquesta nova firma es caracteritzen per jugar amb elements com l\u2019aire, l\u2019aigua, el vent i el sol, per a transmetre aquesta poderosa sensaci\u00f3 de llibertat que ens transmet la natura i el clima mediterrani, potenciant la creativitat i l\u2019exclusivitat.<\/p>\n<p style=\"font-size: 16px; text-align: left;\">A MIRSA interiorisme &amp; mobiliari som distribu\u00efdors oficials Diabla. Per a m\u00e9s informaci\u00f3, visiti el nostre Showroom o contacti amb nosaltres<\/p>\n<p>[\/vc_column_text][\/vc_column][\/vc_row][vc_section][vc_row full_width=&#8221;stretch_row_content_no_spaces&#8221;][vc_column][vc_column_text]<iframe id=\"embedded-ads-iframe-website\" width=\"100%\" height=\"600\" data-originsrc=\"https:\/\/mirsa.daloom.com\/es\/productos\/mobiliario\/brand_diabla\"><\/iframe><br \/>\n<script defer src=\"https:\/\/mirsa.daloom.com\/js\/parent-embedded-script.min.js\"><\/script>[\/vc_column_text][\/vc_column][\/vc_row][\/vc_section]<\/p>\n<\/div>","protected":false},"excerpt":{"rendered":"<p>[vc_row css=&#8221;.vc_custom_1583596731269{margin-left: -50px !important;}&#8221;][vc_column][vc_column_text]Atr\u00e1s[\/vc_column_text][\/vc_column][\/vc_row][vc_row][vc_column][vc_column_text] DIABLA \u00e9s la nova firma outdoor presentada per GandiaBlasco. Una nova marca de productes d\u2019exterior que neix fruit de la relaci\u00f3 de GandiaBlasco amb dissenyadors i arquitectes del sector. GandiaBlasco aposta decididament per dissenyadors emmergents i vol donar a cabuda a la gran quantitat de propostes que reb en els diferents [&hellip;]<\/p>\n","protected":false},"author":1,"featured_media":0,"parent":0,"menu_order":0,"comment_status":"closed","ping_status":"closed","template":"","meta":{"footnotes":""},"class_list":["post-58805","page","type-page","status-publish","hentry"],"aioseo_notices":[],"_links":{"self":[{"href":"https:\/\/www.mirsa.es\/ca\/wp-json\/wp\/v2\/pages\/58805","targetHints":{"allow":["GET"]}}],"collection":[{"href":"https:\/\/www.mirsa.es\/ca\/wp-json\/wp\/v2\/pages"}],"about":[{"href":"https:\/\/www.mirsa.es\/ca\/wp-json\/wp\/v2\/types\/page"}],"author":[{"embeddable":true,"href":"https:\/\/www.mirsa.es\/ca\/wp-json\/wp\/v2\/users\/1"}],"replies":[{"embeddable":true,"href":"https:\/\/www.mirsa.es\/ca\/wp-json\/wp\/v2\/comments?post=58805"}],"version-history":[{"count":0,"href":"https:\/\/www.mirsa.es\/ca\/wp-json\/wp\/v2\/pages\/58805\/revisions"}],"wp:attachment":[{"href":"https:\/\/www.mirsa.es\/ca\/wp-json\/wp\/v2\/media?parent=58805"}],"curies":[{"name":"wp","href":"https:\/\/api.w.org\/{rel}","templated":true}]}}