{"id":56761,"date":"2021-06-25T14:58:43","date_gmt":"2021-06-25T14:58:43","guid":{"rendered":"http:\/\/www.mirsa.es.mialias.net\/?page_id=56761"},"modified":"2021-09-28T11:45:33","modified_gmt":"2021-09-28T11:45:33","slug":"sir-vito-bb-italia","status":"publish","type":"page","link":"https:\/\/www.mirsa.es\/ca\/sir-vito-bb-italia\/","title":{"rendered":"Sir Vito B&#038;B Italia"},"content":{"rendered":"<div class=\"wpb-content-wrapper\"><p>[vc_row][vc_column][vc_column_text]<br \/>\n<img decoding=\"async\" class=\"wp-image-1077 size-large aligncenter\" title=\"Sir Vito - B&#038;B Italia\" src=\"\/wp-content\/uploads\/2021\/09\/sir_vito_bb_italia.jpg\" width=\"100%\" height=\"400\"\/><\/p>\n<h2 style=\"font-size: 16px; text-align: left;\"><strong>Sr Vito de la firma B&#038;B Italia \u00e9s una espectacular taula auxiliar d\u2019estil contemporani patentada pel prestigi\u00f3s estudi Kairos.<\/strong><\/h2>\n<p style=\"font-size: 16px; text-align: left;\">Es tracta d\u2019una exclusiva pe\u00e7a que destaca per la lleugeresa de la seva estructura, formada per una elegant base d\u2019alumini en forma d\u2019estel que sost\u00e9 un refinat taulell que destaca per les seves l\u00ednies corbes, subtils i equilibrades.<\/p>\n<p style=\"font-size: 16px; text-align: left;\">A la part inferior del taulell s\u2019incorpora una safata extra\u00efble de l\u00ednies pures i fluides. A m\u00e9s, s\u2019incorpora un petit calaix en poliuret\u00e0 recobert amb cuir de gran qualitat que permet guardar petits objectes.<\/p>\n<p style=\"font-size: 16px; text-align: left;\">La taula incorpora tamb\u00e9 un enginy\u00f3s mecanisme per elevar la taula, permetent aix\u00ed regular l\u2019al\u00e7ada en funci\u00f3 de les necessitats.<\/p>\n<p style=\"font-size: 16px; text-align: left;\">A MIRSA interiorisme &#038; mobiliari som distribu\u00efdors oficials B&#038;B Italia. Per a m\u00e9s informaci\u00f3, visiti el nostre Showroom o contacti amb nosaltres.\n<\/p>\n<p>[\/vc_column_text][vc_row_inner][vc_column_inner]<style type=\"text\/css\">#bklyn_btn_69d1c569d4556 .bklyn-btn { color:#ffffff !important; background-color:black !important; }<\/style><div id=\"bklyn_btn_69d1c569d4556\" class=\"bklyn-btn-holder  bklyn-btn-center bklyn-btn-tablet-center bklyn-btn-mobile-center\"><a title=\"Contacto\"   href=\"\/contacto\" target=\"_self\" class=\"bklyn-btn  bklyn-btn-icon-left bklyn-btn-normal\" ><i class=\"fa fa-envelope\"><\/i><span class=\"ut-btn-text\">M\u00e9s informaci\u00f3<\/span><\/a><\/div>[\/vc_column_inner][\/vc_row_inner][\/vc_column][\/vc_row]<\/p>\n<\/div>","protected":false},"excerpt":{"rendered":"<p>[vc_row][vc_column][vc_column_text] Sr Vito de la firma B&#038;B Italia \u00e9s una espectacular taula auxiliar d\u2019estil contemporani patentada pel prestigi\u00f3s estudi Kairos. Es tracta d\u2019una exclusiva pe\u00e7a que destaca per la lleugeresa de la seva estructura, formada per una elegant base d\u2019alumini en forma d\u2019estel que sost\u00e9 un refinat taulell que destaca per les seves l\u00ednies corbes, [&hellip;]<\/p>\n","protected":false},"author":1,"featured_media":0,"parent":0,"menu_order":0,"comment_status":"closed","ping_status":"closed","template":"","meta":{"footnotes":""},"class_list":["post-56761","page","type-page","status-publish","hentry"],"aioseo_notices":[],"_links":{"self":[{"href":"https:\/\/www.mirsa.es\/ca\/wp-json\/wp\/v2\/pages\/56761","targetHints":{"allow":["GET"]}}],"collection":[{"href":"https:\/\/www.mirsa.es\/ca\/wp-json\/wp\/v2\/pages"}],"about":[{"href":"https:\/\/www.mirsa.es\/ca\/wp-json\/wp\/v2\/types\/page"}],"author":[{"embeddable":true,"href":"https:\/\/www.mirsa.es\/ca\/wp-json\/wp\/v2\/users\/1"}],"replies":[{"embeddable":true,"href":"https:\/\/www.mirsa.es\/ca\/wp-json\/wp\/v2\/comments?post=56761"}],"version-history":[{"count":0,"href":"https:\/\/www.mirsa.es\/ca\/wp-json\/wp\/v2\/pages\/56761\/revisions"}],"wp:attachment":[{"href":"https:\/\/www.mirsa.es\/ca\/wp-json\/wp\/v2\/media?parent=56761"}],"curies":[{"name":"wp","href":"https:\/\/api.w.org\/{rel}","templated":true}]}}