{"id":56436,"date":"2021-06-15T16:12:11","date_gmt":"2021-06-15T16:12:11","guid":{"rendered":"http:\/\/www.mirsa.es.mialias.net\/?page_id=56436"},"modified":"2021-06-15T16:12:11","modified_gmt":"2021-06-15T16:12:11","slug":"sofa-marteen-molteni-c","status":"publish","type":"page","link":"https:\/\/www.mirsa.es\/ca\/sofa-marteen-molteni-c\/","title":{"rendered":"Marteen Molteni &#038; C"},"content":{"rendered":"<div class=\"wpb-content-wrapper\"><p>[vc_row][vc_column][vc_column_text]<\/p>\n<p><img decoding=\"async\" class=\"wp-image-1077 size-large aligncenter\" title=\"Marteen Molteni &#038; C\" src=\"\/wp-content\/uploads\/2021\/06\/sofa_marteen_molteni_c.jpg\" alt=\"Marteen Molteni &#038; C\" width=\"100%\" height=\"400\"\/><\/p>\n<h2 style=\"font-size: 16px; text-align: left;\"><strong>Marteen de la prestigiosa firma italiana Molteni &#038; C \u00e9s un elegant i exclusiu sof\u00e0 d\u2019estructura modular patentat pel reconegut dissenyador belga Vincent Van Duysen.<\/strong><\/h2>\n<p style=\"font-size: 16px; text-align: left;\">Se trata de una pieza vers\u00e1til y polivalente, que presenta m\u00faltiples opciones de configuraci\u00f3n y personalizaci\u00f3n, gracias a la gran cantidad de acabados en los que est\u00e1 disponible.<\/p>\n<p style=\"font-size: 16px; text-align: left;\">La colecci\u00f3n se caracteriza por incorporar en la misma estructura del sof\u00e1 unas pr\u00e1cticas mesas de centro en madera de eucalipto o roble, creando un espacio c\u00e1lido y acogedor, y aportando equilibrio y armon\u00eda al espacio.<\/p>\n<p style=\"font-size: 16px; text-align: left;\">En MIRSA interiorismo &#038; mobiliario somos distribuidores oficiales Molteni &#038; C. Para m\u00e1s informaci\u00f3n, visite nuestro Showroom o contacte con nosotros.<\/p>\n<p>[\/vc_column_text][vc_row_inner][vc_column_inner]<style type=\"text\/css\">#bklyn_btn_69d1e97160628 .bklyn-btn { color:#ffffff !important; background-color:black !important; }<\/style><div id=\"bklyn_btn_69d1e97160628\" class=\"bklyn-btn-holder  bklyn-btn-center bklyn-btn-tablet-center bklyn-btn-mobile-center\"><a title=\"Contacto\"   href=\"\/contacto\" target=\"_self\" class=\"bklyn-btn  bklyn-btn-icon-left bklyn-btn-normal\" ><i class=\"fa fa-envelope\"><\/i><span class=\"ut-btn-text\">M\u00e9s informaci\u00f3<\/span><\/a><\/div>[\/vc_column_inner][\/vc_row_inner][\/vc_column][\/vc_row]<\/p>\n<\/div>","protected":false},"excerpt":{"rendered":"<p>[vc_row][vc_column][vc_column_text] Marteen de la prestigiosa firma italiana Molteni &#038; C \u00e9s un elegant i exclusiu sof\u00e0 d\u2019estructura modular patentat pel reconegut dissenyador belga Vincent Van Duysen. Se trata de una pieza vers\u00e1til y polivalente, que presenta m\u00faltiples opciones de configuraci\u00f3n y personalizaci\u00f3n, gracias a la gran cantidad de acabados en los que est\u00e1 disponible. La [&hellip;]<\/p>\n","protected":false},"author":1,"featured_media":0,"parent":0,"menu_order":0,"comment_status":"closed","ping_status":"closed","template":"","meta":{"footnotes":""},"class_list":["post-56436","page","type-page","status-publish","hentry"],"aioseo_notices":[],"_links":{"self":[{"href":"https:\/\/www.mirsa.es\/ca\/wp-json\/wp\/v2\/pages\/56436","targetHints":{"allow":["GET"]}}],"collection":[{"href":"https:\/\/www.mirsa.es\/ca\/wp-json\/wp\/v2\/pages"}],"about":[{"href":"https:\/\/www.mirsa.es\/ca\/wp-json\/wp\/v2\/types\/page"}],"author":[{"embeddable":true,"href":"https:\/\/www.mirsa.es\/ca\/wp-json\/wp\/v2\/users\/1"}],"replies":[{"embeddable":true,"href":"https:\/\/www.mirsa.es\/ca\/wp-json\/wp\/v2\/comments?post=56436"}],"version-history":[{"count":0,"href":"https:\/\/www.mirsa.es\/ca\/wp-json\/wp\/v2\/pages\/56436\/revisions"}],"wp:attachment":[{"href":"https:\/\/www.mirsa.es\/ca\/wp-json\/wp\/v2\/media?parent=56436"}],"curies":[{"name":"wp","href":"https:\/\/api.w.org\/{rel}","templated":true}]}}