{"id":55829,"date":"2021-05-27T07:53:05","date_gmt":"2021-05-27T07:53:05","guid":{"rendered":"http:\/\/www.mirsa.es.mialias.net\/mesa-big-table-bonaldo\/"},"modified":"2021-06-15T15:43:21","modified_gmt":"2021-06-15T15:43:21","slug":"mesa-big-table-bonaldo","status":"publish","type":"page","link":"https:\/\/www.mirsa.es\/ca\/mesa-big-table-bonaldo\/","title":{"rendered":"Big Table Bonaldo"},"content":{"rendered":"<div class=\"wpb-content-wrapper\"><p>[vc_row][vc_column][vc_column_text]<br \/>\n<img decoding=\"async\" class=\"wp-image-1077 size-large aligncenter\" title=\"Big Table Bonaldo\" src=\"\/wp-content\/uploads\/2021\/05\/big_table_bonaldo.jpg\" title=\"Big Table Bonaldo\" width=\"100%\" height=\"400\"\/><\/p>\n<h2 style=\"font-size: 16px; text-align: left;\"><strong>Big Table de la firma italiana Bonaldo, es una espectacular taula d\u2019estil contemporani que es caracteritza per la inclinaci\u00f3 de les seves potes i per un taulell de l\u00ednies fines i lineals.<\/strong><\/h2>\n<p style=\"font-size: 16px; text-align: left;\">Es tracta d\u2019una pe\u00e7a vers\u00e0til i polivalent, que s\u2019adapta amb facilitat a qualsevol mena d\u2019espai gr\u00e0cies a les seves m\u00faltiples opcions de configuraci\u00f3 i personalitzaci\u00f3.<\/p>\n<p style=\"font-size: 16px; text-align: left;\">Un dels elements m\u00e9s caracter\u00edstics de la Big Table s\u00f3n sens dubte les seves potes d\u2019acer fabricades amb les tecnologies m\u00e9s avan\u00e7ades i tallades mitjan\u00e7ant l\u00e0ser, adquirint una forma \u00fanica i inimitable.<\/p>\n<p style=\"font-size: 16px; text-align: left;\">L\u2019imponent Taulell de la taula est\u00e0 disponible en lacat blanc, fusta, vidre o cer\u00e0mica i destaca per les seves l\u00ednies rectes i pures, que aporten eleg\u00e0ncia i exclusivitat a la col\u00b7lecci\u00f3.<\/p>\n<p style=\"font-size: 16px; text-align: left;\">Presentada per primera vegada a 2009, la taula s\u2019ha convertit en una veritable icona de la firma, fins al punt que actualment \u00e9s una de les peces m\u00e9s vengudes. Al 2019, per a commemorar el 10\u00e8 aniversari es va presentar una edici\u00f3 especial en marbre.<\/p>\n<p style=\"font-size: 16px; text-align: left;\">A MIRSA interiorisme &#038; mobiliari som distribu\u00efdors oficials Bonaldo. Per a m\u00e9s informaci\u00f3, visiti el nostre Showroom o contacti amb nosaltres.\n<\/p>\n<p>[\/vc_column_text][vc_row_inner][vc_column_inner]<style type=\"text\/css\">#bklyn_btn_69d25e15cf71c .bklyn-btn { color:#ffffff !important; background-color:black !important; }<\/style><div id=\"bklyn_btn_69d25e15cf71c\" class=\"bklyn-btn-holder  bklyn-btn-center bklyn-btn-tablet-center bklyn-btn-mobile-center\"><a title=\"Contacto\"   href=\"\/contacto\" target=\"_self\" class=\"bklyn-btn  bklyn-btn-icon-left bklyn-btn-normal\" ><i class=\"fa fa-envelope\"><\/i><span class=\"ut-btn-text\">M\u00e9s informaci\u00f3<\/span><\/a><\/div>[\/vc_column_inner][\/vc_row_inner][\/vc_column][\/vc_row]<\/p>\n<\/div>","protected":false},"excerpt":{"rendered":"<p>[vc_row][vc_column][vc_column_text] Big Table de la firma italiana Bonaldo, es una espectacular taula d\u2019estil contemporani que es caracteritza per la inclinaci\u00f3 de les seves potes i per un taulell de l\u00ednies fines i lineals. Es tracta d\u2019una pe\u00e7a vers\u00e0til i polivalent, que s\u2019adapta amb facilitat a qualsevol mena d\u2019espai gr\u00e0cies a les seves m\u00faltiples opcions de [&hellip;]<\/p>\n","protected":false},"author":1,"featured_media":0,"parent":0,"menu_order":0,"comment_status":"closed","ping_status":"closed","template":"","meta":{"footnotes":""},"class_list":["post-55829","page","type-page","status-publish","hentry"],"aioseo_notices":[],"_links":{"self":[{"href":"https:\/\/www.mirsa.es\/ca\/wp-json\/wp\/v2\/pages\/55829","targetHints":{"allow":["GET"]}}],"collection":[{"href":"https:\/\/www.mirsa.es\/ca\/wp-json\/wp\/v2\/pages"}],"about":[{"href":"https:\/\/www.mirsa.es\/ca\/wp-json\/wp\/v2\/types\/page"}],"author":[{"embeddable":true,"href":"https:\/\/www.mirsa.es\/ca\/wp-json\/wp\/v2\/users\/1"}],"replies":[{"embeddable":true,"href":"https:\/\/www.mirsa.es\/ca\/wp-json\/wp\/v2\/comments?post=55829"}],"version-history":[{"count":0,"href":"https:\/\/www.mirsa.es\/ca\/wp-json\/wp\/v2\/pages\/55829\/revisions"}],"wp:attachment":[{"href":"https:\/\/www.mirsa.es\/ca\/wp-json\/wp\/v2\/media?parent=55829"}],"curies":[{"name":"wp","href":"https:\/\/api.w.org\/{rel}","templated":true}]}}