{"id":55789,"date":"2021-05-26T15:06:55","date_gmt":"2021-05-26T15:06:55","guid":{"rendered":"http:\/\/www.mirsa.es.mialias.net\/?page_id=55789"},"modified":"2021-05-26T16:10:48","modified_gmt":"2021-05-26T16:10:48","slug":"escritorio-afrodite-porada","status":"publish","type":"page","link":"https:\/\/www.mirsa.es\/ca\/escritorio-afrodite-porada\/","title":{"rendered":"Escriptori Afrodite Porada"},"content":{"rendered":"<div class=\"wpb-content-wrapper\"><p>[vc_row][vc_column][vc_column_text]<br \/>\n<img decoding=\"async\" class=\"wp-image-1077 size-large aligncenter\" title=\"Escriptori Afrodite Porada\" src=\"\/wp-content\/uploads\/2021\/05\/afrodite_porada_preview.jpg\" title=\"Escriptori Afrodite Porada\" width=\"100%\" height=\"400\"\/><\/p>\n<h2 style=\"font-size: 16px; text-align: left;\"><strong>Afrodite de la prestigiosa firma italiana Porada \u00e9s un elegant i exclusiu escriptori de disseny contemporani que destaca per les seves l\u00ednies s\u00f2bries i equilibrades.<\/strong><\/h2>\n<p style=\"font-size: 16px; text-align: left;\">Es tracta d\u2019una pe\u00e7a constru\u00efda en fusta massissa de noguera canaletta, que incorpora un moble lateral amb tres calaixos que permet augmentar la capacitat d\u2019emmagatzematge.<\/p>\n<p style=\"font-size: 16px; text-align: left;\">El moble lateral pot col\u00b7locar-se indistintament a dreta o Esquerra del taulell, realitzant la funci\u00f3 de Suport.<\/p>\n<p style=\"font-size: 16px; text-align: left;\">El taulell est\u00e0 revestit de pell Cuoletto per la part inferior i incorpora a m\u00e9s un contenidor ocult amb mirall de f\u00e0cil obertura i amb pestell.<\/p>\n<p style=\"font-size: 16px; text-align: left;\">A MIRSA interiorisme &#038; mobiliari som distribu\u00efdors oficials Porada. Per a m\u00e9s informaci\u00f3, visiti el nostre Showroom o contacti amb nosaltres.<\/p>\n<p>[\/vc_column_text][vc_row_inner][vc_column_inner]<style type=\"text\/css\">#bklyn_btn_6a09239ed6352 .bklyn-btn { color:#ffffff !important; background-color:black !important; }<\/style><div id=\"bklyn_btn_6a09239ed6352\" class=\"bklyn-btn-holder  bklyn-btn-center bklyn-btn-tablet-center bklyn-btn-mobile-center\"><a title=\"Contacto\"   href=\"\/contacto\" target=\"_self\" class=\"bklyn-btn  bklyn-btn-icon-left bklyn-btn-normal\" ><i class=\"fa fa-envelope\"><\/i><span class=\"ut-btn-text\">M\u00e9s informaci\u00f3<\/span><\/a><\/div>[\/vc_column_inner][\/vc_row_inner][\/vc_column][\/vc_row]<\/p>\n<\/div>","protected":false},"excerpt":{"rendered":"<p>[vc_row][vc_column][vc_column_text] Afrodite de la prestigiosa firma italiana Porada \u00e9s un elegant i exclusiu escriptori de disseny contemporani que destaca per les seves l\u00ednies s\u00f2bries i equilibrades. Es tracta d\u2019una pe\u00e7a constru\u00efda en fusta massissa de noguera canaletta, que incorpora un moble lateral amb tres calaixos que permet augmentar la capacitat d\u2019emmagatzematge. El moble lateral pot [&hellip;]<\/p>\n","protected":false},"author":1,"featured_media":0,"parent":0,"menu_order":0,"comment_status":"closed","ping_status":"closed","template":"","meta":{"footnotes":""},"class_list":["post-55789","page","type-page","status-publish","hentry"],"aioseo_notices":[],"_links":{"self":[{"href":"https:\/\/www.mirsa.es\/ca\/wp-json\/wp\/v2\/pages\/55789","targetHints":{"allow":["GET"]}}],"collection":[{"href":"https:\/\/www.mirsa.es\/ca\/wp-json\/wp\/v2\/pages"}],"about":[{"href":"https:\/\/www.mirsa.es\/ca\/wp-json\/wp\/v2\/types\/page"}],"author":[{"embeddable":true,"href":"https:\/\/www.mirsa.es\/ca\/wp-json\/wp\/v2\/users\/1"}],"replies":[{"embeddable":true,"href":"https:\/\/www.mirsa.es\/ca\/wp-json\/wp\/v2\/comments?post=55789"}],"version-history":[{"count":0,"href":"https:\/\/www.mirsa.es\/ca\/wp-json\/wp\/v2\/pages\/55789\/revisions"}],"wp:attachment":[{"href":"https:\/\/www.mirsa.es\/ca\/wp-json\/wp\/v2\/media?parent=55789"}],"curies":[{"name":"wp","href":"https:\/\/api.w.org\/{rel}","templated":true}]}}