{"id":55784,"date":"2021-05-26T14:29:04","date_gmt":"2021-05-26T14:29:04","guid":{"rendered":"http:\/\/www.mirsa.es.mialias.net\/mesa-alan-porada\/"},"modified":"2021-05-26T16:15:21","modified_gmt":"2021-05-26T16:15:21","slug":"mesa-alan-porada","status":"publish","type":"page","link":"https:\/\/www.mirsa.es\/ca\/mesa-alan-porada\/","title":{"rendered":"Taula Alan Porada"},"content":{"rendered":"<div class=\"wpb-content-wrapper\"><p>[vc_row][vc_column][vc_column_text]<br \/>\n<img decoding=\"async\" class=\"wp-image-1077 size-large aligncenter\" title=\"Taula Alan Porada\" src=\"\/wp-content\/uploads\/2021\/05\/mesa_alan_porada_00.jpg\" width=\"100%\" height=\"400\"\/><\/p>\n<h2 style=\"font-size: 16px; text-align: left;\"><strong>Alan de la reconeguda firma italiana Porada es una espectacular taula de menjador dissenyada pels prestigiosos G &#038; O Buratti, considerats actualment com un dels dissenyadors amb m\u00e9s talent del panorama internacional.<br \/>\n<\/strong><\/h2>\n<p style=\"font-size: 16px; text-align: left;\">La col\u00b7lecci\u00f3 es caracteritza per la seva peculiar base, formada per elements individuals en forma de mitja lluna constru\u00efts en fusta massissa de noguera canaletta.<\/p>\n<p style=\"font-size: 16px; text-align: left;\">El taulell est\u00e0 format per una l\u00e0mina de vidre transparent de 15mm de gruix, disponible en acabats en marbre, fusta o pedra. Els peus de les potes es presenten en metall crom color negre.<\/p>\n<p style=\"font-size: 16px; text-align: left;\">A MIRSA interiorisme &#038; mobiliari som distribu\u00efdors oficials Porada. Per a m\u00e9s informaci\u00f3, visiti el nostre Showroom o contacti amb nosaltres.<\/p>\n<p>[\/vc_column_text][vc_row_inner][vc_column_inner]<style type=\"text\/css\">#bklyn_btn_69d253acd3b6c .bklyn-btn { color:#ffffff !important; background-color:black !important; }<\/style><div id=\"bklyn_btn_69d253acd3b6c\" class=\"bklyn-btn-holder  bklyn-btn-center bklyn-btn-tablet-center bklyn-btn-mobile-center\"><a title=\"Contacto\"   href=\"\/contacto\" target=\"_self\" class=\"bklyn-btn  bklyn-btn-icon-left bklyn-btn-normal\" ><i class=\"fa fa-envelope\"><\/i><span class=\"ut-btn-text\">M\u00e9s informaci\u00f3<\/span><\/a><\/div>[\/vc_column_inner][\/vc_row_inner][\/vc_column][\/vc_row]<\/p>\n<\/div>","protected":false},"excerpt":{"rendered":"<p>[vc_row][vc_column][vc_column_text] Alan de la reconeguda firma italiana Porada es una espectacular taula de menjador dissenyada pels prestigiosos G &#038; O Buratti, considerats actualment com un dels dissenyadors amb m\u00e9s talent del panorama internacional. La col\u00b7lecci\u00f3 es caracteritza per la seva peculiar base, formada per elements individuals en forma de mitja lluna constru\u00efts en fusta massissa [&hellip;]<\/p>\n","protected":false},"author":1,"featured_media":0,"parent":0,"menu_order":0,"comment_status":"closed","ping_status":"closed","template":"","meta":{"footnotes":""},"class_list":["post-55784","page","type-page","status-publish","hentry"],"aioseo_notices":[],"_links":{"self":[{"href":"https:\/\/www.mirsa.es\/ca\/wp-json\/wp\/v2\/pages\/55784","targetHints":{"allow":["GET"]}}],"collection":[{"href":"https:\/\/www.mirsa.es\/ca\/wp-json\/wp\/v2\/pages"}],"about":[{"href":"https:\/\/www.mirsa.es\/ca\/wp-json\/wp\/v2\/types\/page"}],"author":[{"embeddable":true,"href":"https:\/\/www.mirsa.es\/ca\/wp-json\/wp\/v2\/users\/1"}],"replies":[{"embeddable":true,"href":"https:\/\/www.mirsa.es\/ca\/wp-json\/wp\/v2\/comments?post=55784"}],"version-history":[{"count":0,"href":"https:\/\/www.mirsa.es\/ca\/wp-json\/wp\/v2\/pages\/55784\/revisions"}],"wp:attachment":[{"href":"https:\/\/www.mirsa.es\/ca\/wp-json\/wp\/v2\/media?parent=55784"}],"curies":[{"name":"wp","href":"https:\/\/api.w.org\/{rel}","templated":true}]}}