{"id":55746,"date":"2021-05-26T11:15:14","date_gmt":"2021-05-26T11:15:14","guid":{"rendered":"http:\/\/www.mirsa.es.mialias.net\/?page_id=55746"},"modified":"2021-05-26T11:24:52","modified_gmt":"2021-05-26T11:24:52","slug":"buit-gandia-blasco","status":"publish","type":"page","link":"https:\/\/www.mirsa.es\/ca\/buit-gandia-blasco\/","title":{"rendered":"Buit Gandia Blasco"},"content":{"rendered":"<div class=\"wpb-content-wrapper\"><p>[vc_row][vc_column][vc_column_text]<\/p>\n<p><img decoding=\"async\" class=\"wp-image-1077 size-large aligncenter\" title=\"Buit Gandia Blasco\" src=\"\/wp-content\/uploads\/2021\/05\/buit_gandia_blasco.jpg\" width=\"100%\" height=\"400\"\/><\/p>\n<h2 style=\"font-size: 16px; text-align: left;\"><strong>Buit de la reconeguda firma Gandia Blasco \u00e9s una elegant i exclusiva col\u00b7lecci\u00f3 de mobiliari outdoor dissenyada pel prestigi\u00f3s estudi Mayice.<\/strong><\/h2>\n<p style=\"font-size: 16px; text-align: left;\">La col\u00b7lecci\u00f3 s\u2019inspira en els or\u00edgens de la firma, ja que inicialment es va idear com una malla d\u2019alumini i t\u00e8xtil que recorda a una catifa, el producte ins\u00edgnia de Gandiablasco en els seus inicis, que acaba transformant-se en un seient i en una taula Baixa.<\/p>\n<p style=\"font-size: 16px; text-align: left;\">Les formes de Buit destaquen per la seva lleugeresa visual, aix\u00ed com per la puresa de les seves l\u00ednies, que s\u2019integren a la perfecci\u00f3 en qualsevol espai exterior, garantint sempre la m\u00e0xima comoditat.<\/p>\n<p style=\"font-size: 16px; text-align: left;\">L\u2019estructura d\u2019alumini est\u00e0 recoberta de t\u00e8xtil Febrik, que es caracteritza per la seva gran resist\u00e8ncia a la pluja i el vent, al mateix temps que aporta calidesa i confort.<\/p>\n<p style=\"font-size: 16px; text-align: left;\">A MIRSA interiorisme &#038; mobiliari som distribu\u00efdors oficials Gandia Blasco. Per a m\u00e9s informaci\u00f3, visiti el nostre Showroom o contacti amb nosaltres.<\/p>\n<p>[\/vc_column_text][vc_row_inner][vc_column_inner]<style type=\"text\/css\">#bklyn_btn_69d19634e3831 .bklyn-btn { color:#ffffff !important; background-color:black !important; }<\/style><div id=\"bklyn_btn_69d19634e3831\" class=\"bklyn-btn-holder  bklyn-btn-center bklyn-btn-tablet-center bklyn-btn-mobile-center\"><a title=\"Contacto\"   href=\"\/contacto\" target=\"_self\" class=\"bklyn-btn  bklyn-btn-icon-left bklyn-btn-normal\" ><i class=\"fa fa-envelope\"><\/i><span class=\"ut-btn-text\">M\u00e9s informaci\u00f3<\/span><\/a><\/div>[\/vc_column_inner][\/vc_row_inner][\/vc_column][\/vc_row]<\/p>\n<\/div>","protected":false},"excerpt":{"rendered":"<p>[vc_row][vc_column][vc_column_text] Buit de la reconeguda firma Gandia Blasco \u00e9s una elegant i exclusiva col\u00b7lecci\u00f3 de mobiliari outdoor dissenyada pel prestigi\u00f3s estudi Mayice. La col\u00b7lecci\u00f3 s\u2019inspira en els or\u00edgens de la firma, ja que inicialment es va idear com una malla d\u2019alumini i t\u00e8xtil que recorda a una catifa, el producte ins\u00edgnia de Gandiablasco en els [&hellip;]<\/p>\n","protected":false},"author":1,"featured_media":0,"parent":0,"menu_order":0,"comment_status":"closed","ping_status":"closed","template":"","meta":{"footnotes":""},"class_list":["post-55746","page","type-page","status-publish","hentry"],"aioseo_notices":[],"_links":{"self":[{"href":"https:\/\/www.mirsa.es\/ca\/wp-json\/wp\/v2\/pages\/55746","targetHints":{"allow":["GET"]}}],"collection":[{"href":"https:\/\/www.mirsa.es\/ca\/wp-json\/wp\/v2\/pages"}],"about":[{"href":"https:\/\/www.mirsa.es\/ca\/wp-json\/wp\/v2\/types\/page"}],"author":[{"embeddable":true,"href":"https:\/\/www.mirsa.es\/ca\/wp-json\/wp\/v2\/users\/1"}],"replies":[{"embeddable":true,"href":"https:\/\/www.mirsa.es\/ca\/wp-json\/wp\/v2\/comments?post=55746"}],"version-history":[{"count":0,"href":"https:\/\/www.mirsa.es\/ca\/wp-json\/wp\/v2\/pages\/55746\/revisions"}],"wp:attachment":[{"href":"https:\/\/www.mirsa.es\/ca\/wp-json\/wp\/v2\/media?parent=55746"}],"curies":[{"name":"wp","href":"https:\/\/api.w.org\/{rel}","templated":true}]}}