{"id":55736,"date":"2021-05-26T10:07:53","date_gmt":"2021-05-26T10:07:53","guid":{"rendered":"http:\/\/www.mirsa.es.mialias.net\/?page_id=55736"},"modified":"2021-05-26T10:07:53","modified_gmt":"2021-05-26T10:07:53","slug":"capa-gandia-blasco","status":"publish","type":"page","link":"https:\/\/www.mirsa.es\/ca\/capa-gandia-blasco\/","title":{"rendered":"Capa Gandia Blasco"},"content":{"rendered":"<div class=\"wpb-content-wrapper\"><p>[vc_row][vc_column][vc_column_text]<\/p>\n<p><img decoding=\"async\" class=\"wp-image-1077 size-large aligncenter\" title=\"Capa Gandia Blasco\" src=\"\/wp-content\/uploads\/2021\/05\/capa_gandia_blasco.jpg\" width=\"100%\" height=\"400\"\/><\/p>\n<h2 style=\"font-size: 16px; text-align: left;\"><strong>Capa de la reconeguda firma de mobiliari exterior Gandia Blasco \u00e9s una espectacular col\u00b7lecci\u00f3 d\u2019exterior patentada pel prestigi\u00f3s dissenyador dan\u00e8s Soren Rose.<\/strong><\/h2>\n<p style=\"font-size: 16px; text-align: left;\">Soren Rose \u00e9s actualment un dels dissenyadors de m\u00e9s renom al panorama internacional i la col\u00b7lecci\u00f3 Capa representa el seu primer treball per a Gandia Blasco.<\/p>\n<p style=\"font-size: 16px; text-align: left;\">Es tracta d\u2019una col\u00b7lecci\u00f3 vers\u00e0til i polivalent, composta per seients i taula Baixa i dissenyada especialment per a enriquir espais exteriors com jardins i terrasses.<\/p>\n<p style=\"font-size: 16px; text-align: left;\">Els elements que formen la base presenten una estructura en alumini de l\u00ednies pures i atemporals que garanteixen la m\u00e0xima comoditat.<\/p>\n<p style=\"font-size: 16px; text-align: left;\">A MIRSA interiorisme &#038; mobiliari som distribu\u00efdors oficials Gandia Blasco. Per a m\u00e9s informaci\u00f3, visiti el nostre Showroom o contacti amb nosaltres.<\/p>\n<p>[\/vc_column_text][vc_row_inner][vc_column_inner]<style type=\"text\/css\">#bklyn_btn_69d1c8edc21d1 .bklyn-btn { color:#ffffff !important; background-color:black !important; }<\/style><div id=\"bklyn_btn_69d1c8edc21d1\" class=\"bklyn-btn-holder  bklyn-btn-center bklyn-btn-tablet-center bklyn-btn-mobile-center\"><a title=\"Contacto\"   href=\"\/contacto\" target=\"_self\" class=\"bklyn-btn  bklyn-btn-icon-left bklyn-btn-normal\" ><i class=\"fa fa-envelope\"><\/i><span class=\"ut-btn-text\">M\u00e9s informaci\u00f3<\/span><\/a><\/div>[\/vc_column_inner][\/vc_row_inner][\/vc_column][\/vc_row]<\/p>\n<\/div>","protected":false},"excerpt":{"rendered":"<p>[vc_row][vc_column][vc_column_text] Capa de la reconeguda firma de mobiliari exterior Gandia Blasco \u00e9s una espectacular col\u00b7lecci\u00f3 d\u2019exterior patentada pel prestigi\u00f3s dissenyador dan\u00e8s Soren Rose. Soren Rose \u00e9s actualment un dels dissenyadors de m\u00e9s renom al panorama internacional i la col\u00b7lecci\u00f3 Capa representa el seu primer treball per a Gandia Blasco. Es tracta d\u2019una col\u00b7lecci\u00f3 vers\u00e0til i [&hellip;]<\/p>\n","protected":false},"author":1,"featured_media":0,"parent":0,"menu_order":0,"comment_status":"closed","ping_status":"closed","template":"","meta":{"footnotes":""},"class_list":["post-55736","page","type-page","status-publish","hentry"],"aioseo_notices":[],"_links":{"self":[{"href":"https:\/\/www.mirsa.es\/ca\/wp-json\/wp\/v2\/pages\/55736","targetHints":{"allow":["GET"]}}],"collection":[{"href":"https:\/\/www.mirsa.es\/ca\/wp-json\/wp\/v2\/pages"}],"about":[{"href":"https:\/\/www.mirsa.es\/ca\/wp-json\/wp\/v2\/types\/page"}],"author":[{"embeddable":true,"href":"https:\/\/www.mirsa.es\/ca\/wp-json\/wp\/v2\/users\/1"}],"replies":[{"embeddable":true,"href":"https:\/\/www.mirsa.es\/ca\/wp-json\/wp\/v2\/comments?post=55736"}],"version-history":[{"count":0,"href":"https:\/\/www.mirsa.es\/ca\/wp-json\/wp\/v2\/pages\/55736\/revisions"}],"wp:attachment":[{"href":"https:\/\/www.mirsa.es\/ca\/wp-json\/wp\/v2\/media?parent=55736"}],"curies":[{"name":"wp","href":"https:\/\/api.w.org\/{rel}","templated":true}]}}