{"id":55732,"date":"2021-05-26T08:35:37","date_gmt":"2021-05-26T08:35:37","guid":{"rendered":"http:\/\/www.mirsa.es.mialias.net\/bosc-gandia-blasco\/"},"modified":"2021-05-26T08:42:05","modified_gmt":"2021-05-26T08:42:05","slug":"bosc-gandia-blasco","status":"publish","type":"page","link":"https:\/\/www.mirsa.es\/ca\/bosc-gandia-blasco\/","title":{"rendered":"Bosc Gandia Blasco"},"content":{"rendered":"<div class=\"wpb-content-wrapper\"><p>[vc_row][vc_column][vc_column_text]<\/p>\n<p><img decoding=\"async\" class=\"wp-image-1077 size-large aligncenter\" title=\"Bosc Gandia Blasco\" src=\"\/wp-content\/uploads\/2021\/05\/bosc-gandia-blasco.jpg\" width=\"100%\" height=\"400\"\/><\/p>\n<h2 style=\"font-size: 16px; text-align: left;\"><strong>Bosc de la reconeguda firma Gandiablasco \u00e9s una espectacular col\u00b7lecci\u00f3 de seients d\u2019exterior que destaca per la seva eleg\u00e0ncia i per la seva versatilitat.<\/strong><\/h2>\n<p style=\"font-size: 16px; text-align: left;\">La col\u00b7lecci\u00f3 es compon d\u2019una butaca i de dos sof\u00e0s, de dues i tres places respectivament. Bosc proposa un nou concepte de mobiliari outdoor, que cuida al m\u00e0xim els detalls i que s\u2019inspira en el clima Mediterrani.<\/p>\n<p style=\"font-size: 16px; text-align: left;\">La comoditat i la versatilitat de la col\u00b7lecci\u00f3 la converteixen en el recurs ideal per a moblar jardins i terrasses, ja que a m\u00e9s de garantir la m\u00e0xima comoditat, es mimetitza a la perfecci\u00f3 en qualsevol espai exterior.<\/p>\n<p style=\"font-size: 16px; text-align: left;\">A MIRSA interiorisme &#038; mobiliari som distribu\u00efdors oficials Gandia Blasco. Per a m\u00e9s informaci\u00f3, visiti el nostre Showroom o contacti amb nosaltres.<\/p>\n<p>[\/vc_column_text][vc_row_inner][vc_column_inner]<style type=\"text\/css\">#bklyn_btn_69d209c2dd020 .bklyn-btn { color:#ffffff !important; background-color:black !important; }<\/style><div id=\"bklyn_btn_69d209c2dd020\" class=\"bklyn-btn-holder  bklyn-btn-center bklyn-btn-tablet-center bklyn-btn-mobile-center\"><a title=\"Contacto\"   href=\"\/contacto\" target=\"_self\" class=\"bklyn-btn  bklyn-btn-icon-left bklyn-btn-normal\" ><i class=\"fa fa-envelope\"><\/i><span class=\"ut-btn-text\">M\u00e9s informaci\u00f3<\/span><\/a><\/div>[\/vc_column_inner][\/vc_row_inner][\/vc_column][\/vc_row]<\/p>\n<\/div>","protected":false},"excerpt":{"rendered":"<p>[vc_row][vc_column][vc_column_text] Bosc de la reconeguda firma Gandiablasco \u00e9s una espectacular col\u00b7lecci\u00f3 de seients d\u2019exterior que destaca per la seva eleg\u00e0ncia i per la seva versatilitat. La col\u00b7lecci\u00f3 es compon d\u2019una butaca i de dos sof\u00e0s, de dues i tres places respectivament. Bosc proposa un nou concepte de mobiliari outdoor, que cuida al m\u00e0xim els detalls [&hellip;]<\/p>\n","protected":false},"author":1,"featured_media":0,"parent":0,"menu_order":0,"comment_status":"closed","ping_status":"closed","template":"","meta":{"footnotes":""},"class_list":["post-55732","page","type-page","status-publish","hentry"],"aioseo_notices":[],"_links":{"self":[{"href":"https:\/\/www.mirsa.es\/ca\/wp-json\/wp\/v2\/pages\/55732","targetHints":{"allow":["GET"]}}],"collection":[{"href":"https:\/\/www.mirsa.es\/ca\/wp-json\/wp\/v2\/pages"}],"about":[{"href":"https:\/\/www.mirsa.es\/ca\/wp-json\/wp\/v2\/types\/page"}],"author":[{"embeddable":true,"href":"https:\/\/www.mirsa.es\/ca\/wp-json\/wp\/v2\/users\/1"}],"replies":[{"embeddable":true,"href":"https:\/\/www.mirsa.es\/ca\/wp-json\/wp\/v2\/comments?post=55732"}],"version-history":[{"count":0,"href":"https:\/\/www.mirsa.es\/ca\/wp-json\/wp\/v2\/pages\/55732\/revisions"}],"wp:attachment":[{"href":"https:\/\/www.mirsa.es\/ca\/wp-json\/wp\/v2\/media?parent=55732"}],"curies":[{"name":"wp","href":"https:\/\/api.w.org\/{rel}","templated":true}]}}