{"id":53288,"date":"2017-11-16T19:43:35","date_gmt":"2017-11-16T18:43:35","guid":{"rendered":"http:\/\/www.mirsa.es.mialias.net\/webby-day-bed-porada\/"},"modified":"2021-03-24T15:53:47","modified_gmt":"2021-03-24T15:53:47","slug":"webby-day-bed-porada","status":"publish","type":"page","link":"https:\/\/www.mirsa.es\/ca\/webby-day-bed-porada\/","title":{"rendered":"Webby Day Bed Porada"},"content":{"rendered":"<div class=\"wpb-content-wrapper\"><p>[vc_row][vc_column][vc_column_text]<\/p>\n<p><img decoding=\"async\" class=\"wp-image-1077 size-large aligncenter\" title=\"Webby Day Bed Porada\" src=\"\/wp-content\/uploads\/2020\/08\/webby_porada_day_bed_portada.jpg\" alt=\"Webby Day Bed Porada\" width=\"100%\" height=\"400\"\/><\/p>\n<h2 style=\"font-size: 16px; text-align: left;\"><strong>Webby Day Bed de Porada \u00e9s una original pe\u00e7a de disseny patentada pel fam\u00f3s Carlo Ballabio, que ens presenta un nou concepte de llit adaptat a la zona de dia.<\/strong><\/h2>\n<p style=\"font-size: 16px; text-align: left;\">Encara que l\u2019ess\u00e8ncia final de la pe\u00e7a \u00e9s merament decorativa, Webby \u00e9s capa\u00e7 de garantir al m\u00e0xim la comoditat gr\u00e0cies a la seva arquitectura ergon\u00f2mica.<\/p>\n<p style=\"font-size: 16px; text-align: left;\">L\u2019estructura del llit est\u00e0 constitu\u00efda per un marc en fusta massissa de noguera, mentre que la part superior destaca pel seu elegant capitone\u00e9.<\/p>\n<p style=\"font-size: 16px; text-align: left;\">A MIRSA interiorisme &#038; mobiliari som distribu\u00efdors oficials Porada. Per a m\u00e9s informaci\u00f3, visiti la nostra exposici\u00f3 o contacti amb nosaltres.<\/p>\n<p>[\/vc_column_text][vc_row_inner][vc_column_inner]<style type=\"text\/css\">#bklyn_btn_69d1aa5f434e4 .bklyn-btn { color:#ffffff !important; background-color:black !important; }<\/style><div id=\"bklyn_btn_69d1aa5f434e4\" class=\"bklyn-btn-holder  bklyn-btn-center bklyn-btn-tablet-center bklyn-btn-mobile-center\"><a title=\"Contacto\"   href=\"\/contacto\" target=\"_self\" class=\"bklyn-btn  bklyn-btn-icon-left bklyn-btn-normal\" ><i class=\"fa fa-envelope\"><\/i><span class=\"ut-btn-text\">M\u00e9s informaci\u00f3<\/span><\/a><\/div>[\/vc_column_inner][\/vc_row_inner][\/vc_column][\/vc_row]<\/p>\n<\/div>","protected":false},"excerpt":{"rendered":"<p>[vc_row][vc_column][vc_column_text] Webby Day Bed de Porada \u00e9s una original pe\u00e7a de disseny patentada pel fam\u00f3s Carlo Ballabio, que ens presenta un nou concepte de llit adaptat a la zona de dia. Encara que l\u2019ess\u00e8ncia final de la pe\u00e7a \u00e9s merament decorativa, Webby \u00e9s capa\u00e7 de garantir al m\u00e0xim la comoditat gr\u00e0cies a la seva arquitectura [&hellip;]<\/p>\n","protected":false},"author":1,"featured_media":0,"parent":0,"menu_order":0,"comment_status":"closed","ping_status":"closed","template":"","meta":{"footnotes":""},"class_list":["post-53288","page","type-page","status-publish","hentry"],"aioseo_notices":[],"_links":{"self":[{"href":"https:\/\/www.mirsa.es\/ca\/wp-json\/wp\/v2\/pages\/53288","targetHints":{"allow":["GET"]}}],"collection":[{"href":"https:\/\/www.mirsa.es\/ca\/wp-json\/wp\/v2\/pages"}],"about":[{"href":"https:\/\/www.mirsa.es\/ca\/wp-json\/wp\/v2\/types\/page"}],"author":[{"embeddable":true,"href":"https:\/\/www.mirsa.es\/ca\/wp-json\/wp\/v2\/users\/1"}],"replies":[{"embeddable":true,"href":"https:\/\/www.mirsa.es\/ca\/wp-json\/wp\/v2\/comments?post=53288"}],"version-history":[{"count":0,"href":"https:\/\/www.mirsa.es\/ca\/wp-json\/wp\/v2\/pages\/53288\/revisions"}],"wp:attachment":[{"href":"https:\/\/www.mirsa.es\/ca\/wp-json\/wp\/v2\/media?parent=53288"}],"curies":[{"name":"wp","href":"https:\/\/api.w.org\/{rel}","templated":true}]}}