{"id":53283,"date":"2020-07-30T08:14:19","date_gmt":"2020-07-30T08:14:19","guid":{"rendered":"http:\/\/www.mirsa.es.mialias.net\/walter-molteni-c\/"},"modified":"2021-03-24T15:41:02","modified_gmt":"2021-03-24T15:41:02","slug":"walter-molteni-c","status":"publish","type":"page","link":"https:\/\/www.mirsa.es\/ca\/walter-molteni-c\/","title":{"rendered":"Walter Molteni &#038; C"},"content":{"rendered":"<div class=\"wpb-content-wrapper\"><p>[vc_row][vc_column][vc_column_text]<\/p>\n<p><img decoding=\"async\" class=\"wp-image-1077 size-large aligncenter\" title=\"Walter Molteni &#038; C\" src=\"\/wp-content\/uploads\/2020\/07\/silla_walter_molteni_c.jpg\" alt=\"Walter Molteni &#038; C\" width=\"100%\" height=\"400\" \/><\/p>\n<h2 style=\"font-size: 16px; text-align: left;\"><strong>Walter de la prestigiosa firma italiana Molteni &#038; C \u00e9s una espectacular cadira d\u2019estil contemporani patentada pel reconegut dissenyador belga Vincent Van Duysen.<\/strong><\/h2>\n<p style=\"font-size: 16px; text-align: left;\">El dissenyador s\u2019inspira en la tradici\u00f3 artesanal t\u00edpica dels pa\u00efsos escandinaus per a concebre aquesta col\u00b7lecci\u00f3, adaptant-la al seu particular estil i transmetent l\u2019eleg\u00e0ncia i la calidesa per les que es caracteritzen totes les seves col\u00b7leccions.<\/p>\n<p style=\"font-size: 16px; text-align: left;\">Es tracta d\u2019una pe\u00e7a vers\u00e0til i polivalent, que destaca pel seu disseny de contrastos i que encaixa a la perfecci\u00f3 en qualsevol mena d\u2019espai gr\u00e0cies a les seves m\u00faltiples opcions de personalitzaci\u00f3.<\/p>\n<p style=\"font-size: 16px; text-align: left;\">A MIRSA interiorisme &#038; mobiliari som distribu\u00efdors oficials Molteni &#038; C. Per a m\u00e9s informaci\u00f3, visiti el nostre Showroom o contacti amb nosaltres.<\/p>\n<p>[\/vc_column_text][vc_row_inner][vc_column_inner]<style type=\"text\/css\">#bklyn_btn_69d385f99fc12 .bklyn-btn { color:#ffffff !important; background-color:black !important; }<\/style><div id=\"bklyn_btn_69d385f99fc12\" class=\"bklyn-btn-holder  bklyn-btn-center bklyn-btn-tablet-center bklyn-btn-mobile-center\"><a title=\"Contacto\"   href=\"\/contacto\" target=\"_self\" class=\"bklyn-btn  bklyn-btn-icon-left bklyn-btn-normal\" ><i class=\"fa fa-envelope\"><\/i><span class=\"ut-btn-text\">M\u00e9s informaci\u00f3<\/span><\/a><\/div>[\/vc_column_inner][\/vc_row_inner][\/vc_column][\/vc_row]<\/p>\n<\/div>","protected":false},"excerpt":{"rendered":"<p>[vc_row][vc_column][vc_column_text] Walter de la prestigiosa firma italiana Molteni &#038; C \u00e9s una espectacular cadira d\u2019estil contemporani patentada pel reconegut dissenyador belga Vincent Van Duysen. El dissenyador s\u2019inspira en la tradici\u00f3 artesanal t\u00edpica dels pa\u00efsos escandinaus per a concebre aquesta col\u00b7lecci\u00f3, adaptant-la al seu particular estil i transmetent l\u2019eleg\u00e0ncia i la calidesa per les que es [&hellip;]<\/p>\n","protected":false},"author":1,"featured_media":0,"parent":0,"menu_order":0,"comment_status":"closed","ping_status":"closed","template":"","meta":{"footnotes":""},"class_list":["post-53283","page","type-page","status-publish","hentry"],"aioseo_notices":[],"_links":{"self":[{"href":"https:\/\/www.mirsa.es\/ca\/wp-json\/wp\/v2\/pages\/53283","targetHints":{"allow":["GET"]}}],"collection":[{"href":"https:\/\/www.mirsa.es\/ca\/wp-json\/wp\/v2\/pages"}],"about":[{"href":"https:\/\/www.mirsa.es\/ca\/wp-json\/wp\/v2\/types\/page"}],"author":[{"embeddable":true,"href":"https:\/\/www.mirsa.es\/ca\/wp-json\/wp\/v2\/users\/1"}],"replies":[{"embeddable":true,"href":"https:\/\/www.mirsa.es\/ca\/wp-json\/wp\/v2\/comments?post=53283"}],"version-history":[{"count":0,"href":"https:\/\/www.mirsa.es\/ca\/wp-json\/wp\/v2\/pages\/53283\/revisions"}],"wp:attachment":[{"href":"https:\/\/www.mirsa.es\/ca\/wp-json\/wp\/v2\/media?parent=53283"}],"curies":[{"name":"wp","href":"https:\/\/api.w.org\/{rel}","templated":true}]}}