{"id":53262,"date":"2018-06-27T19:55:33","date_gmt":"2018-06-27T17:55:33","guid":{"rendered":"http:\/\/www.mirsa.es.mialias.net\/vola-grifos\/"},"modified":"2022-01-26T09:46:30","modified_gmt":"2022-01-26T09:46:30","slug":"vola-grifos","status":"publish","type":"page","link":"https:\/\/www.mirsa.es\/ca\/vola-grifos\/","title":{"rendered":"VOLA Aixetes"},"content":{"rendered":"<div class=\"wpb-content-wrapper\"><p>[vc_row css=&#8221;.vc_custom_1583596731269{margin-left: -50px !important;}&#8221;][vc_column][vc_column_text]<a href=\"javascript:history.go(-1)\" onmouseover=\"self.status=document.referrer;return true\" style=\"color: black;\">Enrere<\/a>[\/vc_column_text][\/vc_column][\/vc_row][vc_row][vc_column][vc_column_text]<br \/>\n<img decoding=\"async\" class=\"wp-image-1077 size-large aligncenter\" title=\"VOLA Aixetes\" src=\"\/wp-content\/uploads\/2020\/06\/vola_grifos.jpg\" alt=\"VOLA Aixetes\" width=\"100%\" height=\"400\" \/><\/p>\n<h2 style=\"font-size: 16px; text-align: left;\"><strong>Vola \u00e9s una prestigiosa firma d\u2019aixetes d\u2019alta gamma, que es caracteritza per les l\u00ednies escult\u00f2riques i per les perfectes proporcions de tots els seus productes.<\/strong><\/h2>\n<p style=\"font-size: 16px; text-align: left;\">Amb m\u00e9s de 50 anys d\u2019experi\u00e8ncia, VOLA s\u2019ha convertit en un referent del disseny, ja que les seves col\u00b7leccions s\u00f3n incomparables a nivell de qualitat, control i confort.<\/p>\n<p style=\"font-size: 16px; text-align: left;\">Els productes VOLA es fabriquen mitjan\u00e7ant peces modulars, formades per v\u00e0lvules, comandaments, embellidors i altres accessoris. Tots aquests elements interactuen entre si per a formar sistemes personalitzables que s\u2019adapten a tot tipus de necessitats.<\/p>\n<p style=\"font-size: 16px; text-align: left;\">A MIRSA interiorisme &#038; mobiliari som distribu\u00efdors oficials Vola. Per a m\u00e9s informaci\u00f3, visiti la nostra exposici\u00f3 o contacti amb nosaltres.<\/p>\n<p>[\/vc_column_text][vc_row_inner][vc_column_inner width=&#8221;1\/3&#8243;][\/vc_column_inner][vc_column_inner width=&#8221;1\/3&#8243;]<style type=\"text\/css\">#bklyn_btn_6a092247df2cb .bklyn-btn { color:#ffffff !important; background-color:black !important; }<\/style><div id=\"bklyn_btn_6a092247df2cb\" class=\"bklyn-btn-holder  bklyn-btn-center bklyn-btn-tablet-center bklyn-btn-mobile-center\"><a title=\"Contacto\"   href=\"\/contacto\" target=\"_self\" class=\"bklyn-btn  bklyn-btn-icon-left bklyn-btn-normal\" ><i class=\"fa fa-envelope\"><\/i><span class=\"ut-btn-text\">M\u00e9s informaci\u00f3<\/span><\/a><\/div>[\/vc_column_inner][vc_column_inner width=&#8221;1\/3&#8243;][\/vc_column_inner][\/vc_row_inner][\/vc_column][\/vc_row]<\/p>\n<\/div>","protected":false},"excerpt":{"rendered":"<p>[vc_row css=&#8221;.vc_custom_1583596731269{margin-left: -50px !important;}&#8221;][vc_column][vc_column_text]Enrere[\/vc_column_text][\/vc_column][\/vc_row][vc_row][vc_column][vc_column_text] Vola \u00e9s una prestigiosa firma d\u2019aixetes d\u2019alta gamma, que es caracteritza per les l\u00ednies escult\u00f2riques i per les perfectes proporcions de tots els seus productes. Amb m\u00e9s de 50 anys d\u2019experi\u00e8ncia, VOLA s\u2019ha convertit en un referent del disseny, ja que les seves col\u00b7leccions s\u00f3n incomparables a nivell de qualitat, control [&hellip;]<\/p>\n","protected":false},"author":1,"featured_media":0,"parent":0,"menu_order":0,"comment_status":"closed","ping_status":"closed","template":"","meta":{"footnotes":""},"class_list":["post-53262","page","type-page","status-publish","hentry"],"aioseo_notices":[],"_links":{"self":[{"href":"https:\/\/www.mirsa.es\/ca\/wp-json\/wp\/v2\/pages\/53262","targetHints":{"allow":["GET"]}}],"collection":[{"href":"https:\/\/www.mirsa.es\/ca\/wp-json\/wp\/v2\/pages"}],"about":[{"href":"https:\/\/www.mirsa.es\/ca\/wp-json\/wp\/v2\/types\/page"}],"author":[{"embeddable":true,"href":"https:\/\/www.mirsa.es\/ca\/wp-json\/wp\/v2\/users\/1"}],"replies":[{"embeddable":true,"href":"https:\/\/www.mirsa.es\/ca\/wp-json\/wp\/v2\/comments?post=53262"}],"version-history":[{"count":0,"href":"https:\/\/www.mirsa.es\/ca\/wp-json\/wp\/v2\/pages\/53262\/revisions"}],"wp:attachment":[{"href":"https:\/\/www.mirsa.es\/ca\/wp-json\/wp\/v2\/media?parent=53262"}],"curies":[{"name":"wp","href":"https:\/\/api.w.org\/{rel}","templated":true}]}}