{"id":53256,"date":"2018-03-08T19:31:47","date_gmt":"2018-03-08T18:31:47","guid":{"rendered":"http:\/\/www.mirsa.es.mialias.net\/vitra-muebles\/"},"modified":"2024-05-23T16:20:41","modified_gmt":"2024-05-23T16:20:41","slug":"vitra-muebles","status":"publish","type":"page","link":"https:\/\/www.mirsa.es\/ca\/vitra-muebles\/","title":{"rendered":"Vitra Mobles"},"content":{"rendered":"<div class=\"wpb-content-wrapper\"><p>[vc_row css=&#8221;.vc_custom_1583596731269{margin-left: -50px !important;}&#8221;][vc_column][vc_column_text]<a style=\"color:black;\" href=\"javascript:history.go(-1)\" onmouseover=\"self.status=document.referrer;return true\">Atr\u00e1s<\/a>[\/vc_column_text][\/vc_column][\/vc_row][vc_row][vc_column][vc_column_text]<br \/>\n<img decoding=\"async\" class=\"wp-image-1077 size-large aligncenter\" title=\"Vitra Mobles\" src=\"\/wp-content\/uploads\/2020\/06\/muebles_vitra_portada.jpg\" alt=\"Vitra Mobles\" width=\"100%\" height=\"400\" \/><\/p>\n<h2 style=\"font-size: 16px; text-align: left;\"><strong>Vitra \u00e9s una hist\u00f3rica firma de mobiliari de disseny fundada a Alemanya l\u2019any 1950 per Weil am Rhein. Actualment la seva seu central es troba a Su\u00efssa.<\/strong><\/h2>\n<p style=\"font-size: 16px; text-align: left;\">La marca ha sabut adaptar-se als nous temps oferint productes innovadors i contemporanis que mantenen l\u2019ess\u00e8ncia tradicional de Vitra.<\/p>\n<p style=\"font-size: 16px; text-align: left;\">Alguns dels dissenyadors m\u00e9s prestigiosos del m\u00f3n han treballat per a la firma alemanya com Frank Gehry, Verner Panton o Jasper Morrison.<\/p>\n<p style=\"font-size: 16px; text-align: left;\">A MIRSA interiorisme &amp; mobiliari som distribu\u00efdors oficials Vitra. Per a m\u00e9s informaci\u00f3, visiti el nostre Showroom o contacti amb nosaltres.<\/p>\n<p>[\/vc_column_text][\/vc_column][\/vc_row][vc_section][vc_row full_width=&#8221;stretch_row_content&#8221;][vc_column][vc_column_text]<iframe id=\"embedded-ads-iframe-website\" width=\"100%\" height=\"600\" data-originsrc=\"https:\/\/mirsa.daloom.com\/es\/productos\/mobiliario\/brand_vitra\"><\/iframe><br \/>\n<script defer src=\"https:\/\/mirsa.daloom.com\/js\/parent-embedded-script.min.js\"><\/script>[\/vc_column_text][\/vc_column][\/vc_row][\/vc_section]<\/p>\n<\/div>","protected":false},"excerpt":{"rendered":"<p>[vc_row css=&#8221;.vc_custom_1583596731269{margin-left: -50px !important;}&#8221;][vc_column][vc_column_text]Atr\u00e1s[\/vc_column_text][\/vc_column][\/vc_row][vc_row][vc_column][vc_column_text] Vitra \u00e9s una hist\u00f3rica firma de mobiliari de disseny fundada a Alemanya l\u2019any 1950 per Weil am Rhein. Actualment la seva seu central es troba a Su\u00efssa. La marca ha sabut adaptar-se als nous temps oferint productes innovadors i contemporanis que mantenen l\u2019ess\u00e8ncia tradicional de Vitra. Alguns dels dissenyadors m\u00e9s prestigiosos [&hellip;]<\/p>\n","protected":false},"author":1,"featured_media":0,"parent":0,"menu_order":0,"comment_status":"closed","ping_status":"closed","template":"","meta":{"footnotes":""},"class_list":["post-53256","page","type-page","status-publish","hentry"],"aioseo_notices":[],"_links":{"self":[{"href":"https:\/\/www.mirsa.es\/ca\/wp-json\/wp\/v2\/pages\/53256","targetHints":{"allow":["GET"]}}],"collection":[{"href":"https:\/\/www.mirsa.es\/ca\/wp-json\/wp\/v2\/pages"}],"about":[{"href":"https:\/\/www.mirsa.es\/ca\/wp-json\/wp\/v2\/types\/page"}],"author":[{"embeddable":true,"href":"https:\/\/www.mirsa.es\/ca\/wp-json\/wp\/v2\/users\/1"}],"replies":[{"embeddable":true,"href":"https:\/\/www.mirsa.es\/ca\/wp-json\/wp\/v2\/comments?post=53256"}],"version-history":[{"count":0,"href":"https:\/\/www.mirsa.es\/ca\/wp-json\/wp\/v2\/pages\/53256\/revisions"}],"wp:attachment":[{"href":"https:\/\/www.mirsa.es\/ca\/wp-json\/wp\/v2\/media?parent=53256"}],"curies":[{"name":"wp","href":"https:\/\/api.w.org\/{rel}","templated":true}]}}