{"id":53244,"date":"2018-07-14T10:49:11","date_gmt":"2018-07-14T08:49:11","guid":{"rendered":"http:\/\/www.mirsa.es.mialias.net\/vicino-table-molteni-c\/"},"modified":"2021-03-24T11:17:47","modified_gmt":"2021-03-24T11:17:47","slug":"vicino-table-molteni-c","status":"publish","type":"page","link":"https:\/\/www.mirsa.es\/ca\/vicino-table-molteni-c\/","title":{"rendered":"Vicino Table Molteni &#038; C"},"content":{"rendered":"<div class=\"wpb-content-wrapper\"><p>[vc_row css=&#8221;.vc_custom_1583596731269{margin-left: -50px !important;}&#8221;][vc_column][vc_column_text]<a href=\"javascript:history.go(-1)\" onmouseover=\"self.status=document.referrer;return true\" style=\"color: black;\">Atr\u00e1s<\/a>[\/vc_column_text][\/vc_column][\/vc_row][vc_row][vc_column][vc_column_text]<\/p>\n<p><img decoding=\"async\" class=\"wp-image-1077 size-large aligncenter\" title=\"Vicino Table Molteni &#038; C\" src=\"\/wp-content\/uploads\/2020\/07\/vicino_table_molteni.jpg\" alt=\"Vicino Table Molteni &#038; C\" width=\"100%\" height=\"400\"\/><\/p>\n<h2 style=\"font-size: 16px; text-align: left;\"><strong>Vicino de la firma italiana Molteni &#038; C \u00e9s una espectacular col\u00b7lecci\u00f3 que ha revolucionat per complet el concepte de taula auxiliar.<\/strong><\/h2>\n<p style=\"font-size: 16px; text-align: left;\">En aquesta ocasi\u00f3 Foster+Partners ens proposa una taula vers\u00e0til i polivalent, que no nom\u00e9s serveix per a recolzar objectes, sin\u00f3 que mitjan\u00e7ant un despla\u00e7ament lateral, permet apropar objectes amb un moviment simple i prec\u00eds.<\/p>\n<p style=\"font-size: 16px; text-align: left;\">A MIRSA interiorisme &#038; mobiliari disposem d&#8217;un extens cat\u00e0leg de mobles Molteni &#038; C. Per a m\u00e9s informaci\u00f3, visiti la nostra exposici\u00f3 o contacti amb nosaltres.<\/p>\n<p>[\/vc_column_text][vc_row_inner][vc_column_inner]<style type=\"text\/css\">#bklyn_btn_69d20c877c775 .bklyn-btn { color:#ffffff !important; background-color:black !important; }<\/style><div id=\"bklyn_btn_69d20c877c775\" class=\"bklyn-btn-holder  bklyn-btn-center bklyn-btn-tablet-center bklyn-btn-mobile-center\"><a title=\"Contacto\"   href=\"\/contacto\" target=\"_self\" class=\"bklyn-btn  bklyn-btn-icon-left bklyn-btn-normal\" ><i class=\"fa fa-envelope\"><\/i><span class=\"ut-btn-text\">M\u00e9s informaci\u00f3<\/span><\/a><\/div>[\/vc_column_inner][\/vc_row_inner][\/vc_column][\/vc_row]<\/p>\n<\/div>","protected":false},"excerpt":{"rendered":"<p>[vc_row css=&#8221;.vc_custom_1583596731269{margin-left: -50px !important;}&#8221;][vc_column][vc_column_text]Atr\u00e1s[\/vc_column_text][\/vc_column][\/vc_row][vc_row][vc_column][vc_column_text] Vicino de la firma italiana Molteni &#038; C \u00e9s una espectacular col\u00b7lecci\u00f3 que ha revolucionat per complet el concepte de taula auxiliar. En aquesta ocasi\u00f3 Foster+Partners ens proposa una taula vers\u00e0til i polivalent, que no nom\u00e9s serveix per a recolzar objectes, sin\u00f3 que mitjan\u00e7ant un despla\u00e7ament lateral, permet apropar objectes amb [&hellip;]<\/p>\n","protected":false},"author":1,"featured_media":0,"parent":0,"menu_order":0,"comment_status":"closed","ping_status":"closed","template":"","meta":{"footnotes":""},"class_list":["post-53244","page","type-page","status-publish","hentry"],"aioseo_notices":[],"_links":{"self":[{"href":"https:\/\/www.mirsa.es\/ca\/wp-json\/wp\/v2\/pages\/53244","targetHints":{"allow":["GET"]}}],"collection":[{"href":"https:\/\/www.mirsa.es\/ca\/wp-json\/wp\/v2\/pages"}],"about":[{"href":"https:\/\/www.mirsa.es\/ca\/wp-json\/wp\/v2\/types\/page"}],"author":[{"embeddable":true,"href":"https:\/\/www.mirsa.es\/ca\/wp-json\/wp\/v2\/users\/1"}],"replies":[{"embeddable":true,"href":"https:\/\/www.mirsa.es\/ca\/wp-json\/wp\/v2\/comments?post=53244"}],"version-history":[{"count":0,"href":"https:\/\/www.mirsa.es\/ca\/wp-json\/wp\/v2\/pages\/53244\/revisions"}],"wp:attachment":[{"href":"https:\/\/www.mirsa.es\/ca\/wp-json\/wp\/v2\/media?parent=53244"}],"curies":[{"name":"wp","href":"https:\/\/api.w.org\/{rel}","templated":true}]}}