{"id":53234,"date":"2018-03-16T12:03:12","date_gmt":"2018-03-16T11:03:12","guid":{"rendered":"http:\/\/www.mirsa.es.mialias.net\/vibia-iluminacion\/"},"modified":"2024-05-23T15:11:32","modified_gmt":"2024-05-23T15:11:32","slug":"vibia-iluminacion","status":"publish","type":"page","link":"https:\/\/www.mirsa.es\/ca\/vibia-iluminacion\/","title":{"rendered":"Vibia Il\u00b7luminaci\u00f3"},"content":{"rendered":"<div class=\"wpb-content-wrapper\"><p>[vc_row css=&#8221;.vc_custom_1583596731269{margin-left: -50px !important;}&#8221;][vc_column][vc_column_text]<a style=\"color:black;\" href=\"javascript:history.go(-1)\" onmouseover=\"self.status=document.referrer;return true\">Atr\u00e1s<\/a>[\/vc_column_text][\/vc_column][\/vc_row][vc_row][vc_column][vc_column_text]<br \/>\n<img decoding=\"async\" class=\"wp-image-1077 size-large aligncenter\" title=\"Vibia Il\u00b7luminaci\u00f3\" src=\"\/wp-content\/uploads\/2020\/06\/vibia_iluminacion_00.jpg\" alt=\"Vibia Il\u00b7luminaci\u00f3\" width=\"100%\" height=\"400\" \/><\/p>\n<h2 style=\"font-size: 16px; text-align: left;\"><strong>Vibia \u00e9s una firma especialitzada en la fabricaci\u00f3 i distribuci\u00f3 de l\u00e0mpades de disseny i d\u2019altres productes d\u2019il\u00b7luminaci\u00f3.<\/strong><\/h2>\n<p style=\"font-size: 16px; text-align: left;\">La marca disposa d\u2019un extens cat\u00e0leg de productes d\u2019alta qualitat, oferint solucions d\u2019il\u00b7luminaci\u00f3 adaptades a qualsevol tipus d\u2019espai.<\/p>\n<p style=\"font-size: 16px; text-align: left;\">Durant els \u00faltims anys, la firma ha guanyat pres\u00e8ncia internacional, estant present en m\u00e9s de 80 pa\u00efsos i convertint-se en tota una refer\u00e8ncia en el m\u00f3n del disseny.<\/p>\n<p style=\"font-size: 16px; text-align: left;\">A MIRSA interiorisme &amp; mobiliari som distribu\u00efdors oficials Vibia. Per a m\u00e9s informaci\u00f3, visiti el nostre Showroom o contacti amb nosaltres.<\/p>\n<p>[\/vc_column_text][\/vc_column][\/vc_row][vc_section][vc_row full_width=&#8221;stretch_row_content_no_spaces&#8221;][vc_column][vc_column_text]<iframe id=\"embedded-ads-iframe-website\" width=\"100%\" height=\"600\" data-originsrc=\"https:\/\/mirsa.daloom.com\/es\/productos\/iluminacion-de-interiores\/brand_vibia\"><\/iframe><br \/>\n<script defer src=\"https:\/\/mirsa.daloom.com\/js\/parent-embedded-script.min.js\"><\/script>[\/vc_column_text][\/vc_column][\/vc_row][\/vc_section]<\/p>\n<\/div>","protected":false},"excerpt":{"rendered":"<p>[vc_row css=&#8221;.vc_custom_1583596731269{margin-left: -50px !important;}&#8221;][vc_column][vc_column_text]Atr\u00e1s[\/vc_column_text][\/vc_column][\/vc_row][vc_row][vc_column][vc_column_text] Vibia \u00e9s una firma especialitzada en la fabricaci\u00f3 i distribuci\u00f3 de l\u00e0mpades de disseny i d\u2019altres productes d\u2019il\u00b7luminaci\u00f3. La marca disposa d\u2019un extens cat\u00e0leg de productes d\u2019alta qualitat, oferint solucions d\u2019il\u00b7luminaci\u00f3 adaptades a qualsevol tipus d\u2019espai. Durant els \u00faltims anys, la firma ha guanyat pres\u00e8ncia internacional, estant present en m\u00e9s de [&hellip;]<\/p>\n","protected":false},"author":1,"featured_media":0,"parent":0,"menu_order":0,"comment_status":"closed","ping_status":"closed","template":"","meta":{"footnotes":""},"class_list":["post-53234","page","type-page","status-publish","hentry"],"aioseo_notices":[],"_links":{"self":[{"href":"https:\/\/www.mirsa.es\/ca\/wp-json\/wp\/v2\/pages\/53234","targetHints":{"allow":["GET"]}}],"collection":[{"href":"https:\/\/www.mirsa.es\/ca\/wp-json\/wp\/v2\/pages"}],"about":[{"href":"https:\/\/www.mirsa.es\/ca\/wp-json\/wp\/v2\/types\/page"}],"author":[{"embeddable":true,"href":"https:\/\/www.mirsa.es\/ca\/wp-json\/wp\/v2\/users\/1"}],"replies":[{"embeddable":true,"href":"https:\/\/www.mirsa.es\/ca\/wp-json\/wp\/v2\/comments?post=53234"}],"version-history":[{"count":0,"href":"https:\/\/www.mirsa.es\/ca\/wp-json\/wp\/v2\/pages\/53234\/revisions"}],"wp:attachment":[{"href":"https:\/\/www.mirsa.es\/ca\/wp-json\/wp\/v2\/media?parent=53234"}],"curies":[{"name":"wp","href":"https:\/\/api.w.org\/{rel}","templated":true}]}}