{"id":53136,"date":"2018-07-03T18:36:29","date_gmt":"2018-07-03T16:36:29","guid":{"rendered":"http:\/\/www.mirsa.es.mialias.net\/valli-valli-puertas\/"},"modified":"2024-05-23T14:52:22","modified_gmt":"2024-05-23T14:52:22","slug":"valli-valli-puertas","status":"publish","type":"page","link":"https:\/\/www.mirsa.es\/ca\/valli-valli-puertas\/","title":{"rendered":"Valli &#038; Valli Portes"},"content":{"rendered":"<div class=\"wpb-content-wrapper\"><p>[vc_row css=&#8221;.vc_custom_1583596731269{margin-left: -50px !important;}&#8221;][vc_column][vc_column_text]<a style=\"color:black;\" href=\"javascript:history.go(-1)\" onmouseover=\"self.status=document.referrer;return true\">Enrere<\/a>[\/vc_column_text][\/vc_column][\/vc_row][vc_row][vc_column][vc_column_text]<br \/>\n<img decoding=\"async\" class=\"wp-image-1077 size-large aligncenter\" title=\"Valli &amp; Valli Portes\" src=\"\/wp-content\/uploads\/2020\/06\/valli_valli_puertas.jpg\" alt=\"Valli &amp; Valli Portes\" width=\"100%\" height=\"400\" \/><\/p>\n<h2 style=\"font-size: 16px; text-align: left;\"><strong>Valli &amp; Valli \u00e9s una prestigiosa firma dedicada a la fabricaci\u00f3 i distribuci\u00f3 d\u2019aixetes d\u2019alta gamma.<\/strong><\/h2>\n<p style=\"font-size: 16px; text-align: left;\">Amb m\u00e9s de 80 anys d\u2019experi\u00e8ncia, la marca s\u2019ha convertit en tota una refer\u00e8ncia del disseny i l\u2019interiorisme, gr\u00e0cies a la qualitat dels seus productes i al seu disseny de vanguardia.<\/p>\n<p style=\"font-size: 16px; text-align: left;\">Les aixetes de la marca estan fabricats per experts artesans i acabats a m\u00e0, garantint aix\u00ed una llarga vida \u00fatil del producte de m\u00e9s de 30 anys.Valli &amp; Valli compta amb un extens cat\u00e0leg de productes, que abarquen un ampli ventall d\u2019estils, oferint aix\u00ed solucions personalitzades per a cada projecte.<\/p>\n<p style=\"font-size: 16px; text-align: left;\">A MIRSA interiorisme &amp; mobiliari disposem d\u2019un extens cat\u00e0leg Valli &amp; Valli. Per a m\u00e9s informaci\u00f3, visiti la nostra exposici\u00f3 o contacti amb nosaltres.<\/p>\n<p>[\/vc_column_text][\/vc_column][\/vc_row][vc_section][vc_row full_width=&#8221;stretch_row_content_no_spaces&#8221; css=&#8221;.vc_custom_1716475467587{margin-top: -20px !important;}&#8221;][vc_column][vc_column_text]<iframe id=\"embedded-ads-iframe-website\" width=\"100%\" height=\"600\" data-originsrc=\"https:\/\/mirsa.daloom.com\/es\/productos\/puertas-y-ventanas\/brand_valli\"><\/iframe><br \/>\n<script defer src=\"https:\/\/mirsa.daloom.com\/js\/parent-embedded-script.min.js\"><\/script>[\/vc_column_text][\/vc_column][\/vc_row][\/vc_section]<\/p>\n<\/div>","protected":false},"excerpt":{"rendered":"<p>[vc_row css=&#8221;.vc_custom_1583596731269{margin-left: -50px !important;}&#8221;][vc_column][vc_column_text]Enrere[\/vc_column_text][\/vc_column][\/vc_row][vc_row][vc_column][vc_column_text] Valli &amp; Valli \u00e9s una prestigiosa firma dedicada a la fabricaci\u00f3 i distribuci\u00f3 d\u2019aixetes d\u2019alta gamma. Amb m\u00e9s de 80 anys d\u2019experi\u00e8ncia, la marca s\u2019ha convertit en tota una refer\u00e8ncia del disseny i l\u2019interiorisme, gr\u00e0cies a la qualitat dels seus productes i al seu disseny de vanguardia. Les aixetes de la [&hellip;]<\/p>\n","protected":false},"author":1,"featured_media":0,"parent":0,"menu_order":0,"comment_status":"closed","ping_status":"closed","template":"","meta":{"footnotes":""},"class_list":["post-53136","page","type-page","status-publish","hentry"],"aioseo_notices":[],"_links":{"self":[{"href":"https:\/\/www.mirsa.es\/ca\/wp-json\/wp\/v2\/pages\/53136","targetHints":{"allow":["GET"]}}],"collection":[{"href":"https:\/\/www.mirsa.es\/ca\/wp-json\/wp\/v2\/pages"}],"about":[{"href":"https:\/\/www.mirsa.es\/ca\/wp-json\/wp\/v2\/types\/page"}],"author":[{"embeddable":true,"href":"https:\/\/www.mirsa.es\/ca\/wp-json\/wp\/v2\/users\/1"}],"replies":[{"embeddable":true,"href":"https:\/\/www.mirsa.es\/ca\/wp-json\/wp\/v2\/comments?post=53136"}],"version-history":[{"count":0,"href":"https:\/\/www.mirsa.es\/ca\/wp-json\/wp\/v2\/pages\/53136\/revisions"}],"wp:attachment":[{"href":"https:\/\/www.mirsa.es\/ca\/wp-json\/wp\/v2\/media?parent=53136"}],"curies":[{"name":"wp","href":"https:\/\/api.w.org\/{rel}","templated":true}]}}