{"id":53120,"date":"2019-01-08T18:59:16","date_gmt":"2019-01-08T17:59:16","guid":{"rendered":"http:\/\/www.mirsa.es.mialias.net\/uwe-fischer-colecciones\/"},"modified":"2022-11-22T17:13:32","modified_gmt":"2022-11-22T17:13:32","slug":"uwe-fischer-colecciones","status":"publish","type":"page","link":"https:\/\/www.mirsa.es\/ca\/uwe-fischer-colecciones\/","title":{"rendered":"Uwe Fischer Col\u00b7leccions"},"content":{"rendered":"<div class=\"wpb-content-wrapper\"><p>[vc_section][vc_row full_width=&#8221;stretch_row_content&#8221;][vc_column][vc_column_text]<a href=\"javascript:history.go(-1)\" onmouseover=\"self.status=document.referrer;return true\" style=\"color: black;\">Enrere<\/a>[\/vc_column_text][\/vc_column][\/vc_row][vc_row full_width=&#8221;stretch_row_content&#8221; css=&#8221;.vc_custom_1589961005492{margin-top: -15px !important;}&#8221;][vc_column width=&#8221;1\/3&#8243;]<div  class=\"wpb_content_element   clearfix\"><style type=\"text\/css\">#ut_am_6a09238488e82 { opacity: 1; }#ut_am_wrap_6a09238488e84 { text-align: left; }@media (min-width: 768px) and (max-width: 1024px) { #ut_am_wrap_6a09238488e84 { text-align: left !important; } }@media (max-width: 767px) { #ut_am_wrap_6a09238488e84 { text-align: center !important; } }<\/style><div id=\"ut_am_wrap_6a09238488e84\" class=\"ut-image-gallery-image \"><div id=\"ut_reveal_6a09238488e85\"  data-appear-top-offset=\"auto\" class=\"ut-animated-image-item ut-image-gallery-item ut-animation-done \"><a class=\"ut-deactivated-link\" href=\"#\"><div class=\"ut-animated-image-zoom\">\r\n        <div class=\"ut-element-glitch-wrap\">\r\n\r\n            \r\n        <style type=\"text\/css\">\r\n\r\n                        \r\n        @media (min-width: 1025px) {\r\n\r\n        #ut-element-glitch-6a09238488ec5362021179-30304 .ut-glitch-single-element {\r\n                                            \r\n                }\r\n        }\r\n\r\n        @media (min-width: 768px) and (max-width: 1024px) {\r\n\r\n        #ut-element-glitch-6a09238488ec5362021179-30304 .ut-glitch-single-element {\r\n                                                \r\n                    }\r\n        }\r\n\r\n        @media (max-width: 767px) {\r\n\r\n        #ut-element-glitch-6a09238488ec5362021179-30304 .ut-glitch-single-element {\r\n                                                \r\n                    }\r\n        }\r\n\r\n        \r\n        <\/style>\r\n\r\n        \r\n            <div id=\"ut-element-glitch-6a09238488ec5362021179-30304\" class=\" ut-element-glitch ut-glitch-none ut-element-glitch-permanent\">\r\n                <div class=\"ut-glitch-single-element ut-lozad skip-lazy\" data-background-image=\"https:\/\/www.mirsa.es\/wp-content\/uploads\/2020\/05\/uwe_fischer.jpg\"><\/div>\r\n                <div class=\"ut-glitch-single-element ut-lozad skip-lazy\" data-background-image=\"https:\/\/www.mirsa.es\/wp-content\/uploads\/2020\/05\/uwe_fischer.jpg\"><\/div>\r\n                <div class=\"ut-glitch-single-element ut-lozad skip-lazy\" data-background-image=\"https:\/\/www.mirsa.es\/wp-content\/uploads\/2020\/05\/uwe_fischer.jpg\"><\/div>\r\n                <div class=\"ut-glitch-single-element ut-lozad skip-lazy\" data-background-image=\"https:\/\/www.mirsa.es\/wp-content\/uploads\/2020\/05\/uwe_fischer.jpg\"><\/div>\r\n                <div class=\"ut-glitch-single-element ut-lozad skip-lazy\" data-background-image=\"https:\/\/www.mirsa.es\/wp-content\/uploads\/2020\/05\/uwe_fischer.jpg\"><\/div>\r\n            <\/div>\r\n\r\n        <\/div>\r\n\r\n        <img loading=\"lazy\" decoding=\"async\" class=\"ut-lazy skip-lazy ut-animated-image \"  id=\"ut_am_6a09238488e82\" src=\"data:image\/svg+xml;charset=utf-8,%3Csvg xmlns%3D'http%3A%2F%2Fwww.w3.org%2F2000%2Fsvg' viewBox%3D'0 0 600 600'%2F%3E\" data-src=\"https:\/\/www.mirsa.es\/wp-content\/uploads\/2020\/05\/uwe_fischer.jpg\" width=\"600\" height=\"600\" alt=\"\"\/><\/div><\/a><\/div><\/div><\/div>[\/vc_column][vc_column width=&#8221;2\/3&#8243;][vc_column_text]Uwe Fischer \u00e9s un reconegut dissenyador Alemany nascut al 1958, actualment considerat un dels referents en el disseny de mobiliari contemporani.<\/p>\n<p>Fischer va estudiar disseny industrial a la prestigiosa universitat Hochschule f\u00fcr Gestaltung de Offenbach. Al 1985 va fundar l&#8217;estudi de disseny Ginbande Design juntament amb Klaus-Achim Heine, desenvolupant un conjunt de dissenys experimentals que van rebre molt bona acollida entre el p\u00fablic.<\/p>\n<p>Al 1993 va decidir obrir el seu propi estudi d&#8217;arquitectura i interiorisme a Frankfurt i comen\u00e7a a destacar gr\u00e0cies als seus projectes de marcat estil contemporani, que combinen eleg\u00e0ncia li funcionalitat.<\/p>\n<p>Entre els seus projectes arquitect\u00f2nics destaquen l&#8217;aeroport i el centre d&#8217;Exposicions de Frankfurt, aix\u00ed com diverses exposicions d&#8217;art en els museus m\u00e9s prestigiosos d&#8217;alemanya.<\/p>\n<p>Des de 1993 \u00e9s professor a la facultat d&#8217;arquitectura de la universitat de Belles Arts de Nuremberg i des de 2001 imparteix classes al departament de disseny industrial de la universitat de Sttuttgart.<\/p>\n<p>Fischer ha col\u00b7laborat amb algunes de les firmes de mobiliari m\u00e9s prestigioses com B&#038;B Italia, Authentics o Vitra.<\/p>\n<p>A MIRSA interiorisme &#038; mobiliari disposem d&#8217;una selecci\u00f3 de les millors col\u00b7leccions d&#8217;Uwe Fischer. Per a m\u00e9s informaci\u00f3, visiti el nostre Showroom o contacti amb nosaltres.<\/p>\n<p>[\/vc_column_text][\/vc_column][\/vc_row][vc_row full_width=&#8221;stretch_row_content_no_spaces&#8221; css=&#8221;.vc_custom_1589960397272{margin-top: -20px !important;}&#8221;][vc_column][vc_separator color=&#8221;custom&#8221; accent_color=&#8221;#c7c2ba&#8221;][\/vc_column][\/vc_row][vc_row full_width=&#8221;stretch_row_content&#8221; css=&#8221;.vc_custom_1589964968246{margin-top: -20px !important;}&#8221;][vc_column][vc_column_text]<\/p>\n<div id=\"shrAnchor\" style=\"position: relative; top: -125px;\"><\/div>\n<p><iframe id=\"shrFrm\" style=\"width: 100%; margin: 0; border: none; overflow: hidden;\" src=\"https:\/\/vsr.architonic.com\/es\/8201494\/products\/2\/3210002\/1?PHPSESSID=m9arvukh7a127l3d5afjnag6m3&#038;usage=&#038;productgroup=&#038;manufacturer=&#038;designer=8100234\"><\/iframe><br \/>\n<script src=\"https:\/\/vsr.architonic.com\/assets\/js\/shared\/jquery.responsiveiframe_inhp.js\"><\/script><script type='text\/javascript'>var regex=new RegExp('[\\?]shrPrm=([^#]*)');var res=regex.exec(window.location.href);var shrPrm=(res!=null?decodeURIComponent(res[1]):'');if(''!=shrPrm)document.getElementById('shrFrm').src='https:\/\/vsr.architonic.com\/'+shrPrm;(function(e){e(function(){e('#shrFrm').responsiveIframe()})})(jQuery)<\/script>[\/vc_column_text][\/vc_column][\/vc_row][\/vc_section]<\/p>\n<\/div>","protected":false},"excerpt":{"rendered":"<p>[vc_section][vc_row full_width=&#8221;stretch_row_content&#8221;][vc_column][vc_column_text]Enrere[\/vc_column_text][\/vc_column][\/vc_row][vc_row full_width=&#8221;stretch_row_content&#8221; css=&#8221;.vc_custom_1589961005492{margin-top: -15px !important;}&#8221;][vc_column width=&#8221;1\/3&#8243;][\/vc_column][vc_column width=&#8221;2\/3&#8243;][vc_column_text]Uwe Fischer \u00e9s un reconegut dissenyador Alemany nascut al 1958, actualment considerat un dels referents en el disseny de mobiliari contemporani. Fischer va estudiar disseny industrial a la prestigiosa universitat Hochschule f\u00fcr Gestaltung de Offenbach. Al 1985 va fundar l&#8217;estudi de disseny Ginbande Design juntament amb Klaus-Achim Heine, [&hellip;]<\/p>\n","protected":false},"author":1,"featured_media":0,"parent":0,"menu_order":0,"comment_status":"closed","ping_status":"closed","template":"","meta":{"footnotes":""},"class_list":["post-53120","page","type-page","status-publish","hentry"],"aioseo_notices":[],"_links":{"self":[{"href":"https:\/\/www.mirsa.es\/ca\/wp-json\/wp\/v2\/pages\/53120","targetHints":{"allow":["GET"]}}],"collection":[{"href":"https:\/\/www.mirsa.es\/ca\/wp-json\/wp\/v2\/pages"}],"about":[{"href":"https:\/\/www.mirsa.es\/ca\/wp-json\/wp\/v2\/types\/page"}],"author":[{"embeddable":true,"href":"https:\/\/www.mirsa.es\/ca\/wp-json\/wp\/v2\/users\/1"}],"replies":[{"embeddable":true,"href":"https:\/\/www.mirsa.es\/ca\/wp-json\/wp\/v2\/comments?post=53120"}],"version-history":[{"count":0,"href":"https:\/\/www.mirsa.es\/ca\/wp-json\/wp\/v2\/pages\/53120\/revisions"}],"wp:attachment":[{"href":"https:\/\/www.mirsa.es\/ca\/wp-json\/wp\/v2\/media?parent=53120"}],"curies":[{"name":"wp","href":"https:\/\/api.w.org\/{rel}","templated":true}]}}