{"id":53099,"date":"2019-07-13T18:06:12","date_gmt":"2019-07-13T16:06:12","guid":{"rendered":"http:\/\/www.mirsa.es.mialias.net\/twister-desalto\/"},"modified":"2021-03-20T16:20:32","modified_gmt":"2021-03-20T16:20:32","slug":"twister-desalto","status":"publish","type":"page","link":"https:\/\/www.mirsa.es\/ca\/twister-desalto\/","title":{"rendered":"Twister Desalto"},"content":{"rendered":"<div class=\"wpb-content-wrapper\"><p>[vc_row][vc_column][vc_column_text]<\/p>\n<p><img decoding=\"async\" class=\"wp-image-1077 size-large aligncenter\" title=\"Twister Desalto\" src=\"\/wp-content\/uploads\/2020\/07\/twister_desalto.jpg\" alt=\"Twister Desalto\" width=\"100%\" height=\"400\" \/><\/p>\n<h2 style=\"font-size: 16px; text-align: left;\"><strong>Twister \u00e9s una funcional i exclusiva taula auxiliar patentada pel reconegut dissenyador israeli\u00e0 Arik Levy per a la firma italiana Desalto.<\/strong><\/h2>\n<p style=\"font-size: 16px; text-align: left;\">La pe\u00e7a es caracteritza per la seva estructura de l\u00ednies pures i minimalistes, que creen una il\u00b7lusi\u00f3 \u00f2ptica de din\u00e0mica perp\u00e8tua en un clar exemple de torsi\u00f3 i continu\u00eftat el\u00e0stica.<\/p>\n<p style=\"font-size: 16px; text-align: left;\">Arik Levy busca amb aquesta col\u00b7lecci\u00f3 jugar amb la percepci\u00f3 de l\u2019espai, provocant que la mirada es perdi irremeiablement en els volums rectes i minimalistes de la taula.<\/p>\n<p style=\"font-size: 16px; text-align: left;\">A MIRSA interiorisme &#038; mobiliari som distribu\u00efdors oficials Desalto. Per a m\u00e9s informaci\u00f3, visiti el nostre Showroom o contacti amb nosaltres.<\/p>\n<p>[\/vc_column_text][vc_row_inner][vc_column_inner]<style type=\"text\/css\">#bklyn_btn_69d2085e9932c .bklyn-btn { color:#ffffff !important; background-color:black !important; }<\/style><div id=\"bklyn_btn_69d2085e9932c\" class=\"bklyn-btn-holder  bklyn-btn-center bklyn-btn-tablet-center bklyn-btn-mobile-center\"><a title=\"Contacto\"   href=\"\/contacto\" target=\"_self\" class=\"bklyn-btn  bklyn-btn-icon-left bklyn-btn-normal\" ><i class=\"fa fa-envelope\"><\/i><span class=\"ut-btn-text\">M\u00e9s informaci\u00f3<\/span><\/a><\/div>[\/vc_column_inner][\/vc_row_inner][\/vc_column][\/vc_row]<\/p>\n<\/div>","protected":false},"excerpt":{"rendered":"<p>[vc_row][vc_column][vc_column_text] Twister \u00e9s una funcional i exclusiva taula auxiliar patentada pel reconegut dissenyador israeli\u00e0 Arik Levy per a la firma italiana Desalto. La pe\u00e7a es caracteritza per la seva estructura de l\u00ednies pures i minimalistes, que creen una il\u00b7lusi\u00f3 \u00f2ptica de din\u00e0mica perp\u00e8tua en un clar exemple de torsi\u00f3 i continu\u00eftat el\u00e0stica. Arik Levy busca [&hellip;]<\/p>\n","protected":false},"author":1,"featured_media":0,"parent":0,"menu_order":0,"comment_status":"closed","ping_status":"closed","template":"","meta":{"footnotes":""},"class_list":["post-53099","page","type-page","status-publish","hentry"],"aioseo_notices":[],"_links":{"self":[{"href":"https:\/\/www.mirsa.es\/ca\/wp-json\/wp\/v2\/pages\/53099","targetHints":{"allow":["GET"]}}],"collection":[{"href":"https:\/\/www.mirsa.es\/ca\/wp-json\/wp\/v2\/pages"}],"about":[{"href":"https:\/\/www.mirsa.es\/ca\/wp-json\/wp\/v2\/types\/page"}],"author":[{"embeddable":true,"href":"https:\/\/www.mirsa.es\/ca\/wp-json\/wp\/v2\/users\/1"}],"replies":[{"embeddable":true,"href":"https:\/\/www.mirsa.es\/ca\/wp-json\/wp\/v2\/comments?post=53099"}],"version-history":[{"count":0,"href":"https:\/\/www.mirsa.es\/ca\/wp-json\/wp\/v2\/pages\/53099\/revisions"}],"wp:attachment":[{"href":"https:\/\/www.mirsa.es\/ca\/wp-json\/wp\/v2\/media?parent=53099"}],"curies":[{"name":"wp","href":"https:\/\/api.w.org\/{rel}","templated":true}]}}