{"id":53091,"date":"2020-08-12T11:16:18","date_gmt":"2020-08-12T11:16:18","guid":{"rendered":"http:\/\/www.mirsa.es.mialias.net\/tumbona-stack-gandiablasco\/"},"modified":"2021-03-20T15:56:37","modified_gmt":"2021-03-20T15:56:37","slug":"tumbona-stack-gandiablasco","status":"publish","type":"page","link":"https:\/\/www.mirsa.es\/ca\/tumbona-stack-gandiablasco\/","title":{"rendered":"Tumbona Stack Gandiablasco"},"content":{"rendered":"<div class=\"wpb-content-wrapper\"><p>[vc_row][vc_column][vc_column_text]<\/p>\n<p><img decoding=\"async\" class=\"wp-image-1077 size-large aligncenter\" title=\"Tumbona Stack Gandiablasco\" src=\"\/wp-content\/uploads\/2020\/08\/tumbona_stack_gandiablasco.jpg\" alt=\"Tumbona Stack Gandiablasco\" width=\"100%\" height=\"400\"\/><\/p>\n<h2 style=\"font-size: 16px; text-align: left;\"><strong>Stack de la prestigiosa firma Gandiablasco \u00e9s una espectacular tumbona d\u2019estil contemporani patentada pel reconegut dissenyador Borja Garcia.<\/strong><\/h2>\n<p style=\"font-size: 16px; text-align: left;\">La col\u00b7lecci\u00f3 s\u2019inspira en el m\u00f3n n\u00e0utic i neix com a homenatge a les cl\u00e0ssiques tumbones dels anys 60-70. Les seves l\u00ednies minimalistes i equilibrades transmeten eleg\u00e0ncia i lleugeresa, convertint a Stack en una pe\u00e7a \u00fanica.<\/p>\n<p style=\"font-size: 16px; text-align: left;\">Gr\u00e0cies a la seva espectacular estructura ergon\u00f3mica, Stack \u00e9s una tumbona que garanteix la m\u00e0xima comoditat, adaptant-se amb facilitat a qualsevol mena d\u2019espai.<\/p>\n<p style=\"font-size: 16px; text-align: left;\">A MIRSA interiorisme &#038; mobiliari som distribu\u00efdors oficials Gandiablasco. Per a m\u00e9s informaci\u00f3, visiti el nostre Showroom o contacti amb nosaltres.<\/p>\n<p>[\/vc_column_text][vc_row_inner][vc_column_inner]<style type=\"text\/css\">#bklyn_btn_69d18d3d68631 .bklyn-btn { color:#ffffff !important; background-color:black !important; }<\/style><div id=\"bklyn_btn_69d18d3d68631\" class=\"bklyn-btn-holder  bklyn-btn-center bklyn-btn-tablet-center bklyn-btn-mobile-center\"><a title=\"Contacto\"   href=\"\/contacto\" target=\"_self\" class=\"bklyn-btn  bklyn-btn-icon-left bklyn-btn-normal\" ><i class=\"fa fa-envelope\"><\/i><span class=\"ut-btn-text\">M\u00e9s informaci\u00f3<\/span><\/a><\/div>[\/vc_column_inner][\/vc_row_inner][\/vc_column][\/vc_row]<\/p>\n<\/div>","protected":false},"excerpt":{"rendered":"<p>[vc_row][vc_column][vc_column_text] Stack de la prestigiosa firma Gandiablasco \u00e9s una espectacular tumbona d\u2019estil contemporani patentada pel reconegut dissenyador Borja Garcia. La col\u00b7lecci\u00f3 s\u2019inspira en el m\u00f3n n\u00e0utic i neix com a homenatge a les cl\u00e0ssiques tumbones dels anys 60-70. Les seves l\u00ednies minimalistes i equilibrades transmeten eleg\u00e0ncia i lleugeresa, convertint a Stack en una pe\u00e7a \u00fanica. [&hellip;]<\/p>\n","protected":false},"author":1,"featured_media":0,"parent":0,"menu_order":0,"comment_status":"closed","ping_status":"closed","template":"","meta":{"footnotes":""},"class_list":["post-53091","page","type-page","status-publish","hentry"],"aioseo_notices":[],"_links":{"self":[{"href":"https:\/\/www.mirsa.es\/ca\/wp-json\/wp\/v2\/pages\/53091","targetHints":{"allow":["GET"]}}],"collection":[{"href":"https:\/\/www.mirsa.es\/ca\/wp-json\/wp\/v2\/pages"}],"about":[{"href":"https:\/\/www.mirsa.es\/ca\/wp-json\/wp\/v2\/types\/page"}],"author":[{"embeddable":true,"href":"https:\/\/www.mirsa.es\/ca\/wp-json\/wp\/v2\/users\/1"}],"replies":[{"embeddable":true,"href":"https:\/\/www.mirsa.es\/ca\/wp-json\/wp\/v2\/comments?post=53091"}],"version-history":[{"count":0,"href":"https:\/\/www.mirsa.es\/ca\/wp-json\/wp\/v2\/pages\/53091\/revisions"}],"wp:attachment":[{"href":"https:\/\/www.mirsa.es\/ca\/wp-json\/wp\/v2\/media?parent=53091"}],"curies":[{"name":"wp","href":"https:\/\/api.w.org\/{rel}","templated":true}]}}