{"id":53074,"date":"2018-06-27T18:46:58","date_gmt":"2018-06-27T16:46:58","guid":{"rendered":"http:\/\/www.mirsa.es.mialias.net\/tubes-radiadores\/"},"modified":"2024-05-23T14:15:25","modified_gmt":"2024-05-23T14:15:25","slug":"tubes-radiadores","status":"publish","type":"page","link":"https:\/\/www.mirsa.es\/ca\/tubes-radiadores\/","title":{"rendered":"Tubes Radiadors"},"content":{"rendered":"<div class=\"wpb-content-wrapper\"><p>[vc_row css=&#8221;.vc_custom_1583596731269{margin-left: -50px !important;}&#8221;][vc_column][vc_column_text]<a style=\"color:black;\" href=\"javascript:history.go(-1)\" onmouseover=\"self.status=document.referrer;return true\">Enrere<\/a>[\/vc_column_text][\/vc_column][\/vc_row][vc_row][vc_column][vc_column_text]<br \/>\n<img decoding=\"async\" class=\"wp-image-1077 size-large aligncenter\" title=\"Tubes Radiadors\" src=\"\/wp-content\/uploads\/2020\/06\/tubes_radiadores_dise\u00f1o.jpg\" alt=\"Tubes Radiadors\" width=\"100%\" height=\"400\" \/><\/p>\n<h2 style=\"font-size: 16px; text-align: left;\"><strong>Fundada al 1992, Tubes \u00e9s una reconeguda firma dedicada a la producci\u00f3 i distribuci\u00f3 de radiadors de bany.<\/strong><\/h2>\n<p style=\"font-size: 16px; text-align: left;\">Des dels seus inicis, la marca s\u2019ha caracteritzat per la seva decidida aposta envers la innovaci\u00f3 i l\u2019est\u00e8tica formal, oferint un producte molt evolutiu i din\u00e0mic. El segell \u201cMade in Italy\u201d \u00e9s un dels valors afegits de la firma, que garanteix sempre la major qualitat dels seus productes. L\u2019experimentaci\u00f3 formal i tecnol\u00f2gica formen part de l\u2019ess\u00e8ncia de Tubes.<\/p>\n<p style=\"font-size: 16px; text-align: left;\">La marca treballa amb alguns dels dissenyadors m\u00e9s prestigiosos del m\u00f3n del disseny, dotant els seus productes d\u2019equilibri i bellesa est\u00e8tica. A MIRSA interiorisme &amp; mobiliari som distribu\u00efdors oficials Tubes. Per a m\u00e9s informaci\u00f3, visiti el nostre Showroom o contacti amb nosaltres.<\/p>\n<p>[\/vc_column_text][\/vc_column][\/vc_row][vc_section][vc_row full_width=&#8221;stretch_row_content_no_spaces&#8221;][vc_column][vc_column_text]<iframe id=\"embedded-ads-iframe-website\" width=\"100%\" height=\"600\" data-originsrc=\"https:\/\/mirsa.daloom.com\/es\/productos\/instalaciones-termicas-y-climaticas\/brand_tubes-radiatori\"><\/iframe><br \/>\n<script defer src=\"https:\/\/mirsa.daloom.com\/js\/parent-embedded-script.min.js\"><\/script>[\/vc_column_text][\/vc_column][\/vc_row][\/vc_section]<\/p>\n<\/div>","protected":false},"excerpt":{"rendered":"<p>[vc_row css=&#8221;.vc_custom_1583596731269{margin-left: -50px !important;}&#8221;][vc_column][vc_column_text]Enrere[\/vc_column_text][\/vc_column][\/vc_row][vc_row][vc_column][vc_column_text] Fundada al 1992, Tubes \u00e9s una reconeguda firma dedicada a la producci\u00f3 i distribuci\u00f3 de radiadors de bany. Des dels seus inicis, la marca s\u2019ha caracteritzat per la seva decidida aposta envers la innovaci\u00f3 i l\u2019est\u00e8tica formal, oferint un producte molt evolutiu i din\u00e0mic. El segell \u201cMade in Italy\u201d \u00e9s un [&hellip;]<\/p>\n","protected":false},"author":1,"featured_media":0,"parent":0,"menu_order":0,"comment_status":"closed","ping_status":"closed","template":"","meta":{"footnotes":""},"class_list":["post-53074","page","type-page","status-publish","hentry"],"aioseo_notices":[],"_links":{"self":[{"href":"https:\/\/www.mirsa.es\/ca\/wp-json\/wp\/v2\/pages\/53074","targetHints":{"allow":["GET"]}}],"collection":[{"href":"https:\/\/www.mirsa.es\/ca\/wp-json\/wp\/v2\/pages"}],"about":[{"href":"https:\/\/www.mirsa.es\/ca\/wp-json\/wp\/v2\/types\/page"}],"author":[{"embeddable":true,"href":"https:\/\/www.mirsa.es\/ca\/wp-json\/wp\/v2\/users\/1"}],"replies":[{"embeddable":true,"href":"https:\/\/www.mirsa.es\/ca\/wp-json\/wp\/v2\/comments?post=53074"}],"version-history":[{"count":0,"href":"https:\/\/www.mirsa.es\/ca\/wp-json\/wp\/v2\/pages\/53074\/revisions"}],"wp:attachment":[{"href":"https:\/\/www.mirsa.es\/ca\/wp-json\/wp\/v2\/media?parent=53074"}],"curies":[{"name":"wp","href":"https:\/\/api.w.org\/{rel}","templated":true}]}}