{"id":53045,"date":"2019-02-19T20:00:52","date_gmt":"2019-02-19T19:00:52","guid":{"rendered":"http:\/\/www.mirsa.es.mialias.net\/tre-p-tre-piu-puertas\/"},"modified":"2024-05-23T11:25:44","modified_gmt":"2024-05-23T11:25:44","slug":"tre-p-tre-piu-puertas","status":"publish","type":"page","link":"https:\/\/www.mirsa.es\/ca\/tre-p-tre-piu-puertas\/","title":{"rendered":"TRE-P&#038;TRE-Pi\u00f9 Portes"},"content":{"rendered":"<div class=\"wpb-content-wrapper\"><p>[vc_row css=&#8221;.vc_custom_1583596731269{margin-left: -50px !important;}&#8221;][vc_column][vc_column_text]<a href=\"javascript:history.go(-1)\" onmouseover=\"self.status=document.referrer;return true\" style=\"color: black;\">Enrere<\/a>[\/vc_column_text][\/vc_column][\/vc_row][vc_row][vc_column][vc_column_text]<br \/>\n<img decoding=\"async\" class=\"wp-image-1077 size-large aligncenter\" title=\"TRE-P&amp;TRE-Pi\u00f9 Portes\" src=\"\/wp-content\/uploads\/2020\/06\/Tre-P-Tre-Pi\u00f9.jpg\" alt=\"TRE-P&amp;TRE-Pi\u00f9 Portes\" width=\"100%\" height=\"400\" \/><\/p>\n<h2 style=\"font-size: 16px; text-align: left;\"><strong>TRE-P &#038; TRE-Pi\u00fc \u00e9s una reconeguda firma internacional especialitzada en la producci\u00f3n i distribuci\u00f3n de portes d\u2019alta gamma.<\/strong><\/h2>\n<p style=\"font-size: 16px; text-align: left;\">Des de la seva fundaci\u00f3, alguns dels dissenyadors m\u00e9s prestigiosos del m\u00f3n del disseny i l\u2019arquitectura han col\u00b7laborat amb les firmes, aportant innovaci\u00f3n, belleza i funcionalitat a cadascuna de les seves col\u00b7leccions.<\/p>\n<p style=\"font-size: 16px; text-align: left;\">TRE-P &#038; TRE-Pi\u00fc disposa d\u2019un laboratorio propi dedicat a donar Suport a la firma en la compleza misi\u00f3 de desenvolupar nous productes i materials per a les seves col\u00b7leccions, contribuint a la creaci\u00f3 de portes amb un estil \u00fanic i innovador.<\/p>\n<p style=\"font-size: 16px; text-align: left;\">A MIRSA interiorisme &#038; mobiliari som distribu\u00efdors oficials de portes TRE-P &#038; TRE-Pi\u00fc. Per a m\u00e9s informaci\u00f3, visiti el nostre Showroom o contacti amb nosaltres.<\/p>\n<p>[\/vc_column_text][vc_row_inner][vc_column_inner width=&#8221;1\/3&#8243;][\/vc_column_inner][vc_column_inner width=&#8221;1\/3&#8243;]<style type=\"text\/css\">#bklyn_btn_6a09239cf0511 .bklyn-btn { color:#ffffff !important; background-color:black !important; }<\/style><div id=\"bklyn_btn_6a09239cf0511\" class=\"bklyn-btn-holder  bklyn-btn-center bklyn-btn-tablet-center bklyn-btn-mobile-center\"><a title=\"Contacto\"   href=\"\/contacto\" target=\"_self\" class=\"bklyn-btn  bklyn-btn-icon-left bklyn-btn-normal\" ><i class=\"fa fa-envelope\"><\/i><span class=\"ut-btn-text\">M\u00e9s informaci\u00f3<\/span><\/a><\/div>[\/vc_column_inner][vc_column_inner width=&#8221;1\/3&#8243;][\/vc_column_inner][\/vc_row_inner][\/vc_column][\/vc_row]<\/p>\n<\/div>","protected":false},"excerpt":{"rendered":"<p>[vc_row css=&#8221;.vc_custom_1583596731269{margin-left: -50px !important;}&#8221;][vc_column][vc_column_text]Enrere[\/vc_column_text][\/vc_column][\/vc_row][vc_row][vc_column][vc_column_text] TRE-P &#038; TRE-Pi\u00fc \u00e9s una reconeguda firma internacional especialitzada en la producci\u00f3n i distribuci\u00f3n de portes d\u2019alta gamma. Des de la seva fundaci\u00f3, alguns dels dissenyadors m\u00e9s prestigiosos del m\u00f3n del disseny i l\u2019arquitectura han col\u00b7laborat amb les firmes, aportant innovaci\u00f3n, belleza i funcionalitat a cadascuna de les seves col\u00b7leccions. TRE-P [&hellip;]<\/p>\n","protected":false},"author":1,"featured_media":0,"parent":0,"menu_order":0,"comment_status":"closed","ping_status":"closed","template":"","meta":{"footnotes":""},"class_list":["post-53045","page","type-page","status-publish","hentry"],"aioseo_notices":[],"_links":{"self":[{"href":"https:\/\/www.mirsa.es\/ca\/wp-json\/wp\/v2\/pages\/53045","targetHints":{"allow":["GET"]}}],"collection":[{"href":"https:\/\/www.mirsa.es\/ca\/wp-json\/wp\/v2\/pages"}],"about":[{"href":"https:\/\/www.mirsa.es\/ca\/wp-json\/wp\/v2\/types\/page"}],"author":[{"embeddable":true,"href":"https:\/\/www.mirsa.es\/ca\/wp-json\/wp\/v2\/users\/1"}],"replies":[{"embeddable":true,"href":"https:\/\/www.mirsa.es\/ca\/wp-json\/wp\/v2\/comments?post=53045"}],"version-history":[{"count":0,"href":"https:\/\/www.mirsa.es\/ca\/wp-json\/wp\/v2\/pages\/53045\/revisions"}],"wp:attachment":[{"href":"https:\/\/www.mirsa.es\/ca\/wp-json\/wp\/v2\/media?parent=53045"}],"curies":[{"name":"wp","href":"https:\/\/api.w.org\/{rel}","templated":true}]}}