{"id":53040,"date":"2020-08-12T15:26:15","date_gmt":"2020-08-12T15:26:15","guid":{"rendered":"http:\/\/www.mirsa.es.mialias.net\/tramae-bb-italia\/"},"modified":"2021-03-20T09:24:06","modified_gmt":"2021-03-20T09:24:06","slug":"tramae-bb-italia","status":"publish","type":"page","link":"https:\/\/www.mirsa.es\/ca\/tramae-bb-italia\/","title":{"rendered":"Tramae B&#038;B Italia"},"content":{"rendered":"<div class=\"wpb-content-wrapper\"><p>[vc_row][vc_column][vc_column_text]<\/p>\n<p><img decoding=\"async\" class=\"wp-image-1077 size-large aligncenter\" title=\"Tramae B&#038;B Italia\" src=\"\/wp-content\/uploads\/2020\/08\/puf_tramae_bb_italia.jpg\" alt=\"Tramae B&#038;B Italia\" width=\"100%\" height=\"400\"\/><\/p>\n<h2 style=\"font-size: 16px; text-align: left;\"><strong>Tramae de la prestigiosa firma italiana B&#038;B Italia es la nova col\u00b7lecci\u00f3 de puffs outdoor patentada pel reconegut estudi de disseny i artesan\u00eda textil unPIZZO.<\/strong><\/h2>\n<p style=\"font-size: 16px; text-align: left;\">Amb aquesta nova col\u00b7lecci\u00f3, unPIZZO es consolida com una referencia al m\u00f3n del textil per a mobiliari, gr\u00e0cies als seus procesos de producci\u00f3n basats en t\u00e8cniques artesanals i complementats amb la tecnolog\u00eda m\u00e9s avan\u00e7ada.<\/p>\n<p style=\"font-size: 16px; text-align: left;\">Disponible en tres mides diferents, Tramae es caracteriza per la seva estructura hexagonal lleugerament curvil\u00ednea, que transmet una imatge elegant i confortable.<\/p>\n<p style=\"font-size: 16px; text-align: left;\">La superficie mostra una combinaci\u00f3n din\u00e1mica entre materials i colors que cobren vida a trav\u00e9s d\u2019un teixit exclusiu que reinterpreta la tradici\u00f3n d\u2019ecaixos en clau contempor\u00e1nea.<\/p>\n<p style=\"font-size: 16px; text-align: left;\">A MIRSA interiorisme &#038; mobiliari som distribu\u00efdors oficials B&#038;B Italia. Per a m\u00e9s informaci\u00f3, visiti el nostre Showroom o contacti amb nosaltres.\n<\/p>\n<p>[\/vc_column_text][vc_row_inner][vc_column_inner]<style type=\"text\/css\">#bklyn_btn_69d1584776027 .bklyn-btn { color:#ffffff !important; background-color:black !important; }<\/style><div id=\"bklyn_btn_69d1584776027\" class=\"bklyn-btn-holder  bklyn-btn-center bklyn-btn-tablet-center bklyn-btn-mobile-center\"><a title=\"Contacto\"   href=\"\/contacto\" target=\"_self\" class=\"bklyn-btn  bklyn-btn-icon-left bklyn-btn-normal\" ><i class=\"fa fa-envelope\"><\/i><span class=\"ut-btn-text\">M\u00e9s informaci\u00f3<\/span><\/a><\/div>[\/vc_column_inner][\/vc_row_inner][\/vc_column][\/vc_row]<\/p>\n<\/div>","protected":false},"excerpt":{"rendered":"<p>[vc_row][vc_column][vc_column_text] Tramae de la prestigiosa firma italiana B&#038;B Italia es la nova col\u00b7lecci\u00f3 de puffs outdoor patentada pel reconegut estudi de disseny i artesan\u00eda textil unPIZZO. Amb aquesta nova col\u00b7lecci\u00f3, unPIZZO es consolida com una referencia al m\u00f3n del textil per a mobiliari, gr\u00e0cies als seus procesos de producci\u00f3n basats en t\u00e8cniques artesanals i complementats [&hellip;]<\/p>\n","protected":false},"author":1,"featured_media":0,"parent":0,"menu_order":0,"comment_status":"closed","ping_status":"closed","template":"","meta":{"footnotes":""},"class_list":["post-53040","page","type-page","status-publish","hentry"],"aioseo_notices":[],"_links":{"self":[{"href":"https:\/\/www.mirsa.es\/ca\/wp-json\/wp\/v2\/pages\/53040","targetHints":{"allow":["GET"]}}],"collection":[{"href":"https:\/\/www.mirsa.es\/ca\/wp-json\/wp\/v2\/pages"}],"about":[{"href":"https:\/\/www.mirsa.es\/ca\/wp-json\/wp\/v2\/types\/page"}],"author":[{"embeddable":true,"href":"https:\/\/www.mirsa.es\/ca\/wp-json\/wp\/v2\/users\/1"}],"replies":[{"embeddable":true,"href":"https:\/\/www.mirsa.es\/ca\/wp-json\/wp\/v2\/comments?post=53040"}],"version-history":[{"count":0,"href":"https:\/\/www.mirsa.es\/ca\/wp-json\/wp\/v2\/pages\/53040\/revisions"}],"wp:attachment":[{"href":"https:\/\/www.mirsa.es\/ca\/wp-json\/wp\/v2\/media?parent=53040"}],"curies":[{"name":"wp","href":"https:\/\/api.w.org\/{rel}","templated":true}]}}