{"id":53035,"date":"2019-01-05T19:48:34","date_gmt":"2019-01-05T18:48:34","guid":{"rendered":"http:\/\/www.mirsa.es.mialias.net\/toshiyuki-kita-colecciones\/"},"modified":"2024-06-07T13:14:28","modified_gmt":"2024-06-07T13:14:28","slug":"toshiyuki-kita-colecciones","status":"publish","type":"page","link":"https:\/\/www.mirsa.es\/ca\/toshiyuki-kita-colecciones\/","title":{"rendered":"Toshiyuki Kita Col\u00b7leccions"},"content":{"rendered":"<div class=\"wpb-content-wrapper\"><p>[vc_section][vc_row full_width=&#8221;stretch_row_content&#8221;][vc_column][vc_column_text]<a href=\"javascript:history.go(-1)\" onmouseover=\"self.status=document.referrer;return true\" style=\"color: black;\">Enrere<\/a>[\/vc_column_text][\/vc_column][\/vc_row][vc_row full_width=&#8221;stretch_row_content&#8221; css=&#8221;.vc_custom_1589961005492{margin-top: -15px !important;}&#8221;][vc_column width=&#8221;1\/3&#8243;]<div  class=\"wpb_content_element   clearfix\"><style type=\"text\/css\">#ut_am_6a09239c01b8e { opacity: 1; }#ut_am_wrap_6a09239c01b8f { text-align: left; }@media (min-width: 768px) and (max-width: 1024px) { #ut_am_wrap_6a09239c01b8f { text-align: left !important; } }@media (max-width: 767px) { #ut_am_wrap_6a09239c01b8f { text-align: center !important; } }<\/style><div id=\"ut_am_wrap_6a09239c01b8f\" class=\"ut-image-gallery-image \"><div id=\"ut_reveal_6a09239c01b90\"  data-appear-top-offset=\"auto\" class=\"ut-animated-image-item ut-image-gallery-item ut-animation-done \"><a class=\"ut-deactivated-link\" href=\"#\"><div class=\"ut-animated-image-zoom\">\r\n        <div class=\"ut-element-glitch-wrap\">\r\n\r\n            \r\n        <style type=\"text\/css\">\r\n\r\n                        \r\n        @media (min-width: 1025px) {\r\n\r\n        #ut-element-glitch-6a09239c01bce322579927-30303 .ut-glitch-single-element {\r\n                                            \r\n                }\r\n        }\r\n\r\n        @media (min-width: 768px) and (max-width: 1024px) {\r\n\r\n        #ut-element-glitch-6a09239c01bce322579927-30303 .ut-glitch-single-element {\r\n                                                \r\n                    }\r\n        }\r\n\r\n        @media (max-width: 767px) {\r\n\r\n        #ut-element-glitch-6a09239c01bce322579927-30303 .ut-glitch-single-element {\r\n                                                \r\n                    }\r\n        }\r\n\r\n        \r\n        <\/style>\r\n\r\n        \r\n            <div id=\"ut-element-glitch-6a09239c01bce322579927-30303\" class=\" ut-element-glitch ut-glitch-none ut-element-glitch-permanent\">\r\n                <div class=\"ut-glitch-single-element ut-lozad skip-lazy\" data-background-image=\"https:\/\/www.mirsa.es\/wp-content\/uploads\/2020\/05\/Toshiyuki-Kita.jpg\"><\/div>\r\n                <div class=\"ut-glitch-single-element ut-lozad skip-lazy\" data-background-image=\"https:\/\/www.mirsa.es\/wp-content\/uploads\/2020\/05\/Toshiyuki-Kita.jpg\"><\/div>\r\n                <div class=\"ut-glitch-single-element ut-lozad skip-lazy\" data-background-image=\"https:\/\/www.mirsa.es\/wp-content\/uploads\/2020\/05\/Toshiyuki-Kita.jpg\"><\/div>\r\n                <div class=\"ut-glitch-single-element ut-lozad skip-lazy\" data-background-image=\"https:\/\/www.mirsa.es\/wp-content\/uploads\/2020\/05\/Toshiyuki-Kita.jpg\"><\/div>\r\n                <div class=\"ut-glitch-single-element ut-lozad skip-lazy\" data-background-image=\"https:\/\/www.mirsa.es\/wp-content\/uploads\/2020\/05\/Toshiyuki-Kita.jpg\"><\/div>\r\n            <\/div>\r\n\r\n        <\/div>\r\n\r\n        <img loading=\"lazy\" decoding=\"async\" class=\"ut-lazy skip-lazy ut-animated-image \"  id=\"ut_am_6a09239c01b8e\" src=\"data:image\/svg+xml;charset=utf-8,%3Csvg xmlns%3D'http%3A%2F%2Fwww.w3.org%2F2000%2Fsvg' viewBox%3D'0 0 600 600'%2F%3E\" data-src=\"https:\/\/www.mirsa.es\/wp-content\/uploads\/2020\/05\/Toshiyuki-Kita.jpg\" width=\"600\" height=\"600\" alt=\"\"\/><\/div><\/a><\/div><\/div><\/div>[\/vc_column][vc_column width=&#8221;2\/3&#8243;][vc_column_text]Toshiyuki Kita \u00e9s un prestigi\u00f3s dissenyador japon\u00e8s nascut a Osaka l&#8217;any 1942 reconegut internacionalment gr\u00e0cies al seu gran talent.<\/p>\n<p>Al 1964, Kita es gradua en disseny industrial a la prestigiosa Universitat de Naniwa. A partir de 1969 les seves obres comences a donar-se a con\u00e8ixer a It\u00e0lia i altres pa\u00efsos d&#8217;Europa, i de seguida es consolida com un referent internacional.<\/p>\n<p>Kita ha creat infinitat de productes per als fabricants m\u00e9s reconeguts del m\u00f3n, incloent-hi mobiliari, electrodom\u00e8stics i articles per a la llar.<\/p>\n<p>Moltes de les seves obres han estat exposades en alguns dels millors museus del m\u00f3n, com el Museu d&#8217;Art modern de Nova York, el Centre Georges Pompidou de Par\u00eds o el Pinakothek der Moderne de Munich.<\/p>\n<p>A MIRSA interiorisme &#038; mobiliari disposem d&#8217;una selecci\u00f3 de les millors peces de Toshiyuki Kita. Per a m\u00e9s informaci\u00f3, visiti el nostre Showroom o contacti amb nosaltres.<\/p>\n<p>[\/vc_column_text][\/vc_column][\/vc_row][vc_row full_width=&#8221;stretch_row_content_no_spaces&#8221; css=&#8221;.vc_custom_1589960397272{margin-top: -20px !important;}&#8221;][vc_column][vc_separator color=&#8221;custom&#8221; accent_color=&#8221;#c7c2ba&#8221;][\/vc_column][\/vc_row][\/vc_section]<\/p>\n<\/div>","protected":false},"excerpt":{"rendered":"<p>[vc_section][vc_row full_width=&#8221;stretch_row_content&#8221;][vc_column][vc_column_text]Enrere[\/vc_column_text][\/vc_column][\/vc_row][vc_row full_width=&#8221;stretch_row_content&#8221; css=&#8221;.vc_custom_1589961005492{margin-top: -15px !important;}&#8221;][vc_column width=&#8221;1\/3&#8243;][\/vc_column][vc_column width=&#8221;2\/3&#8243;][vc_column_text]Toshiyuki Kita \u00e9s un prestigi\u00f3s dissenyador japon\u00e8s nascut a Osaka l&#8217;any 1942 reconegut internacionalment gr\u00e0cies al seu gran talent. Al 1964, Kita es gradua en disseny industrial a la prestigiosa Universitat de Naniwa. A partir de 1969 les seves obres comences a donar-se a con\u00e8ixer a It\u00e0lia i [&hellip;]<\/p>\n","protected":false},"author":1,"featured_media":0,"parent":0,"menu_order":0,"comment_status":"closed","ping_status":"closed","template":"","meta":{"footnotes":""},"class_list":["post-53035","page","type-page","status-publish","hentry"],"aioseo_notices":[],"_links":{"self":[{"href":"https:\/\/www.mirsa.es\/ca\/wp-json\/wp\/v2\/pages\/53035","targetHints":{"allow":["GET"]}}],"collection":[{"href":"https:\/\/www.mirsa.es\/ca\/wp-json\/wp\/v2\/pages"}],"about":[{"href":"https:\/\/www.mirsa.es\/ca\/wp-json\/wp\/v2\/types\/page"}],"author":[{"embeddable":true,"href":"https:\/\/www.mirsa.es\/ca\/wp-json\/wp\/v2\/users\/1"}],"replies":[{"embeddable":true,"href":"https:\/\/www.mirsa.es\/ca\/wp-json\/wp\/v2\/comments?post=53035"}],"version-history":[{"count":0,"href":"https:\/\/www.mirsa.es\/ca\/wp-json\/wp\/v2\/pages\/53035\/revisions"}],"wp:attachment":[{"href":"https:\/\/www.mirsa.es\/ca\/wp-json\/wp\/v2\/media?parent=53035"}],"curies":[{"name":"wp","href":"https:\/\/api.w.org\/{rel}","templated":true}]}}