{"id":53030,"date":"2020-08-04T16:16:02","date_gmt":"2020-08-04T16:16:02","guid":{"rendered":"http:\/\/www.mirsa.es.mialias.net\/torre-lignea-riva-1920\/"},"modified":"2021-03-19T18:22:48","modified_gmt":"2021-03-19T18:22:48","slug":"torre-lignea-riva-1920","status":"publish","type":"page","link":"https:\/\/www.mirsa.es\/ca\/torre-lignea-riva-1920\/","title":{"rendered":"Torre Lignea Riva 1920"},"content":{"rendered":"<div class=\"wpb-content-wrapper\"><p>[vc_row css=&#8221;.vc_custom_1583596731269{margin-left: -50px !important;}&#8221;][vc_column][vc_column_text]<a href=\"javascript:history.go(-1)\" onmouseover=\"self.status=document.referrer;return true\" style=\"color: black;\">Enrere<\/a>[\/vc_column_text][\/vc_column][\/vc_row][vc_row][vc_column][vc_column_text]<\/p>\n<p><img decoding=\"async\" class=\"wp-image-1077 size-large aligncenter\" title=\"Torre Lignea Riva 1920\" src=\"\/wp-content\/uploads\/2020\/08\/torre_lignea_riva-1920.jpg\" alt=\"Torre Lignea Riva 1920\" width=\"100%\" height=\"400\"\/><\/p>\n<h2 style=\"font-size: 16px; text-align: left;\"><strong>Torre Lignea de la prestigiosa firma italiana Riva 1920 \u00e9s una elegant i exclusiva llibreria d\u2019estil contemporani patentada pel reconegut dissenyador Michele de Lucchi.<\/strong><\/h2>\n<p style=\"font-size: 16px; text-align: left;\">La llibreria es presenta en fusta massissa de cedre perfumat i est\u00e0 elaborada a partir d\u2019un \u00fanic bloc. La seva estructura es caracteritza per la seva columna amb diferents nivells, que habiliten compartiments per l\u2019emmagatzematge.<\/p>\n<p style=\"font-size: 16px; text-align: left;\">D\u2019altra banda, la base incorpora una placa girat\u00f2ria que facilita el seu \u00fas 360\u00ba. Es tracta d\u2019un producte realitzat amb fusta completament natural i processos de producci\u00f3 sostenible, sense cap mena de tractament qu\u00edmic.<\/p>\n<p style=\"font-size: 16px; text-align: left;\">A MIRSA interiorisme &#038; mobiliari som distribu\u00efdors oficials Riva 1920. Per a m\u00e9s informaci\u00f3, visiti el nostre Showroom o contacti amb nosaltres.<\/p>\n<p>[\/vc_column_text][vc_row_inner][vc_column_inner]<style type=\"text\/css\">#bklyn_btn_69d1a8b65cf00 .bklyn-btn { color:#ffffff !important; background-color:black !important; }<\/style><div id=\"bklyn_btn_69d1a8b65cf00\" class=\"bklyn-btn-holder  bklyn-btn-center bklyn-btn-tablet-center bklyn-btn-mobile-center\"><a title=\"Contacto\"   href=\"\/contacto\" target=\"_self\" class=\"bklyn-btn  bklyn-btn-icon-left bklyn-btn-normal\" ><i class=\"fa fa-envelope\"><\/i><span class=\"ut-btn-text\">M\u00e9s informaci\u00f3<\/span><\/a><\/div>[\/vc_column_inner][\/vc_row_inner][\/vc_column][\/vc_row]<\/p>\n<\/div>","protected":false},"excerpt":{"rendered":"<p>[vc_row css=&#8221;.vc_custom_1583596731269{margin-left: -50px !important;}&#8221;][vc_column][vc_column_text]Enrere[\/vc_column_text][\/vc_column][\/vc_row][vc_row][vc_column][vc_column_text] Torre Lignea de la prestigiosa firma italiana Riva 1920 \u00e9s una elegant i exclusiva llibreria d\u2019estil contemporani patentada pel reconegut dissenyador Michele de Lucchi. La llibreria es presenta en fusta massissa de cedre perfumat i est\u00e0 elaborada a partir d\u2019un \u00fanic bloc. La seva estructura es caracteritza per la seva columna [&hellip;]<\/p>\n","protected":false},"author":1,"featured_media":0,"parent":0,"menu_order":0,"comment_status":"closed","ping_status":"closed","template":"","meta":{"footnotes":""},"class_list":["post-53030","page","type-page","status-publish","hentry"],"aioseo_notices":[],"_links":{"self":[{"href":"https:\/\/www.mirsa.es\/ca\/wp-json\/wp\/v2\/pages\/53030","targetHints":{"allow":["GET"]}}],"collection":[{"href":"https:\/\/www.mirsa.es\/ca\/wp-json\/wp\/v2\/pages"}],"about":[{"href":"https:\/\/www.mirsa.es\/ca\/wp-json\/wp\/v2\/types\/page"}],"author":[{"embeddable":true,"href":"https:\/\/www.mirsa.es\/ca\/wp-json\/wp\/v2\/users\/1"}],"replies":[{"embeddable":true,"href":"https:\/\/www.mirsa.es\/ca\/wp-json\/wp\/v2\/comments?post=53030"}],"version-history":[{"count":0,"href":"https:\/\/www.mirsa.es\/ca\/wp-json\/wp\/v2\/pages\/53030\/revisions"}],"wp:attachment":[{"href":"https:\/\/www.mirsa.es\/ca\/wp-json\/wp\/v2\/media?parent=53030"}],"curies":[{"name":"wp","href":"https:\/\/api.w.org\/{rel}","templated":true}]}}