{"id":53006,"date":"2018-03-09T11:14:34","date_gmt":"2018-03-09T10:14:34","guid":{"rendered":"http:\/\/www.mirsa.es.mialias.net\/tom-dixon-muebles-iluminacion\/"},"modified":"2024-05-23T10:22:39","modified_gmt":"2024-05-23T10:22:39","slug":"tom-dixon-muebles-iluminacion","status":"publish","type":"page","link":"https:\/\/www.mirsa.es\/ca\/tom-dixon-muebles-iluminacion\/","title":{"rendered":"Tom Dixon mobles i il\u00b7luminaci\u00f3"},"content":{"rendered":"<div class=\"wpb-content-wrapper\"><p>[vc_row css=&#8221;.vc_custom_1583596731269{margin-left: -50px !important;}&#8221;][vc_column][vc_column_text]<a href=\"javascript:history.go(-1)\" onmouseover=\"self.status=document.referrer;return true\" style=\"color: black;\">Enrere<\/a>[\/vc_column_text][\/vc_column][\/vc_row][vc_row][vc_column][vc_column_text]<br \/>\n<img decoding=\"async\" class=\"wp-image-1077 size-large aligncenter\" title=\"Tom Dixon mobles i il\u00b7luminaci\u00f3\" src=\"\/wp-content\/uploads\/2020\/06\/tom_dixon_muebles_iluminacion.jpg\" alt=\"Tom Dixon mobles i il\u00b7luminaci\u00f3\" width=\"100%\" height=\"400\"\/><\/p>\n<h2 style=\"font-size: 16px; text-align: left;\"><strong>Tom Dixon va saltar a la fama als anys 80 gr\u00e0cies als seus projectes per a la firma italiana Capellini, que van causar gran admiraci\u00f3 entre arquitectes i dissenyadors.<\/strong><\/h2>\n<p style=\"font-size: 16px; text-align: left;\">Durant la d\u00e8cada del 90 el dissenyador exerceix com a director creatiu d\u2019Habitat, alternant la seva ocupaci\u00f3 amb altres projectes per a la seva empresa Eurolounge.<\/p>\n<p style=\"font-size: 16px; text-align: left;\">\u00c9s l\u2019any 2002 quan Tom Dixon decideix crear la seva firma personal, amb el seu propi nom. D\u2019aleshores en\u00e7\u00e0 la companyia s\u2019ha convertit en una aut\u00e8ntica refer\u00e8ncia de l\u2019interiorisme, destacant per les seves espectaculars col\u00b7leccions d\u2019il\u00b7luminaci\u00f3 i mobiliari.<\/p>\n<p style=\"font-size: 16px; text-align: left;\">A MIRSA interiorisme &#038; mobiliari som distribu\u00efdors oficials de mobles i accessoris Tom Dixon. Per a m\u00e9s informaci\u00f3, visiti la nostra exposici\u00f3 o contacti amb nosaltres.<\/p>\n<p>[\/vc_column_text][\/vc_column][\/vc_row]<\/p>\n<\/div>","protected":false},"excerpt":{"rendered":"<p>[vc_row css=&#8221;.vc_custom_1583596731269{margin-left: -50px !important;}&#8221;][vc_column][vc_column_text]Enrere[\/vc_column_text][\/vc_column][\/vc_row][vc_row][vc_column][vc_column_text] Tom Dixon va saltar a la fama als anys 80 gr\u00e0cies als seus projectes per a la firma italiana Capellini, que van causar gran admiraci\u00f3 entre arquitectes i dissenyadors. Durant la d\u00e8cada del 90 el dissenyador exerceix com a director creatiu d\u2019Habitat, alternant la seva ocupaci\u00f3 amb altres projectes per a [&hellip;]<\/p>\n","protected":false},"author":1,"featured_media":0,"parent":0,"menu_order":0,"comment_status":"closed","ping_status":"closed","template":"","meta":{"footnotes":""},"class_list":["post-53006","page","type-page","status-publish","hentry"],"aioseo_notices":[],"_links":{"self":[{"href":"https:\/\/www.mirsa.es\/ca\/wp-json\/wp\/v2\/pages\/53006","targetHints":{"allow":["GET"]}}],"collection":[{"href":"https:\/\/www.mirsa.es\/ca\/wp-json\/wp\/v2\/pages"}],"about":[{"href":"https:\/\/www.mirsa.es\/ca\/wp-json\/wp\/v2\/types\/page"}],"author":[{"embeddable":true,"href":"https:\/\/www.mirsa.es\/ca\/wp-json\/wp\/v2\/users\/1"}],"replies":[{"embeddable":true,"href":"https:\/\/www.mirsa.es\/ca\/wp-json\/wp\/v2\/comments?post=53006"}],"version-history":[{"count":0,"href":"https:\/\/www.mirsa.es\/ca\/wp-json\/wp\/v2\/pages\/53006\/revisions"}],"wp:attachment":[{"href":"https:\/\/www.mirsa.es\/ca\/wp-json\/wp\/v2\/media?parent=53006"}],"curies":[{"name":"wp","href":"https:\/\/api.w.org\/{rel}","templated":true}]}}