{"id":52997,"date":"2018-02-28T11:55:45","date_gmt":"2018-02-28T10:55:45","guid":{"rendered":"http:\/\/www.mirsa.es.mialias.net\/systemtronic-muebles\/"},"modified":"2024-05-23T08:39:59","modified_gmt":"2024-05-23T08:39:59","slug":"systemtronic-muebles","status":"publish","type":"page","link":"https:\/\/www.mirsa.es\/ca\/systemtronic-muebles\/","title":{"rendered":"Systemtronic Mobles"},"content":{"rendered":"<div class=\"wpb-content-wrapper\"><p>[vc_row][vc_column][vc_column_text]<a style=\"color:black;\" href=\"javascript:history.go(-1)\" onmouseover=\"self.status=document.referrer;return true\">Enrere<\/a>[\/vc_column_text][\/vc_column][\/vc_row][vc_row][vc_column][vc_column_text]<\/p>\n<p><img decoding=\"async\" class=\"wp-image-1077 size-large aligncenter\" title=\"Systemtronic Mobles\" src=\"\/wp-content\/uploads\/2020\/06\/systemtronic_portada.jpg\" alt=\"Systemtronic Mobles\" width=\"100%\" height=\"400\" \/><\/p>\n<h2 style=\"font-size: 16px; text-align: left;\"><strong>Systemtronic \u00e9s una reconeguda firma de mobles especialitzada en la fabricaci\u00f3 de taules, suports i tot tipus de mobiliari per a sistemes inform\u00e0tics.<\/strong><\/h2>\n<p style=\"font-size: 16px; text-align: left;\">La firma, amb m\u00e9s de 30 anys d\u2019experi\u00e8ncia en el sector, s\u2019ha consolidat com una de les millors opcions a l\u2019hora de moblar despatxos i oficines.<\/p>\n<p style=\"font-size: 16px; text-align: left;\">Les col\u00b7leccions de Systemtronic destaquen per la seva gran qualitat, garantint una llarga vida \u00fatil dels seus productes. La marca es caracteritza per l\u2019est\u00e8tica innovadora i contempor\u00e0nia de tots els seus productes.<\/p>\n<p style=\"font-size: 16px; text-align: left;\">A MIRSA interiorisme &amp; mobiliari som distribu\u00efdors oficials Systemtronic. Per a m\u00e9s informaci\u00f3, visiti el nostre Showroom o contacti amb nosaltres.<\/p>\n<p>[\/vc_column_text][\/vc_column][\/vc_row][vc_section][vc_row full_width=&#8221;stretch_row_content_no_spaces&#8221;][vc_column][vc_column_text]<iframe id=\"embedded-ads-iframe-website\" width=\"100%\" height=\"600\" data-originsrc=\"https:\/\/mirsa.daloom.com\/es\/productos\/mobiliario\/brand_systemtronic\"><\/iframe><br \/>\n<script defer src=\"https:\/\/mirsa.daloom.com\/js\/parent-embedded-script.min.js\"><\/script>[\/vc_column_text][\/vc_column][\/vc_row][\/vc_section]<\/p>\n<\/div>","protected":false},"excerpt":{"rendered":"<p>[vc_row][vc_column][vc_column_text]Enrere[\/vc_column_text][\/vc_column][\/vc_row][vc_row][vc_column][vc_column_text] Systemtronic \u00e9s una reconeguda firma de mobles especialitzada en la fabricaci\u00f3 de taules, suports i tot tipus de mobiliari per a sistemes inform\u00e0tics. La firma, amb m\u00e9s de 30 anys d\u2019experi\u00e8ncia en el sector, s\u2019ha consolidat com una de les millors opcions a l\u2019hora de moblar despatxos i oficines. Les col\u00b7leccions de Systemtronic destaquen [&hellip;]<\/p>\n","protected":false},"author":1,"featured_media":0,"parent":0,"menu_order":0,"comment_status":"closed","ping_status":"closed","template":"","meta":{"footnotes":""},"class_list":["post-52997","page","type-page","status-publish","hentry"],"aioseo_notices":[],"_links":{"self":[{"href":"https:\/\/www.mirsa.es\/ca\/wp-json\/wp\/v2\/pages\/52997","targetHints":{"allow":["GET"]}}],"collection":[{"href":"https:\/\/www.mirsa.es\/ca\/wp-json\/wp\/v2\/pages"}],"about":[{"href":"https:\/\/www.mirsa.es\/ca\/wp-json\/wp\/v2\/types\/page"}],"author":[{"embeddable":true,"href":"https:\/\/www.mirsa.es\/ca\/wp-json\/wp\/v2\/users\/1"}],"replies":[{"embeddable":true,"href":"https:\/\/www.mirsa.es\/ca\/wp-json\/wp\/v2\/comments?post=52997"}],"version-history":[{"count":0,"href":"https:\/\/www.mirsa.es\/ca\/wp-json\/wp\/v2\/pages\/52997\/revisions"}],"wp:attachment":[{"href":"https:\/\/www.mirsa.es\/ca\/wp-json\/wp\/v2\/media?parent=52997"}],"curies":[{"name":"wp","href":"https:\/\/api.w.org\/{rel}","templated":true}]}}