{"id":52859,"date":"2018-02-14T11:44:16","date_gmt":"2018-02-14T10:44:16","guid":{"rendered":"http:\/\/www.mirsa.es.mialias.net\/ethnicraft-muebles-diseno\/"},"modified":"2024-05-21T15:12:08","modified_gmt":"2024-05-21T15:12:08","slug":"ethnicraft-muebles-diseno","status":"publish","type":"page","link":"https:\/\/www.mirsa.es\/ca\/ethnicraft-muebles-diseno\/","title":{"rendered":"Ethnicraft mobles de disseny"},"content":{"rendered":"<div class=\"wpb-content-wrapper\"><p>[vc_row css=&#8221;.vc_custom_1583596731269{margin-left: -50px !important;}&#8221;][vc_column][vc_column_text]<a style=\"color:black;\" href=\"javascript:history.go(-1)\" onmouseover=\"self.status=document.referrer;return true\">Enrere<\/a>[\/vc_column_text][\/vc_column][\/vc_row][vc_row][vc_column][vc_column_text]<br \/>\n<img decoding=\"async\" class=\"wp-image-1077 size-large aligncenter\" title=\"Ethnicraft muebles de dise\u00f1o\" src=\"\/wp-content\/uploads\/2020\/06\/muebles_ethnicraft_portada.jpg\" alt=\"Ethnicraft muebles de dise\u00f1o\" width=\"100%\" height=\"400\" \/><\/p>\n<h2 style=\"font-size: 16px; text-align: left;\"><strong>Ethicraft \u00e9s una reconeguda firma de mobiliari de disseny que destaca per les seves col\u00b7leccions elegants i atemporals, que s\u2019adapten amb facilitat a tot tipus d\u2019espais.<\/strong><\/h2>\n<p style=\"font-size: 16px; text-align: left;\">La firma, amb m\u00e9s de 20 anys de traject\u00f2ria, es caracteritza per la gran qualitat dels seus productes, dissenyats mitjan\u00e7ant processos artesanals i fusta massissa. La gran qualitat de la fusta massissa d\u2019Ethnicraft ofereix una gran resist\u00e8ncia a cops i ratllades, el que li assegura una llarga vida \u00fatil al producte.<\/p>\n<p style=\"font-size: 16px; text-align: left;\">A MIRSA interiorisme &#038; mobiliari som distribu\u00efdors oficials Ethnicraft. Per a m\u00e9s informaci\u00f3, visiti el nostre Showroom o contacti amb nosaltres.<\/p>\n<p>[\/vc_column_text][\/vc_column][\/vc_row]<\/p>\n<\/div>","protected":false},"excerpt":{"rendered":"<p>[vc_row css=&#8221;.vc_custom_1583596731269{margin-left: -50px !important;}&#8221;][vc_column][vc_column_text]Enrere[\/vc_column_text][\/vc_column][\/vc_row][vc_row][vc_column][vc_column_text] Ethicraft \u00e9s una reconeguda firma de mobiliari de disseny que destaca per les seves col\u00b7leccions elegants i atemporals, que s\u2019adapten amb facilitat a tot tipus d\u2019espais. La firma, amb m\u00e9s de 20 anys de traject\u00f2ria, es caracteritza per la gran qualitat dels seus productes, dissenyats mitjan\u00e7ant processos artesanals i fusta massissa. [&hellip;]<\/p>\n","protected":false},"author":1,"featured_media":0,"parent":0,"menu_order":0,"comment_status":"closed","ping_status":"closed","template":"","meta":{"footnotes":""},"class_list":["post-52859","page","type-page","status-publish","hentry"],"aioseo_notices":[],"_links":{"self":[{"href":"https:\/\/www.mirsa.es\/ca\/wp-json\/wp\/v2\/pages\/52859","targetHints":{"allow":["GET"]}}],"collection":[{"href":"https:\/\/www.mirsa.es\/ca\/wp-json\/wp\/v2\/pages"}],"about":[{"href":"https:\/\/www.mirsa.es\/ca\/wp-json\/wp\/v2\/types\/page"}],"author":[{"embeddable":true,"href":"https:\/\/www.mirsa.es\/ca\/wp-json\/wp\/v2\/users\/1"}],"replies":[{"embeddable":true,"href":"https:\/\/www.mirsa.es\/ca\/wp-json\/wp\/v2\/comments?post=52859"}],"version-history":[{"count":0,"href":"https:\/\/www.mirsa.es\/ca\/wp-json\/wp\/v2\/pages\/52859\/revisions"}],"wp:attachment":[{"href":"https:\/\/www.mirsa.es\/ca\/wp-json\/wp\/v2\/media?parent=52859"}],"curies":[{"name":"wp","href":"https:\/\/api.w.org\/{rel}","templated":true}]}}